{"id":21373,"date":"2021-11-16T11:39:38","date_gmt":"2021-11-16T10:39:38","guid":{"rendered":"https:\/\/open2europe.com\/agentur-fuer-pressearbeit\/"},"modified":"2026-02-04T13:51:39","modified_gmt":"2026-02-04T12:51:39","slug":"agentur-fuer-pressearbeit","status":"publish","type":"page","link":"https:\/\/open2europe.com\/de\/agentur-fuer-pressearbeit\/","title":{"rendered":"Agentur f\u00fcr Pressearbeit"},"content":{"rendered":"<div class=\"et_pb_section_0 et_pb_section et_section_regular et_block_section\"><div class=\"et_pb_row_0 et_pb_row et_block_row\"><div class=\"et_pb_column_0 et_pb_column et_pb_column_4_4 et-last-child et_block_column et_pb_css_mix_blend_mode_passthrough\"><div class=\"et_pb_text_0 et_pb_text et_pb_bg_layout_light et_pb_module et_block_module\" id=\"home\"><div class=\"et_pb_text_inner\" data-et-mv-hidden-tablet=\"true\"><h1>Unabh\u00e4ngige Kommunikationsagentur, die auf Pressearbeit, Influencer und digitale Medien spezialisiert ist und in Frankreich sowie international t\u00e4tig ist.<\/h1>\n<\/div><\/div><div class=\"et_pb_module et_pb_button_module_wrapper et_pb_button_0_wrapper\"><a class=\"et_pb_button_0 et_pb_button et_pb_bg_layout_light et_pb_module et_block_module\" href=\"https:\/\/open2europe.com\/contact\/\">Kontaktieren Sie uns<\/a><\/div><\/div><\/div><div class=\"et_pb_row_1 et_pb_row et_block_row\"><div class=\"et_pb_column_1 et_pb_column et_pb_column_1_2 et_block_column et_pb_css_mix_blend_mode_passthrough\"><div class=\"et_pb_blurb_0 et_pb_blurb et_pb_bg_layout_light et_pb_text_align_left et_pb_blurb_position_top et_animated et_clickable et_pb_module et_block_module preset--module--divi-blurb--19854c88-357c-4cca-ae2b-d842f53f3e91\"><div class=\"et_pb_blurb_content\"><div class=\"et_pb_blurb_container\"><h2 class=\"et_pb_module_header\">Pressearbeit<\/h2><div class=\"et_pb_blurb_description\"><p>In unserer Agentur f\u00fcr Pressearbeit ist die PR das A und O Ihrer Kommunikationsstrategie, ganz gleich, welche Ziele Sie in Bezug auf Sichtbarkeit, Bekanntheitsgrad oder Ansehen verfolgen.<br \/>Unsere Aufgabe ist es, Ihre Botschaften zu definieren und Ihre Aussagen f\u00fcr Journalisten und Zielmedien (Online- und Offline-Presse, schriftlich oder audiovisuell, national oder regional, allgemein oder spezifisch) zu formulieren.<\/p>\n<\/div><\/div><\/div><\/div><div class=\"et_pb_blurb_1 et_pb_blurb et_pb_bg_layout_light et_pb_text_align_left et_pb_blurb_position_top et_animated et_clickable et_pb_module et_block_module preset--module--divi-blurb--19854c88-357c-4cca-ae2b-d842f53f3e91\"><div class=\"et_pb_blurb_content\"><div class=\"et_pb_blurb_container\"><h2 class=\"et_pb_module_header\">Brand Management<\/h2><div class=\"et_pb_blurb_description\"><p>Heutzutage verbreiten sich Informationen mit Lichtgeschwindigkeit. Open2Europe \u00fcbernimmt die Analyse und das Management Ihres Markenimages. Dabei soll die Kommunikationsstrategie verschiedene Zielgruppen ansprechen.<\/p>\n<\/div><\/div><\/div><\/div><div class=\"et_pb_blurb_2 et_pb_blurb et_pb_bg_layout_light et_pb_text_align_left et_pb_blurb_position_top et_animated et_clickable et_pb_module et_block_module preset--module--divi-blurb--19854c88-357c-4cca-ae2b-d842f53f3e91\"><div class=\"et_pb_blurb_content\"><div class=\"et_pb_blurb_container\"><h2 class=\"et_pb_module_header\">Inhalt<\/h2><div class=\"et_pb_blurb_description\"><p>Open2Europe bietet die richtigen Inhalte zur richtigen Zeit.<br \/>Brand Content mit hohem Mehrwert, die in der Lage sind, Ihre Marke zu st\u00e4rken und Ihre Erfolgsgeschichte zu erz\u00e4hlen.<\/p>\n<\/div><\/div><\/div><\/div><\/div><div class=\"et_pb_column_2 et_pb_column et_pb_column_1_2 et-last-child et_block_column et_pb_css_mix_blend_mode_passthrough\"><div class=\"et_pb_blurb_3 et_pb_blurb et_pb_bg_layout_light et_pb_text_align_left et_pb_blurb_position_top et_animated et_clickable et_pb_module et_block_module preset--module--divi-blurb--19854c88-357c-4cca-ae2b-d842f53f3e91\"><div class=\"et_pb_blurb_content\"><div class=\"et_pb_blurb_container\"><h2 class=\"et_pb_module_header\">Digital<\/h2><div class=\"et_pb_blurb_description\"><p>Soziale Netzwerke (Facebook, Instagram, Twitter, LinkedIn...) sind heute unentbehrliche Kommunikationsplattformen f\u00fcr Marken und deren E-Reputation.<br \/>Unsere Aufgabe ist es, Sie bei Ihrer Social-Media-Strategie zu begleiten. Wir bereiten spannenden Content f\u00fcr Ihre Community vor und beleben somit Ihre sozialen Netzwerke.<\/p>\n<\/div><\/div><\/div><\/div><div class=\"et_pb_blurb_4 et_pb_blurb et_pb_bg_layout_light et_pb_text_align_left et_pb_blurb_position_top et_animated et_clickable et_pb_module et_block_module preset--module--divi-blurb--19854c88-357c-4cca-ae2b-d842f53f3e91\"><div class=\"et_pb_blurb_content\"><div class=\"et_pb_blurb_container\"><h2 class=\"et_pb_module_header\">Influencer Beziehungen <\/h2><div class=\"et_pb_blurb_description\"><p>Influencer sind heutzutage unverzichtbare Trendsetter und sollten Teil Ihrer Kommunikationsstrategie sein.<br \/>Unsere Aufgabe ist es, Sie zu beraten, die passenden Influencer auszuw\u00e4hlen und zu mobilisieren. Ziel dabei bleibt stets, die Bekanntheit Ihrer Marke zu f\u00f6rdern.<\/p>\n<\/div><\/div><\/div><\/div><div class=\"et_pb_blurb_5 et_pb_blurb et_pb_bg_layout_light et_pb_text_align_left et_pb_blurb_position_top et_animated et_clickable et_pb_module et_block_module preset--module--divi-blurb--19854c88-357c-4cca-ae2b-d842f53f3e91\"><div class=\"et_pb_blurb_content\"><div class=\"et_pb_blurb_container\"><h2 class=\"et_pb_module_header\">Social Listening<\/h2><div class=\"et_pb_blurb_description\"><p>Social Listening erm\u00f6glicht es einer Organisation, den \u00dcberblick \u00fcber alles zu behalten, was in den verschiedenen sozialen Medien (soziale Netzwerke, Blogs, Foren usw.) \u00fcber sie zirkuliert.<br \/>Unsere Aufgabe: Daten erfassen, analysieren und vergleichen. So soll Ihr Ruf auf den sozialen Medien verbessert und gleichzeitig die Bed\u00fcrfnisse Ihrer Kunden erf\u00fcllt werden.<\/p>\n<\/div><\/div><\/div><\/div><\/div><\/div><div class=\"et_pb_row_2 et_pb_row et_block_row\"><div class=\"et_pb_column_3 et_pb_column et_pb_column_4_4 et-last-child et_block_column et_pb_css_mix_blend_mode_passthrough\"><div class=\"et_pb_text_1 et_pb_text et_pb_bg_layout_light et_pb_module et_block_module\"><div class=\"et_pb_text_inner\"><h3 style=\"text-align: center\">Sie vertrauen uns<\/h3>\n<\/div><\/div><\/div><\/div><div class=\"et_pb_row_3 et_pb_row et_pb_row_5col et_block_row et_block_row_5col\"><div class=\"et_pb_column_4 et_pb_column et_pb_column_1_5 et_block_column et_pb_css_mix_blend_mode_passthrough\"><div class=\"et_pb_image_0 et_pb_image et_animated et_pb_module et_block_module\"><span class=\"et_pb_image_wrap\"><img decoding=\"async\" src=\"https:\/\/open2europe.com\/wp-content\/uploads\/2021\/06\/logitech_560_300.png\" width=\"560\" height=\"300\" srcset=\"https:\/\/open2europe.com\/wp-content\/uploads\/2021\/06\/logitech_560_300.png 560w, https:\/\/open2europe.com\/wp-content\/uploads\/2021\/06\/logitech_560_300-480x257.png 480w\" sizes=\"(min-width: 0px) and (max-width: 480px) 480px, (min-width: 481px) 560px, 100vw\" class=\"wp-image-19067\" title=\"logitech_560_300\" \/><\/span><\/div><div class=\"et_pb_image_1 et_pb_image et_animated et_pb_module et_block_module\"><span class=\"et_pb_image_wrap\"><img decoding=\"async\" src=\"https:\/\/open2europe.com\/wp-content\/uploads\/2021\/06\/volotea_560_300.png\" width=\"560\" height=\"300\" srcset=\"https:\/\/open2europe.com\/wp-content\/uploads\/2021\/06\/volotea_560_300.png 560w, https:\/\/open2europe.com\/wp-content\/uploads\/2021\/06\/volotea_560_300-480x257.png 480w\" sizes=\"(min-width: 0px) and (max-width: 480px) 480px, (min-width: 481px) 560px, 100vw\" class=\"wp-image-19071\" title=\"volotea_560_300\" \/><\/span><\/div><div class=\"et_pb_image_2 et_pb_image et_animated et_pb_module et_block_module\"><span class=\"et_pb_image_wrap\"><img decoding=\"async\" src=\"https:\/\/open2europe.com\/wp-content\/uploads\/2021\/06\/free2movi_560_300.png\" width=\"560\" height=\"300\" srcset=\"https:\/\/open2europe.com\/wp-content\/uploads\/2021\/06\/free2movi_560_300.png 560w, https:\/\/open2europe.com\/wp-content\/uploads\/2021\/06\/free2movi_560_300-480x257.png 480w\" sizes=\"(min-width: 0px) and (max-width: 480px) 480px, (min-width: 481px) 560px, 100vw\" class=\"wp-image-19063\" title=\"free2movi_560_300\" \/><\/span><\/div><\/div><div class=\"et_pb_column_5 et_pb_column et_pb_column_1_5 et_block_column et_pb_css_mix_blend_mode_passthrough\"><div class=\"et_pb_image_3 et_pb_image et_animated et_pb_module et_block_module\"><span class=\"et_pb_image_wrap\"><img decoding=\"async\" src=\"https:\/\/open2europe.com\/wp-content\/uploads\/2021\/06\/BW_560_300.png\" width=\"560\" height=\"300\" srcset=\"https:\/\/open2europe.com\/wp-content\/uploads\/2021\/06\/BW_560_300.png 560w, https:\/\/open2europe.com\/wp-content\/uploads\/2021\/06\/BW_560_300-480x257.png 480w\" sizes=\"(min-width: 0px) and (max-width: 480px) 480px, (min-width: 481px) 560px, 100vw\" class=\"wp-image-19058\" title=\"BW_560_300\" \/><\/span><\/div><div class=\"et_pb_image_4 et_pb_image et_animated et_pb_module et_block_module\"><span class=\"et_pb_image_wrap\"><img decoding=\"async\" src=\"https:\/\/open2europe.com\/wp-content\/uploads\/2021\/06\/qatar_560_300.png\" width=\"560\" height=\"300\" srcset=\"https:\/\/open2europe.com\/wp-content\/uploads\/2021\/06\/qatar_560_300.png 560w, https:\/\/open2europe.com\/wp-content\/uploads\/2021\/06\/qatar_560_300-480x257.png 480w\" sizes=\"(min-width: 0px) and (max-width: 480px) 480px, (min-width: 481px) 560px, 100vw\" class=\"wp-image-19069\" title=\"qatar_560_300\" \/><\/span><\/div><div class=\"et_pb_image_5 et_pb_image et_animated et_pb_module et_block_module\"><span class=\"et_pb_image_wrap\"><img decoding=\"async\" src=\"https:\/\/open2europe.com\/wp-content\/uploads\/2021\/06\/fraikin_560_300.png\" width=\"560\" height=\"300\" srcset=\"https:\/\/open2europe.com\/wp-content\/uploads\/2021\/06\/fraikin_560_300.png 560w, https:\/\/open2europe.com\/wp-content\/uploads\/2021\/06\/fraikin_560_300-480x257.png 480w\" sizes=\"(min-width: 0px) and (max-width: 480px) 480px, (min-width: 481px) 560px, 100vw\" class=\"wp-image-19062\" title=\"fraikin_560_300\" \/><\/span><\/div><div class=\"et_pb_image_6 et_pb_image et_animated et_pb_module et_block_module\"><span class=\"et_pb_image_wrap\"><img decoding=\"async\" src=\"https:\/\/open2europe.com\/wp-content\/uploads\/2021\/06\/blackberry_560_300.png\" width=\"560\" height=\"300\" srcset=\"https:\/\/open2europe.com\/wp-content\/uploads\/2021\/06\/blackberry_560_300.png 560w, https:\/\/open2europe.com\/wp-content\/uploads\/2021\/06\/blackberry_560_300-480x257.png 480w\" sizes=\"(min-width: 0px) and (max-width: 480px) 480px, (min-width: 481px) 560px, 100vw\" class=\"wp-image-19056\" title=\"blackberry_560_300\" \/><\/span><\/div><\/div><div class=\"et_pb_column_6 et_pb_column et_pb_column_1_5 et_block_column et_pb_css_mix_blend_mode_passthrough\"><div class=\"et_pb_image_7 et_pb_image et_animated et_pb_module et_block_module\"><span class=\"et_pb_image_wrap\"><img decoding=\"async\" src=\"https:\/\/open2europe.com\/wp-content\/uploads\/2021\/06\/eric_bompard_560_300.png\" width=\"560\" height=\"300\" srcset=\"https:\/\/open2europe.com\/wp-content\/uploads\/2021\/06\/eric_bompard_560_300.png 560w, https:\/\/open2europe.com\/wp-content\/uploads\/2021\/06\/eric_bompard_560_300-480x257.png 480w\" sizes=\"(min-width: 0px) and (max-width: 480px) 480px, (min-width: 481px) 560px, 100vw\" class=\"wp-image-19059\" title=\"eric_bompard_560_300\" \/><\/span><\/div><div class=\"et_pb_image_8 et_pb_image et_animated et_pb_module et_block_module\"><span class=\"et_pb_image_wrap\"><img decoding=\"async\" src=\"https:\/\/open2europe.com\/wp-content\/uploads\/2021\/06\/PNY_560_300.png\" width=\"560\" height=\"300\" srcset=\"https:\/\/open2europe.com\/wp-content\/uploads\/2021\/06\/PNY_560_300.png 560w, https:\/\/open2europe.com\/wp-content\/uploads\/2021\/06\/PNY_560_300-480x257.png 480w\" sizes=\"(min-width: 0px) and (max-width: 480px) 480px, (min-width: 481px) 560px, 100vw\" class=\"wp-image-19068\" title=\"PNY_560_300\" \/><\/span><\/div><div class=\"et_pb_image_9 et_pb_image et_animated et_pb_module et_block_module\"><span class=\"et_pb_image_wrap\"><img decoding=\"async\" src=\"https:\/\/open2europe.com\/wp-content\/uploads\/2021\/06\/lidl_560_300.png\" width=\"560\" height=\"300\" srcset=\"https:\/\/open2europe.com\/wp-content\/uploads\/2021\/06\/lidl_560_300.png 560w, https:\/\/open2europe.com\/wp-content\/uploads\/2021\/06\/lidl_560_300-480x257.png 480w\" sizes=\"(min-width: 0px) and (max-width: 480px) 480px, (min-width: 481px) 560px, 100vw\" class=\"wp-image-19066\" title=\"lidl_560_300\" \/><\/span><\/div><div class=\"et_pb_image_10 et_pb_image et_animated et_pb_module et_block_module\"><span class=\"et_pb_image_wrap\"><img decoding=\"async\" src=\"https:\/\/open2europe.com\/wp-content\/uploads\/2021\/06\/bioplanere_560_300.png\" width=\"560\" height=\"300\" srcset=\"https:\/\/open2europe.com\/wp-content\/uploads\/2021\/06\/bioplanere_560_300.png 560w, https:\/\/open2europe.com\/wp-content\/uploads\/2021\/06\/bioplanere_560_300-480x257.png 480w\" sizes=\"(min-width: 0px) and (max-width: 480px) 480px, (min-width: 481px) 560px, 100vw\" class=\"wp-image-19055\" title=\"bioplanere_560_300\" \/><\/span><\/div><\/div><div class=\"et_pb_column_7 et_pb_column et_pb_column_1_5 et_block_column et_pb_css_mix_blend_mode_passthrough\"><div class=\"et_pb_image_11 et_pb_image et_animated et_pb_module et_block_module\"><span class=\"et_pb_image_wrap\"><img decoding=\"async\" src=\"https:\/\/open2europe.com\/wp-content\/uploads\/2021\/06\/wellbox_560_300.png\" width=\"560\" height=\"300\" srcset=\"https:\/\/open2europe.com\/wp-content\/uploads\/2021\/06\/wellbox_560_300.png 560w, https:\/\/open2europe.com\/wp-content\/uploads\/2021\/06\/wellbox_560_300-480x257.png 480w\" sizes=\"(min-width: 0px) and (max-width: 480px) 480px, (min-width: 481px) 560px, 100vw\" class=\"wp-image-19072\" title=\"wellbox_560_300\" \/><\/span><\/div><div class=\"et_pb_image_12 et_pb_image et_animated et_pb_module et_block_module\"><span class=\"et_pb_image_wrap\"><img decoding=\"async\" src=\"https:\/\/open2europe.com\/wp-content\/uploads\/2021\/06\/fitness_park_560_300.png\" width=\"560\" height=\"300\" srcset=\"https:\/\/open2europe.com\/wp-content\/uploads\/2021\/06\/fitness_park_560_300.png 560w, https:\/\/open2europe.com\/wp-content\/uploads\/2021\/06\/fitness_park_560_300-480x257.png 480w\" sizes=\"(min-width: 0px) and (max-width: 480px) 480px, (min-width: 481px) 560px, 100vw\" class=\"wp-image-19061\" title=\"fitness_park_560_300\" \/><\/span><\/div><div class=\"et_pb_image_13 et_pb_image et_animated et_pb_module et_block_module\"><span class=\"et_pb_image_wrap\"><img decoding=\"async\" src=\"https:\/\/open2europe.com\/wp-content\/uploads\/2021\/06\/lareunion_560_300.png\" width=\"560\" height=\"300\" srcset=\"https:\/\/open2europe.com\/wp-content\/uploads\/2021\/06\/lareunion_560_300.png 560w, https:\/\/open2europe.com\/wp-content\/uploads\/2021\/06\/lareunion_560_300-480x257.png 480w\" sizes=\"(min-width: 0px) and (max-width: 480px) 480px, (min-width: 481px) 560px, 100vw\" class=\"wp-image-19065\" title=\"lareunion_560_300\" \/><\/span><\/div><div class=\"et_pb_image_14 et_pb_image et_animated et_pb_module et_block_module\"><span class=\"et_pb_image_wrap\"><img decoding=\"async\" src=\"https:\/\/open2europe.com\/wp-content\/uploads\/2021\/06\/blue_lib_560_300.png\" width=\"560\" height=\"300\" srcset=\"https:\/\/open2europe.com\/wp-content\/uploads\/2021\/06\/blue_lib_560_300.png 560w, https:\/\/open2europe.com\/wp-content\/uploads\/2021\/06\/blue_lib_560_300-480x257.png 480w\" sizes=\"(min-width: 0px) and (max-width: 480px) 480px, (min-width: 481px) 560px, 100vw\" class=\"wp-image-19057\" title=\"blue_lib_560_300\" \/><\/span><\/div><\/div><div class=\"et_pb_column_8 et_pb_column et_pb_column_1_5 et-last-child et_block_column et_pb_css_mix_blend_mode_passthrough\"><div class=\"et_pb_image_15 et_pb_image et_animated et_pb_module et_block_module\"><span class=\"et_pb_image_wrap\"><img decoding=\"async\" src=\"https:\/\/open2europe.com\/wp-content\/uploads\/2021\/06\/haier_560_300.png\" width=\"560\" height=\"300\" srcset=\"https:\/\/open2europe.com\/wp-content\/uploads\/2021\/06\/haier_560_300.png 560w, https:\/\/open2europe.com\/wp-content\/uploads\/2021\/06\/haier_560_300-480x257.png 480w\" sizes=\"(min-width: 0px) and (max-width: 480px) 480px, (min-width: 481px) 560px, 100vw\" class=\"wp-image-19064\" title=\"haier_560_300\" \/><\/span><\/div><div class=\"et_pb_image_16 et_pb_image et_animated et_pb_module et_block_module\"><span class=\"et_pb_image_wrap\"><img decoding=\"async\" src=\"https:\/\/open2europe.com\/wp-content\/uploads\/2021\/06\/terraillon_560_300.png\" width=\"560\" height=\"300\" srcset=\"https:\/\/open2europe.com\/wp-content\/uploads\/2021\/06\/terraillon_560_300.png 560w, https:\/\/open2europe.com\/wp-content\/uploads\/2021\/06\/terraillon_560_300-480x257.png 480w\" sizes=\"(min-width: 0px) and (max-width: 480px) 480px, (min-width: 481px) 560px, 100vw\" class=\"wp-image-19070\" title=\"terraillon_560_300\" \/><\/span><\/div><div class=\"et_pb_image_17 et_pb_image et_animated et_pb_module et_block_module\"><span class=\"et_pb_image_wrap\"><img decoding=\"async\" src=\"https:\/\/open2europe.com\/wp-content\/uploads\/2021\/06\/escp_560_300.png\" width=\"560\" height=\"300\" srcset=\"https:\/\/open2europe.com\/wp-content\/uploads\/2021\/06\/escp_560_300.png 560w, https:\/\/open2europe.com\/wp-content\/uploads\/2021\/06\/escp_560_300-480x257.png 480w\" sizes=\"(min-width: 0px) and (max-width: 480px) 480px, (min-width: 481px) 560px, 100vw\" class=\"wp-image-19060\" title=\"escp_560_300\" \/><\/span><\/div><\/div><\/div><\/div>","protected":false},"excerpt":{"rendered":"<p>Open2Europe ist eine unabh\u00e4ngige Kommunikationsagenur, die auf Pressearbeit, Influencer und digitale Beziehungen spezialisiert ist und mit Unternehmen in Frankreich und ganz Europa zusammenarbeitet.<\/p>\n","protected":false},"author":1,"featured_media":0,"parent":0,"menu_order":0,"comment_status":"closed","ping_status":"closed","template":"","meta":{"_acf_changed":false,"content-type":"","footnotes":""},"class_list":["post-21373","page","type-page","status-publish","hentry"],"acf":[],"aioseo_notices":[],"_links":{"self":[{"href":"https:\/\/open2europe.com\/de\/wp-json\/wp\/v2\/pages\/21373","targetHints":{"allow":["GET"]}}],"collection":[{"href":"https:\/\/open2europe.com\/de\/wp-json\/wp\/v2\/pages"}],"about":[{"href":"https:\/\/open2europe.com\/de\/wp-json\/wp\/v2\/types\/page"}],"author":[{"embeddable":true,"href":"https:\/\/open2europe.com\/de\/wp-json\/wp\/v2\/users\/1"}],"replies":[{"embeddable":true,"href":"https:\/\/open2europe.com\/de\/wp-json\/wp\/v2\/comments?post=21373"}],"version-history":[{"count":22,"href":"https:\/\/open2europe.com\/de\/wp-json\/wp\/v2\/pages\/21373\/revisions"}],"predecessor-version":[{"id":31577,"href":"https:\/\/open2europe.com\/de\/wp-json\/wp\/v2\/pages\/21373\/revisions\/31577"}],"wp:attachment":[{"href":"https:\/\/open2europe.com\/de\/wp-json\/wp\/v2\/media?parent=21373"}],"curies":[{"name":"wp","href":"https:\/\/api.w.org\/{rel}","templated":true}]}}