{"id":21439,"date":"2021-11-18T14:38:03","date_gmt":"2021-11-18T13:38:03","guid":{"rendered":"https:\/\/open2europe.com\/agentur-fuer-pressearbeit-2\/"},"modified":"2025-04-02T12:28:17","modified_gmt":"2025-04-02T10:28:17","slug":"agentur-fuer-pressearbeit-2","status":"publish","type":"page","link":"https:\/\/open2europe.com\/de\/agentur-fuer-pressearbeit-2\/","title":{"rendered":"Agentur f\u00fcr Pressearbeit"},"content":{"rendered":"\n<p>Unsere Agentur f\u00fcr Pressebeziehungen <a href=\"https:\/\/open2europe.com\/de\/\" title=\"Open2Europe\">Open2Europe<\/a> setzt eine effiziente Strategie f\u00fcr Pressebeziehungen ein. Dadurch wird die Bekanntheit und Sichtbarkeit Ihres Unternehmens gef\u00f6rdert.<\/p>\n\n\n\n<p>Pressearbeit ist unerl\u00e4sslich, da sie eine dauerhafte Verbindung zwischen Ihrem Unternehmen und den Journalisten herstellt und aufrechterh\u00e4lt. Nat\u00fcrlich darf Pressearbeit nicht mit Werbung verwechselt werden; ein redaktioneller Beitrag ist viel wertvoller, da der Journalist f\u00fcr die vermittelte Information b\u00fcrgt.<\/p>\n\n\n\n<p>Unser internationales Team arbeitet mit allen Medien zusammen (Printmedien, audiovisuelle Medien, On- und Offlinemedien) und in verschiedenen Kategorien: Fach- und Berufspresse, allgemeine Publikumspresse oder Themenpresse.<\/p>\n\n\n\n<p>Unsere Aufgabe: zu interessieren, zu \u00fcberzeugen und den Journalisten Inhalte mit Mehrwert \u00fcber Ihr Unternehmen, Ihre Marken und Produkte zu vermitteln um Sie somit als Marktleader zu positionieren.<\/p>\n\n\n\n<p>&nbsp;<\/p>\n","protected":false},"excerpt":{"rendered":"<p>Unsere Agentur f\u00fcr Pressebeziehungen Open2Europe setzt eine effiziente Strategie f\u00fcr Pressebeziehungen ein. Dadurch wird die Bekanntheit und Sichtbarkeit Ihres Unternehmens gef\u00f6rdert.<\/p>\n","protected":false},"author":1,"featured_media":0,"parent":0,"menu_order":0,"comment_status":"closed","ping_status":"closed","template":"","meta":{"_acf_changed":false,"content-type":"","footnotes":""},"class_list":["post-21439","page","type-page","status-publish","hentry"],"acf":[],"aioseo_notices":[],"_links":{"self":[{"href":"https:\/\/open2europe.com\/de\/wp-json\/wp\/v2\/pages\/21439","targetHints":{"allow":["GET"]}}],"collection":[{"href":"https:\/\/open2europe.com\/de\/wp-json\/wp\/v2\/pages"}],"about":[{"href":"https:\/\/open2europe.com\/de\/wp-json\/wp\/v2\/types\/page"}],"author":[{"embeddable":true,"href":"https:\/\/open2europe.com\/de\/wp-json\/wp\/v2\/users\/1"}],"replies":[{"embeddable":true,"href":"https:\/\/open2europe.com\/de\/wp-json\/wp\/v2\/comments?post=21439"}],"version-history":[{"count":13,"href":"https:\/\/open2europe.com\/de\/wp-json\/wp\/v2\/pages\/21439\/revisions"}],"predecessor-version":[{"id":30190,"href":"https:\/\/open2europe.com\/de\/wp-json\/wp\/v2\/pages\/21439\/revisions\/30190"}],"wp:attachment":[{"href":"https:\/\/open2europe.com\/de\/wp-json\/wp\/v2\/media?parent=21439"}],"curies":[{"name":"wp","href":"https:\/\/api.w.org\/{rel}","templated":true}]}}