{"id":21782,"date":"2021-11-19T15:26:04","date_gmt":"2021-11-19T14:26:04","guid":{"rendered":"https:\/\/open2europe.com\/community-management-agency-in-north-america\/"},"modified":"2022-11-15T15:06:22","modified_gmt":"2022-11-15T14:06:22","slug":"community-management-agency-in-north-america","status":"publish","type":"page","link":"https:\/\/open2europe.com\/en\/community-management-agency-in-north-america\/","title":{"rendered":"Community Management Agency in North America"},"content":{"rendered":"<div class=\"et_d4_element et_pb_section et_pb_section_0  et_pb_css_mix_blend_mode et_section_regular et_block_section\" >\n\t\t\t\t\n\t\t\t\t\n\t\t\t\t\n\t\t\t\t\n\t\t\t\t\n\t\t\t\t\n\t\t\t\t<div class=\"et_d4_element et_pb_row et_pb_row_0  et_pb_css_mix_blend_mode et_block_row\">\n\t\t\t\t<div class=\"et_d4_element et_pb_column_4_4 et_pb_column et_pb_column_0  et_pb_css_mix_blend_mode et-last-child et_block_column\">\n\t\t\t\t\n\t\t\t\t\n\t\t\t\t\n\t\t\t\t\n\t\t\t\t<div class=\"et_pb_module et_d4_element et_pb_text et_pb_text_0  et_pb_text_align_left et_pb_bg_layout_light\">\n\t\t\t\t\n\t\t\t\t\n\t\t\t\t\n\t\t\t\t\n\t\t\t\t<div class=\"et_pb_text_inner\"><p>Created in 2006, <a href=\"https:\/\/open2america.com\/\" target=\"_blank\" rel=\"noopener noreferrer\">Open2America<\/a>aims to support European and Asian organisations wishing to develop their visibility in the United States, Canada and Mexico. Made up of Canadian and American community managers, <a href=\"https:\/\/open2america.com\/\" target=\"_blank\" rel=\"noopener noreferrer\">Open2America<\/a>brings real expertise in these markets, and acts as a liaison with our head office, Open2Europe. <a href=\"https:\/\/open2america.com\/\" target=\"_blank\" rel=\"noopener noreferrer\">Open2America<\/a>also assists Canadian and American clients with their media and influencer relations campaigns in local markets. locaux.<\/p>\n<p>Brand or product launch, promotion of a know-how or a territory, highlighting of a technological innovation, organisation of speeches by executives, accompaniment of an institutional delegation... the<a href=\"https:\/\/open2america.com\/\" target=\"_blank\" rel=\"noopener noreferrer\">Open2America<\/a>team will be able to conceive and deploy on and off-line influence strategies that are adapted and efficient to reinforce your reputation with your target audiences (consumers, influencers and other influential stakeholders). It also takes over all the international trade shows based in the United States (from New York to Las Vegas via Washington, Chicago, Dallas and Los Angeles).<\/p><\/div>\n\t\t\t<\/div>\n\t\t\t<\/div>\n\t\t\t\t\n\t\t\t\t\n\t\t\t\t\n\t\t\t\t\n\t\t\t<\/div>\n\t\t\t\t\n\t\t\t\t\n\t\t\t<\/div>\n","protected":false},"excerpt":{"rendered":"<p>A Community Management Agency in North America<\/p>\n","protected":false},"author":6,"featured_media":0,"parent":0,"menu_order":0,"comment_status":"closed","ping_status":"closed","template":"","meta":{"_acf_changed":false,"content-type":"","_et_pb_use_builder":"off","_et_pb_old_content":"[vc_row full_width=\"stretch_row_content_no_spaces\" equal_height=\"yes\" video_overlay_color=\"rgba(10,10,10,0.27)\" css=\".vc_custom_1580831706990{background-position: center !important;background-repeat: no-repeat !important;background-size: cover !important;}\"][vc_column width=\"1\/2\" css=\".vc_custom_1583243440187{background-image: url(https:\/\/open2communications.com\/wp-content\/uploads\/2020\/02\/03_Expertises_Secteur_Mode.png?id=17679) !important;background-position: center !important;background-repeat: no-repeat !important;background-size: cover !important;}\"][\/vc_column][vc_column width=\"1\/2\" css=\".vc_custom_1582018534353{padding-right: 10% !important;padding-bottom: 3% !important;padding-left: 10% !important;}\"][vc_custom_heading source=\"post_title\" font_container=\"tag:h1|font_size:38|text_align:left|color:%233a3a3a\" use_theme_fonts=\"yes\" css_animation=\"left-to-right\" el_id=\"home\" css=\".vc_custom_1580832251072{padding-bottom: 3% !important;}\"][vc_custom_heading text=\"Une agence de Community Management \u00e0 Paris en France\" font_container=\"tag:h2|font_size:20|text_align:left\" use_theme_fonts=\"yes\" css=\".vc_custom_1583244861234{padding-bottom: 3% !important;}\"][vc_column_text]Cr\u00e9\u00e9e en 2006, <a href=\"https:\/\/open2america.com\" target=\"_blank\" rel=\"noopener noreferrer\">Open2America<\/a> a pour objectif d\u2019accompagner les organisations fran\u00e7aises, europ\u00e9ennes ou asiatiques qui souhaitent d\u00e9velopper leur visibilit\u00e9 aux \u00c9tats-Unis, au Canada et au Mexique, en d\u00e9pit des fuseaux horaires. Constitu\u00e9e de community managers canadiens et am\u00e9ricains, <a href=\"https:\/\/open2america.com\" target=\"_blank\" rel=\"noopener noreferrer\">Open2America<\/a> apporte une r\u00e9elle expertise de ces march\u00e9s, et joue un r\u00f4le de liaison avec notre si\u00e8ge social, Open2Europe. <a href=\"https:\/\/open2america.com\" target=\"_blank\" rel=\"noopener noreferrer\">Open2America<\/a> accompagne \u00e9galement des clients canadiens et am\u00e9ricains dans leurs campagnes de relations m\u00e9dias et influenceurs sur les march\u00e9s locaux.\r\n\r\nLancement de marque ou produit, promotion d\u2019un savoir-faire ou d\u2019un territoire, mise en lumi\u00e8re d\u2019une innovation technologique, organisation de prises de parole de dirigeants, accompagnement d\u2019une d\u00e9l\u00e9gation institutionnelle\u2026 l\u2019\u00e9quipe d\u2019<a href=\"https:\/\/open2america.com\" target=\"_blank\" rel=\"noopener noreferrer\">Open2America<\/a> saura concevoir et d\u00e9ployer des strat\u00e9gies d\u2019influence on et offline adapt\u00e9es et performantes pour renforcer votre r\u00e9putation aupr\u00e8s de vos publics cibles (consommateurs, prescripteurs et autres parties prenantes influentes). Elle prend \u00e9galement le relai sur tous les salons professionnels internationaux bas\u00e9s notamment aux Etats-Unis (de New-York \u00e0 Las Vegas en passant par Washington, Chicago Dallas ou encore Los Angeles).[\/vc_column_text][vc_btn title=\"En savoir plus\" style=\"outline\" shape=\"round\" color=\"black\" size=\"lg\" align=\"left\" link=\"url:https%3A%2F%2Fopen2communications.com%2Fjoin-us-as-a-community-manager%2F|title:Agence%20Marketing%20d'Influence%20International||\" el_id=\"home\"][\/vc_column][\/vc_row][vc_row full_width=\"stretch_row_content_no_spaces\" equal_height=\"yes\"][vc_column width=\"1\/2\" css=\".vc_custom_1580834861830{padding-top: 10% !important;padding-right: 5% !important;padding-bottom: 5% !important;padding-left: 5% !important;background-color: #2c5398 !important;}\"][vc_custom_heading text=\"Parlons de vos projets!\r\nContactez-nous\" font_container=\"tag:h3|text_align:center|color:%23ffffff\" use_theme_fonts=\"yes\" link=\"url:https%3A%2F%2Fopen2digital.com%2Fcontact%2F|title:Contact||\"][vc_btn title=\"+33 1 55 02 14 53\" style=\"custom\" custom_background=\"#ffffff\" custom_text=\"#2c5398\" shape=\"round\" align=\"center\" i_icon_fontawesome=\"fas fa-phone-alt\" add_icon=\"true\" link=\"url:tel%3A%2B33155021453|||\"][\/vc_column][vc_column width=\"1\/2\" css=\".vc_custom_1580835110595{padding-top: 8% !important;padding-right: 8% !important;padding-bottom: 8% !important;padding-left: 8% !important;background-color: #19a5d4 !important;}\"][vc_custom_heading text=\"Retrouvez tout nos secteurs d'activites\" font_container=\"tag:h4|text_align:left\" use_theme_fonts=\"yes\" el_id=\"white\"][vc_row_inner gap=\"10\"][vc_column_inner width=\"1\/2\"][vc_column_text el_id=\"white\"]\r\n<ul>\r\n \t<li>I am text block.<\/li>\r\n \t<li>Click edit button to change this text.<\/li>\r\n \t<li>Lorem ipsum dolor sit amet, consectetur adipiscing elit.<\/li>\r\n \t<li>Ut elit tellus, luctus nec ullamcorper mattis, pulvinar dapibus leo.<\/li>\r\n<\/ul>\r\n[\/vc_column_text][\/vc_column_inner][vc_column_inner width=\"1\/2\"][vc_column_text el_id=\"white\"]\r\n<ul>\r\n \t<li>I am text block.<\/li>\r\n \t<li>Click edit button to change this text.<\/li>\r\n \t<li>Lorem ipsum dolor sit amet, consectetur adipiscing elit.<\/li>\r\n \t<li>Ut elit tellus, luctus nec ullamcorper mattis, pulvinar dapibus leo.<\/li>\r\n<\/ul>\r\n[\/vc_column_text][\/vc_column_inner][\/vc_row_inner][\/vc_column][\/vc_row]","_et_gb_content_width":"","footnotes":""},"class_list":["post-21782","page","type-page","status-publish","hentry"],"acf":[],"aioseo_notices":[],"_links":{"self":[{"href":"https:\/\/open2europe.com\/en\/wp-json\/wp\/v2\/pages\/21782","targetHints":{"allow":["GET"]}}],"collection":[{"href":"https:\/\/open2europe.com\/en\/wp-json\/wp\/v2\/pages"}],"about":[{"href":"https:\/\/open2europe.com\/en\/wp-json\/wp\/v2\/types\/page"}],"author":[{"embeddable":true,"href":"https:\/\/open2europe.com\/en\/wp-json\/wp\/v2\/users\/6"}],"replies":[{"embeddable":true,"href":"https:\/\/open2europe.com\/en\/wp-json\/wp\/v2\/comments?post=21782"}],"version-history":[{"count":11,"href":"https:\/\/open2europe.com\/en\/wp-json\/wp\/v2\/pages\/21782\/revisions"}],"predecessor-version":[{"id":24138,"href":"https:\/\/open2europe.com\/en\/wp-json\/wp\/v2\/pages\/21782\/revisions\/24138"}],"wp:attachment":[{"href":"https:\/\/open2europe.com\/en\/wp-json\/wp\/v2\/media?parent=21782"}],"curies":[{"name":"wp","href":"https:\/\/api.w.org\/{rel}","templated":true}]}}