{"id":21940,"date":"2021-11-22T15:18:08","date_gmt":"2021-11-22T14:18:08","guid":{"rendered":"https:\/\/open2europe.com\/international-press-relations-agency\/"},"modified":"2022-11-09T14:46:20","modified_gmt":"2022-11-09T13:46:20","slug":"international-press-relations-agency","status":"publish","type":"page","link":"https:\/\/open2europe.com\/en\/international-press-relations-agency\/","title":{"rendered":"International Press Relations Agency"},"content":{"rendered":"<div class=\"et_d4_element et_pb_section et_pb_section_0  et_pb_css_mix_blend_mode et_section_regular et_block_section\" >\n\t\t\t\t\n\t\t\t\t\n\t\t\t\t\n\t\t\t\t\n\t\t\t\t\n\t\t\t\t\n\t\t\t\t<div class=\"et_d4_element et_pb_row et_pb_row_0  et_pb_css_mix_blend_mode et_block_row\">\n\t\t\t\t<div class=\"et_d4_element et_pb_column_4_4 et_pb_column et_pb_column_0  et_pb_css_mix_blend_mode et-last-child et_block_column\">\n\t\t\t\t\n\t\t\t\t\n\t\t\t\t\n\t\t\t\t\n\t\t\t\t<div class=\"et_pb_module et_d4_element et_pb_text et_pb_text_0  et_pb_text_align_left et_pb_bg_layout_light\">\n\t\t\t\t\n\t\t\t\t\n\t\t\t\t\n\t\t\t\t\n\t\t\t\t<div class=\"et_pb_text_inner\">Since 2001, Open2Europe has been helping brands to promote their products worldwide.<\/p>\n<p>The Paris hub brings together both media and influence consultants, but also community managers from more than 15 different nationalities (France, UK, Italy, Spain, Portugal, Russia...)<\/p>\n<p>Their objective? To make you known on the international market.<\/p>\n<p>Their added value? They know perfectly how the press, public relations and digital sectors work in their respective countries and can therefore offer you a tailor-made communication strategy They speak the language of the journalists and adapt to the cultural codes of the local press and media.<\/p>\n<p>From press releases to the organisation of press or influencer events, from one-to-one interviews to press conferences, the communication offered by Open2Europe is adapted to your needs and the country targeted.<\/div>\n\t\t\t<\/div>\n\t\t\t<\/div>\n\t\t\t\t\n\t\t\t\t\n\t\t\t\t\n\t\t\t\t\n\t\t\t<\/div>\n\t\t\t\t\n\t\t\t\t\n\t\t\t<\/div>\n","protected":false},"excerpt":{"rendered":"<p>The Open2Europe press relations agency will assist your company develop international communication!<\/p>\n","protected":false},"author":1,"featured_media":0,"parent":0,"menu_order":0,"comment_status":"closed","ping_status":"closed","template":"","meta":{"_acf_changed":false,"content-type":"","_et_pb_use_builder":"off","_et_pb_old_content":"<p>[fullwidth background_color=\"\" background_image=\"http:\/\/www.open2europe.com\/wp-content\/uploads\/2015\/11\/bandeaux-chine-EUROPE.jpg\" background_parallax=\"none\" enable_mobile=\"no\" parallax_speed=\"0.3\" background_repeat=\"no-repeat\" background_position=\"center center\" video_url=\"\" video_aspect_ratio=\"16:9\" video_webm=\"\" video_mp4=\"\" video_ogv=\"\" video_preview_image=\"\" overlay_color=\"\" overlay_opacity=\"0.5\" video_mute=\"yes\" video_loop=\"yes\" fade=\"no\" border_size=\"0px\" border_color=\"\" border_style=\"dashed\" padding_top=\"100px\" padding_bottom=\"100px\" padding_left=\"\" padding_right=\"\" hundred_percent=\"no\" equal_height_columns=\"no\" hide_on_mobile=\"no\" menu_anchor=\"\" class=\"\" id=\"\"][title size=\"1\" content_align=\"left\" style_type=\"none\" sep_color=\"\" margin_top=\"\" margin_bottom=\"\" class=\"\" id=\"\"]<span style=\"text-transform: uppercase; font-weight: light; color: #ffffff;\">Agence Relation Presse depuis plus de 17 ans<\/span>[\/title][\/fullwidth][fullwidth background_color=\"\" background_image=\"\" background_parallax=\"none\" enable_mobile=\"no\" parallax_speed=\"0.3\" background_repeat=\"no-repeat\" background_position=\"left top\" video_url=\"\" video_aspect_ratio=\"16:9\" video_webm=\"\" video_mp4=\"\" video_ogv=\"\" video_preview_image=\"\" overlay_color=\"\" overlay_opacity=\"0.5\" video_mute=\"yes\" video_loop=\"yes\" fade=\"no\" border_size=\"0px\" border_color=\"\" border_style=\"solid\" padding_top=\"30px\" padding_bottom=\"\" padding_left=\"0\" padding_right=\"0\" hundred_percent=\"no\" equal_height_columns=\"no\" hide_on_mobile=\"no\" menu_anchor=\"\" class=\"\" id=\"\"][three_fifth last=\"no\" spacing=\"yes\" center_content=\"no\" hide_on_mobile=\"no\" background_color=\"\" background_image=\"\" background_repeat=\"no-repeat\" background_position=\"left top\" border_position=\"all\" border_size=\"0px\" border_color=\"\" border_style=\"solid\" padding=\"\" margin_top=\"\" margin_bottom=\"\" animation_type=\"0\" animation_direction=\"down\" animation_speed=\"0.1\" class=\"\" id=\"\"][fusion_text]<\/p><p style=\"text-align: justify;\">Notre expertise, c\u2019est tout d\u2019abord une exp\u00e9rience de plus de 15 ans dans les relations m\u00e9dias, \u00e0 savoir les relations avec la presse et l\u2019ensemble des publics en ligne.<\/p><p style=\"text-align: justify;\">Nous b\u00e9n\u00e9ficions d\u2019une expertise dans tous les domaines de la communication (corporate, consumer et crise), et nous couvrons l\u2019ensemble des m\u00e9tiers li\u00e9s aux relations avec les publics : relations presse traditionnelles et 2.0, relations influenceurs et communication digitale.<\/p><p style=\"text-align: justify;\">Open2Europe vous accompagne dans l\u2019\u00e9laboration de votre strat\u00e9gie d\u2019influence, la production de contenus, la mise en \u0153uvre op\u00e9rationnelle de vos campagnes de communication, la gestion de vos situations de crise, et vous forme \u00e0 la prise de parole face aux m\u00e9dias.<\/p><p style=\"text-align: justify;\">Nos \u00e9quipes sauront vous conseiller et d\u00e9cliner nos diff\u00e9rents services pour g\u00e9n\u00e9rer une relation positive et durable aupr\u00e8s de vos parties prenantes (clients, collaborateurs, partenaires, leaders d\u2019opinions, \u2026).<\/p><p style=\"text-align: justify;\">Nous collaborons avec l\u2019ensemble des m\u00e9dias : presse papier et audiovisuelle, off et online, les blogueurs journalistes et influents, les Youtubeurs, ainsi que les r\u00e9seaux sociaux (Facebook, Linkedin, Twitter, Instagram, \u00a0...)<\/p><p style=\"text-align: justify;\">Pour cela, nous int\u00e9grons dans notre organisation et notre m\u00e9thodologie les nouveaux modes de communication li\u00e9s \u00e0 la digitalisation des m\u00e9dias. Nous communiquons via la presse avec des outils traditionnels (communiqu\u00e9 ou dossier de presse, conf\u00e9rence presse, \u2026), et nous adaptons nos supports (social media release ou communiqu\u00e9 de presse 2.0, vid\u00e9o, infographie, blog, \u2026) pour r\u00e9pondre aux exigences d\u2019une communication sur le web.<\/p><p>[\/fusion_text][\/three_fifth][two_fifth last=\"yes\" spacing=\"yes\" center_content=\"no\" hide_on_mobile=\"no\" background_color=\"\" background_image=\"\" background_repeat=\"no-repeat\" background_position=\"left top\" border_position=\"all\" border_size=\"0px\" border_color=\"\" border_style=\"\" padding=\"\" margin_top=\"\" margin_bottom=\"\" animation_type=\"\" animation_direction=\"\" animation_speed=\"0.1\" class=\"\" id=\"\"][title size=\"3\" content_align=\"left\" style_type=\"default\" sep_color=\"\" margin_top=\"\" margin_bottom=\"\" class=\"\" id=\"\"]Recevez plus d\u2019informations sur nos services[\/title][fusion_text][contact-form-7 id=\"16282\" title=\"Landing Page\"][\/fusion_text][\/two_fifth][\/fullwidth]<\/p>","_et_gb_content_width":"","footnotes":""},"class_list":["post-21940","page","type-page","status-publish","hentry"],"acf":[],"aioseo_notices":[],"_links":{"self":[{"href":"https:\/\/open2europe.com\/en\/wp-json\/wp\/v2\/pages\/21940","targetHints":{"allow":["GET"]}}],"collection":[{"href":"https:\/\/open2europe.com\/en\/wp-json\/wp\/v2\/pages"}],"about":[{"href":"https:\/\/open2europe.com\/en\/wp-json\/wp\/v2\/types\/page"}],"author":[{"embeddable":true,"href":"https:\/\/open2europe.com\/en\/wp-json\/wp\/v2\/users\/1"}],"replies":[{"embeddable":true,"href":"https:\/\/open2europe.com\/en\/wp-json\/wp\/v2\/comments?post=21940"}],"version-history":[{"count":8,"href":"https:\/\/open2europe.com\/en\/wp-json\/wp\/v2\/pages\/21940\/revisions"}],"predecessor-version":[{"id":24109,"href":"https:\/\/open2europe.com\/en\/wp-json\/wp\/v2\/pages\/21940\/revisions\/24109"}],"wp:attachment":[{"href":"https:\/\/open2europe.com\/en\/wp-json\/wp\/v2\/media?parent=21940"}],"curies":[{"name":"wp","href":"https:\/\/api.w.org\/{rel}","templated":true}]}}