{"id":20456,"date":"2021-09-07T18:05:39","date_gmt":"2021-09-07T16:05:39","guid":{"rendered":"https:\/\/open2europe.com\/nota-de-prensa-de-la-agencia\/"},"modified":"2021-12-14T10:36:29","modified_gmt":"2021-12-14T09:36:29","slug":"nota-de-prensa-de-la-agencia","status":"publish","type":"page","link":"https:\/\/open2europe.com\/es\/nota-de-prensa-de-la-agencia\/","title":{"rendered":"Nota de prensa de la agencia"},"content":{"rendered":"<div class=\"et_d4_element et_pb_section et_pb_section_0  et_pb_css_mix_blend_mode et_section_regular et_block_section\" >\n\t\t\t\t\n\t\t\t\t\n\t\t\t\t\n\t\t\t\t\n\t\t\t\t\n\t\t\t\t\n\t\t\t\t<div class=\"et_d4_element et_pb_row et_pb_row_0  et_pb_css_mix_blend_mode et_block_row\">\n\t\t\t\t<div class=\"et_d4_element et_pb_column_4_4 et_pb_column et_pb_column_0  et_pb_css_mix_blend_mode et-last-child et_block_column\">\n\t\t\t\t\n\t\t\t\t\n\t\t\t\t\n\t\t\t\t\n\t\t\t\t<div class=\"et_pb_module et_d4_element et_pb_text et_pb_text_0  et_pb_text_align_left et_pb_bg_layout_light\">\n\t\t\t\t\n\t\t\t\t\n\t\t\t\t\n\t\t\t\t\n\t\t\t\t<div class=\"et_pb_text_inner\"><p>Open2Europe le ayuda a redactar y difunir notas de prensa en todos los mercados europeos, incluido el franc\u00e9s, gracias a sus equipos de consultores de m\u00e1s de 20 nacionalidades diferentes.<\/p>\n<p>La nota de prensa es una de las principales herramientas de las relaciones de prensa destinados a los periodistas. Destinado a informar, su objetivo es anunciar una noticia o un hecho significativo, lo suficientemente importante, para ser compartido a gran escala, por ejemplo: nuevos productos, grandes eventos, nuevas orientaciones estrat\u00e9gicas, declaraciones en reacci\u00f3n a la noticia, etc.<\/p>\n<p>La nota de prensa debe ser un documento conciso e impactante que tenga como objetivo transmitir un \u00fanico mensaje, lo suficientemente relevante y llamativo, para ser transmitido a un p\u00fablico espec\u00edfico de periodistas susceptibles a publicar sus mensajes.<\/p>\n<p>En la era de la web social, la nota de prensa puede ser publicada tal cual, en parte o en su totalidad, por los medios de comunicaci\u00f3n online. Piense en digitalizarla a\u00f1adiendo contenido espec\u00edfico como, por ejemplo, palabras clave, diagramas, elementos visuales, v\u00eddeos o enlaces web para reforzar su visibilidad y mejorar su referenciaci\u00f3n natural.<\/p>\n<p>Open2Europe tambi\u00e9n puede guiarle en la preparaci\u00f3n de un dossier de prensa, herramienta complementaria a la nota de prensa.<\/p><\/div>\n\t\t\t<\/div>\n\t\t\t<\/div>\n\t\t\t\t\n\t\t\t\t\n\t\t\t\t\n\t\t\t\t\n\t\t\t<\/div>\n\t\t\t\t\n\t\t\t\t\n\t\t\t<\/div>\n","protected":false},"excerpt":{"rendered":"<p>Nota de prensa de la agencia<\/p>\n","protected":false},"author":1,"featured_media":0,"parent":0,"menu_order":0,"comment_status":"closed","ping_status":"closed","template":"","meta":{"_acf_changed":false,"content-type":"","_et_pb_use_builder":"off","_et_pb_old_content":"","_et_gb_content_width":"","footnotes":""},"class_list":["post-20456","page","type-page","status-publish","hentry"],"acf":[],"aioseo_notices":[],"_links":{"self":[{"href":"https:\/\/open2europe.com\/es\/wp-json\/wp\/v2\/pages\/20456","targetHints":{"allow":["GET"]}}],"collection":[{"href":"https:\/\/open2europe.com\/es\/wp-json\/wp\/v2\/pages"}],"about":[{"href":"https:\/\/open2europe.com\/es\/wp-json\/wp\/v2\/types\/page"}],"author":[{"embeddable":true,"href":"https:\/\/open2europe.com\/es\/wp-json\/wp\/v2\/users\/1"}],"replies":[{"embeddable":true,"href":"https:\/\/open2europe.com\/es\/wp-json\/wp\/v2\/comments?post=20456"}],"version-history":[{"count":16,"href":"https:\/\/open2europe.com\/es\/wp-json\/wp\/v2\/pages\/20456\/revisions"}],"predecessor-version":[{"id":23272,"href":"https:\/\/open2europe.com\/es\/wp-json\/wp\/v2\/pages\/20456\/revisions\/23272"}],"wp:attachment":[{"href":"https:\/\/open2europe.com\/es\/wp-json\/wp\/v2\/media?parent=20456"}],"curies":[{"name":"wp","href":"https:\/\/api.w.org\/{rel}","templated":true}]}}