{"id":20690,"date":"2021-09-23T17:03:48","date_gmt":"2021-09-23T15:03:48","guid":{"rendered":"https:\/\/open2europe.com\/agencia-de-community-management-de-habla-inglesa\/"},"modified":"2026-02-04T13:51:34","modified_gmt":"2026-02-04T12:51:34","slug":"agencia-de-community-management-de-habla-inglesa","status":"publish","type":"page","link":"https:\/\/open2europe.com\/es\/agencia-de-community-management-de-habla-inglesa\/","title":{"rendered":"Agencia de Community Management de habla inglesa"},"content":{"rendered":"<div class=\"et_pb_section_0 et_pb_section et_section_regular et_block_section\"><div class=\"et_pb_row_0 et_pb_row et_block_row\"><div class=\"et_pb_column_0 et_pb_column et_pb_column_4_4 et-last-child et_block_column et_pb_css_mix_blend_mode_passthrough\"><div class=\"et_pb_text_0 et_pb_text et_pb_bg_layout_light et_pb_module et_block_module\"><div class=\"et_pb_text_inner\"><p>Des de Londres hasta Dubl\u00edn, nuestros Community Managers angloparlantes pueden desplegar su estrategia en redes sociales seg\u00fan las particularidades de la zona del Reino Unido (Inglaterra, Escocia e Irlanda) y redactar contenido en un ingl\u00e9s perfecto, siendo esta su lengua materna.<\/p>\n<\/div><\/div><\/div><\/div><\/div>","protected":false},"excerpt":{"rendered":"<p>La agencia Open2Digital cuenta con un equipo de Community Managers de habla inglesa para gestionar su comunicaci\u00f3n en las redes sociales y de influencia en todo el Reino Unido <\/p>\n","protected":false},"author":1,"featured_media":0,"parent":0,"menu_order":0,"comment_status":"closed","ping_status":"closed","template":"","meta":{"_acf_changed":false,"content-type":"","footnotes":""},"class_list":["post-20690","page","type-page","status-publish","hentry"],"acf":[],"aioseo_notices":[],"_links":{"self":[{"href":"https:\/\/open2europe.com\/es\/wp-json\/wp\/v2\/pages\/20690","targetHints":{"allow":["GET"]}}],"collection":[{"href":"https:\/\/open2europe.com\/es\/wp-json\/wp\/v2\/pages"}],"about":[{"href":"https:\/\/open2europe.com\/es\/wp-json\/wp\/v2\/types\/page"}],"author":[{"embeddable":true,"href":"https:\/\/open2europe.com\/es\/wp-json\/wp\/v2\/users\/1"}],"replies":[{"embeddable":true,"href":"https:\/\/open2europe.com\/es\/wp-json\/wp\/v2\/comments?post=20690"}],"version-history":[{"count":23,"href":"https:\/\/open2europe.com\/es\/wp-json\/wp\/v2\/pages\/20690\/revisions"}],"predecessor-version":[{"id":31568,"href":"https:\/\/open2europe.com\/es\/wp-json\/wp\/v2\/pages\/20690\/revisions\/31568"}],"wp:attachment":[{"href":"https:\/\/open2europe.com\/es\/wp-json\/wp\/v2\/media?parent=20690"}],"curies":[{"name":"wp","href":"https:\/\/api.w.org\/{rel}","templated":true}]}}