{"id":20734,"date":"2021-09-28T17:34:25","date_gmt":"2021-09-28T15:34:25","guid":{"rendered":"https:\/\/open2europe.com\/agencia-de-community-management-en-belgica-y-paises-bajos\/"},"modified":"2026-02-04T13:51:35","modified_gmt":"2026-02-04T12:51:35","slug":"agencia-de-community-management-en-belgica-y-paises-bajos","status":"publish","type":"page","link":"https:\/\/open2europe.com\/es\/agencia-de-community-management-en-belgica-y-paises-bajos\/","title":{"rendered":"Agencia de Community Management en B\u00e9lgica y Pa\u00edses Bajos"},"content":{"rendered":"<div class=\"et_pb_section_0 et_pb_section et_section_regular et_block_section\"><div class=\"et_pb_row_0 et_pb_row et_block_row\"><div class=\"et_pb_column_0 et_pb_column et_pb_column_4_4 et-last-child et_block_column et_pb_css_mix_blend_mode_passthrough\"><div class=\"et_pb_text_0 et_pb_text et_pb_bg_layout_light et_pb_module et_block_module\"><div class=\"et_pb_text_inner\"><p>Desde Bruselas hasta Amsterdam, nuestros Community Managers de habla holandesa pueden desplegar su estrategia de redes sociales seg\u00fan las particularidades de B\u00e9lgica, de Luxemburgo y de los Pa\u00edses Bajos.<\/p>\n<\/div><\/div><\/div><\/div><\/div>","protected":false},"excerpt":{"rendered":"<p>La agencia Open2Digital cuenta con un equipo de Community Managers belgas y neerlandeses para guiar su comunicaci\u00f3n en redes sociales y de influencia en B\u00e9lgica y en los Pa\u00edses Bajos<\/p>\n","protected":false},"author":1,"featured_media":0,"parent":0,"menu_order":0,"comment_status":"closed","ping_status":"closed","template":"","meta":{"_acf_changed":false,"content-type":"","footnotes":""},"class_list":["post-20734","page","type-page","status-publish","hentry"],"acf":[],"aioseo_notices":[],"_links":{"self":[{"href":"https:\/\/open2europe.com\/es\/wp-json\/wp\/v2\/pages\/20734","targetHints":{"allow":["GET"]}}],"collection":[{"href":"https:\/\/open2europe.com\/es\/wp-json\/wp\/v2\/pages"}],"about":[{"href":"https:\/\/open2europe.com\/es\/wp-json\/wp\/v2\/types\/page"}],"author":[{"embeddable":true,"href":"https:\/\/open2europe.com\/es\/wp-json\/wp\/v2\/users\/1"}],"replies":[{"embeddable":true,"href":"https:\/\/open2europe.com\/es\/wp-json\/wp\/v2\/comments?post=20734"}],"version-history":[{"count":11,"href":"https:\/\/open2europe.com\/es\/wp-json\/wp\/v2\/pages\/20734\/revisions"}],"predecessor-version":[{"id":31570,"href":"https:\/\/open2europe.com\/es\/wp-json\/wp\/v2\/pages\/20734\/revisions\/31570"}],"wp:attachment":[{"href":"https:\/\/open2europe.com\/es\/wp-json\/wp\/v2\/media?parent=20734"}],"curies":[{"name":"wp","href":"https:\/\/api.w.org\/{rel}","templated":true}]}}