{"id":20800,"date":"2021-10-05T14:58:58","date_gmt":"2021-10-05T12:58:58","guid":{"rendered":"https:\/\/open2europe.com\/agencia-de-relaciones-con-la-prensa\/"},"modified":"2026-02-04T13:51:36","modified_gmt":"2026-02-04T12:51:36","slug":"agencia-de-relaciones-con-la-prensa","status":"publish","type":"page","link":"https:\/\/open2europe.com\/es\/agencia-de-relaciones-con-la-prensa\/","title":{"rendered":"Agencia de Relaciones con la Prensa"},"content":{"rendered":"<div class=\"et_pb_section_0 et_pb_section et_section_regular et_block_section\"><div class=\"et_pb_row_0 et_pb_row et_block_row\"><div class=\"et_pb_column_0 et_pb_column et_pb_column_4_4 et-last-child et_block_column et_pb_css_mix_blend_mode_passthrough\"><div class=\"et_pb_text_0 et_pb_text et_pb_bg_layout_light et_pb_module et_block_module\" id=\"home\"><div class=\"et_pb_text_inner\" data-et-mv-hidden-tablet=\"true\"><h1>Agencia de comunicaci\u00f3n independiente especializada en relaciones de prensa, influencia y digital en Francia e internacionalmente<\/h1>\n<\/div><\/div><div class=\"et_pb_module et_pb_button_module_wrapper et_pb_button_0_wrapper\"><a class=\"et_pb_button_0 et_pb_button et_pb_bg_layout_light et_pb_module et_block_module\" href=\"https:\/\/open2europe.com\/contact\/\">Cont\u00e1ctenos<\/a><\/div><\/div><\/div><div class=\"et_pb_row_1 et_pb_row et_block_row\"><div class=\"et_pb_column_1 et_pb_column et_pb_column_1_2 et_block_column et_pb_css_mix_blend_mode_passthrough\"><div class=\"et_pb_blurb_0 et_pb_blurb et_pb_bg_layout_light et_pb_text_align_left et_pb_blurb_position_top et_animated et_clickable et_pb_module et_block_module preset--module--divi-blurb--19854c88-357c-4cca-ae2b-d842f53f3e91\"><div class=\"et_pb_blurb_content\"><div class=\"et_pb_blurb_container\"><h2 class=\"et_pb_module_header\">Relaciones de prensa<\/h2><div class=\"et_pb_blurb_description\"><p>En nuestra agencia de relaciones con la prensa, las RRPP son la piedra angular de su estrategia de comunicaci\u00f3n, sean cuales sean sus objetivos en t\u00e9rminos de visibilidad, notoriedad o reputaci\u00f3n.<br \/>Nuestra misi\u00f3n: definir tus mensajes y configurar tus discursos con periodistas y medios de comunicaci\u00f3n objetivo (prensa online y offline, escrita o audiovisual, nacional o auton\u00f3mica, general o especializada).<\/p>\n<\/div><\/div><\/div><\/div><div class=\"et_pb_blurb_1 et_pb_blurb et_pb_bg_layout_light et_pb_text_align_left et_pb_blurb_position_top et_animated et_clickable et_pb_module et_block_module preset--module--divi-blurb--19854c88-357c-4cca-ae2b-d842f53f3e91\"><div class=\"et_pb_blurb_content\"><div class=\"et_pb_blurb_container\"><h2 class=\"et_pb_module_header\">Brand Management<\/h2><div class=\"et_pb_blurb_description\"><p>Hoy, la informaci\u00f3n viaja a la velocidad de la luz. Open2europe te ofrece hacerte cargo del an\u00e1lisis y gesti\u00f3n de tu imagen de marca para adaptar tu comunicaci\u00f3n a las percepciones de los diferentes p\u00fablicos objetivo, en tiempo real.<\/p>\n<\/div><\/div><\/div><\/div><div class=\"et_pb_blurb_2 et_pb_blurb et_pb_bg_layout_light et_pb_text_align_left et_pb_blurb_position_top et_animated et_clickable et_pb_module et_block_module preset--module--divi-blurb--19854c88-357c-4cca-ae2b-d842f53f3e91\"><div class=\"et_pb_blurb_content\"><div class=\"et_pb_blurb_container\"><h2 class=\"et_pb_module_header\">Contenido<\/h2><div class=\"et_pb_blurb_description\"><p>Open2Europe propose le bon contenu au bon moment.<br \/>L'agence brand content \u00e0 forte valeur ajout\u00e9e capable de nourrir votre ADN de marque et de faire le storytelling de vos succ\u00e8s.<\/p>\n<\/div><\/div><\/div><\/div><\/div><div class=\"et_pb_column_2 et_pb_column et_pb_column_1_2 et-last-child et_block_column et_pb_css_mix_blend_mode_passthrough\"><div class=\"et_pb_blurb_3 et_pb_blurb et_pb_bg_layout_light et_pb_text_align_left et_pb_blurb_position_top et_animated et_clickable et_pb_module et_block_module preset--module--divi-blurb--19854c88-357c-4cca-ae2b-d842f53f3e91\"><div class=\"et_pb_blurb_content\"><div class=\"et_pb_blurb_container\"><h2 class=\"et_pb_module_header\">Digital<\/h2><div class=\"et_pb_blurb_description\"><p>Les r\u00e9seaux sociaux (Facebook, Instagram, Twitter, LinkedIn\u2026) sont aujourd\u2019hui des plateformes de communication indispensables pour les marques et leur e-r\u00e9putation.<br \/>Notre mission : vous accompagner dans votre strat\u00e9gie social m\u00e9dia en vous proposant un contenu impactant pour votre communaut\u00e9, animer vos r\u00e9seaux et g\u00e9rer la mod\u00e9ration.<\/p>\n<\/div><\/div><\/div><\/div><div class=\"et_pb_blurb_4 et_pb_blurb et_pb_bg_layout_light et_pb_text_align_left et_pb_blurb_position_top et_animated et_clickable et_pb_module et_block_module preset--module--divi-blurb--19854c88-357c-4cca-ae2b-d842f53f3e91\"><div class=\"et_pb_blurb_content\"><div class=\"et_pb_blurb_container\"><h2 class=\"et_pb_module_header\">Relaciones de influencia <\/h2><div class=\"et_pb_blurb_description\"><p>Indispensables y prescriptores de tendencias, los influencers deben formar parte de tu estrategia de comunicaci\u00f3n.<br \/>Nuestra misi\u00f3n: asesorarle, seleccionar los influencers adecuados, seguirlos y movilizarlos para convertirlos en verdaderas palancas de visibilidad y negocio.<\/p>\n<\/div><\/div><\/div><\/div><div class=\"et_pb_blurb_5 et_pb_blurb et_pb_bg_layout_light et_pb_text_align_left et_pb_blurb_position_top et_animated et_clickable et_pb_module et_block_module preset--module--divi-blurb--19854c88-357c-4cca-ae2b-d842f53f3e91\"><div class=\"et_pb_blurb_content\"><div class=\"et_pb_blurb_container\"><h2 class=\"et_pb_module_header\">Social Listening<\/h2><div class=\"et_pb_blurb_description\"><p>La escucha social permite a una empresa estar al tanto de todo lo que se dice sobre ella en la web, especialmente en diversas redes sociales (redes sociales, blogs, foros, etc.)<br \/>Nuestra misi\u00f3n: enumerar, analizar y comparar datos para mejorar su reputaci\u00f3n en l\u00ednea, al tiempo que satisface las necesidades de sus clientes.<\/p>\n<\/div><\/div><\/div><\/div><\/div><\/div><div class=\"et_pb_row_2 et_pb_row et_block_row\"><div class=\"et_pb_column_3 et_pb_column et_pb_column_4_4 et-last-child et_block_column et_pb_css_mix_blend_mode_passthrough\"><div class=\"et_pb_text_1 et_pb_text et_pb_bg_layout_light et_pb_module et_block_module\"><div class=\"et_pb_text_inner\"><h3 style=\"text-align: center;\">Ellos conf\u00edan en nosotros<\/h3>\n<\/div><\/div><\/div><\/div><div class=\"et_pb_row_3 et_pb_row et_pb_row_5col et_block_row et_block_row_5col\"><div class=\"et_pb_column_4 et_pb_column et_pb_column_1_5 et_block_column et_pb_css_mix_blend_mode_passthrough\"><div class=\"et_pb_image_0 et_pb_image et_animated et_pb_module et_block_module\"><span class=\"et_pb_image_wrap\"><img decoding=\"async\" src=\"https:\/\/open2europe.com\/wp-content\/uploads\/2021\/06\/logitech_560_300.png\" width=\"560\" height=\"300\" srcset=\"https:\/\/open2europe.com\/wp-content\/uploads\/2021\/06\/logitech_560_300.png 560w, https:\/\/open2europe.com\/wp-content\/uploads\/2021\/06\/logitech_560_300-480x257.png 480w\" sizes=\"(min-width: 0px) and (max-width: 480px) 480px, (min-width: 481px) 560px, 100vw\" class=\"wp-image-19067\" title=\"logitech_560_300\" \/><\/span><\/div><div class=\"et_pb_image_1 et_pb_image et_animated et_pb_module et_block_module\"><span class=\"et_pb_image_wrap\"><img decoding=\"async\" src=\"https:\/\/open2europe.com\/wp-content\/uploads\/2021\/06\/volotea_560_300.png\" width=\"560\" height=\"300\" srcset=\"https:\/\/open2europe.com\/wp-content\/uploads\/2021\/06\/volotea_560_300.png 560w, https:\/\/open2europe.com\/wp-content\/uploads\/2021\/06\/volotea_560_300-480x257.png 480w\" sizes=\"(min-width: 0px) and (max-width: 480px) 480px, (min-width: 481px) 560px, 100vw\" class=\"wp-image-19071\" title=\"volotea_560_300\" \/><\/span><\/div><div class=\"et_pb_image_2 et_pb_image et_animated et_pb_module et_block_module\"><span class=\"et_pb_image_wrap\"><img decoding=\"async\" src=\"https:\/\/open2europe.com\/wp-content\/uploads\/2021\/06\/free2movi_560_300.png\" width=\"560\" height=\"300\" srcset=\"https:\/\/open2europe.com\/wp-content\/uploads\/2021\/06\/free2movi_560_300.png 560w, https:\/\/open2europe.com\/wp-content\/uploads\/2021\/06\/free2movi_560_300-480x257.png 480w\" sizes=\"(min-width: 0px) and (max-width: 480px) 480px, (min-width: 481px) 560px, 100vw\" class=\"wp-image-19063\" title=\"free2movi_560_300\" \/><\/span><\/div><\/div><div class=\"et_pb_column_5 et_pb_column et_pb_column_1_5 et_block_column et_pb_css_mix_blend_mode_passthrough\"><div class=\"et_pb_image_3 et_pb_image et_animated et_pb_module et_block_module\"><span class=\"et_pb_image_wrap\"><img decoding=\"async\" src=\"https:\/\/open2europe.com\/wp-content\/uploads\/2021\/06\/BW_560_300.png\" width=\"560\" height=\"300\" srcset=\"https:\/\/open2europe.com\/wp-content\/uploads\/2021\/06\/BW_560_300.png 560w, https:\/\/open2europe.com\/wp-content\/uploads\/2021\/06\/BW_560_300-480x257.png 480w\" sizes=\"(min-width: 0px) and (max-width: 480px) 480px, (min-width: 481px) 560px, 100vw\" class=\"wp-image-19058\" title=\"BW_560_300\" \/><\/span><\/div><div class=\"et_pb_image_4 et_pb_image et_animated et_pb_module et_block_module\"><span class=\"et_pb_image_wrap\"><img decoding=\"async\" src=\"https:\/\/open2europe.com\/wp-content\/uploads\/2021\/06\/qatar_560_300.png\" width=\"560\" height=\"300\" srcset=\"https:\/\/open2europe.com\/wp-content\/uploads\/2021\/06\/qatar_560_300.png 560w, https:\/\/open2europe.com\/wp-content\/uploads\/2021\/06\/qatar_560_300-480x257.png 480w\" sizes=\"(min-width: 0px) and (max-width: 480px) 480px, (min-width: 481px) 560px, 100vw\" class=\"wp-image-19069\" title=\"qatar_560_300\" \/><\/span><\/div><div class=\"et_pb_image_5 et_pb_image et_animated et_pb_module et_block_module\"><span class=\"et_pb_image_wrap\"><img decoding=\"async\" src=\"https:\/\/open2europe.com\/wp-content\/uploads\/2021\/06\/fraikin_560_300.png\" width=\"560\" height=\"300\" srcset=\"https:\/\/open2europe.com\/wp-content\/uploads\/2021\/06\/fraikin_560_300.png 560w, https:\/\/open2europe.com\/wp-content\/uploads\/2021\/06\/fraikin_560_300-480x257.png 480w\" sizes=\"(min-width: 0px) and (max-width: 480px) 480px, (min-width: 481px) 560px, 100vw\" class=\"wp-image-19062\" title=\"fraikin_560_300\" \/><\/span><\/div><div class=\"et_pb_image_6 et_pb_image et_animated et_pb_module et_block_module\"><span class=\"et_pb_image_wrap\"><img decoding=\"async\" src=\"https:\/\/open2europe.com\/wp-content\/uploads\/2021\/06\/blackberry_560_300.png\" width=\"560\" height=\"300\" srcset=\"https:\/\/open2europe.com\/wp-content\/uploads\/2021\/06\/blackberry_560_300.png 560w, https:\/\/open2europe.com\/wp-content\/uploads\/2021\/06\/blackberry_560_300-480x257.png 480w\" sizes=\"(min-width: 0px) and (max-width: 480px) 480px, (min-width: 481px) 560px, 100vw\" class=\"wp-image-19056\" title=\"blackberry_560_300\" \/><\/span><\/div><\/div><div class=\"et_pb_column_6 et_pb_column et_pb_column_1_5 et_block_column et_pb_css_mix_blend_mode_passthrough\"><div class=\"et_pb_image_7 et_pb_image et_animated et_pb_module et_block_module\"><span class=\"et_pb_image_wrap\"><img decoding=\"async\" src=\"https:\/\/open2europe.com\/wp-content\/uploads\/2021\/06\/eric_bompard_560_300.png\" width=\"560\" height=\"300\" srcset=\"https:\/\/open2europe.com\/wp-content\/uploads\/2021\/06\/eric_bompard_560_300.png 560w, https:\/\/open2europe.com\/wp-content\/uploads\/2021\/06\/eric_bompard_560_300-480x257.png 480w\" sizes=\"(min-width: 0px) and (max-width: 480px) 480px, (min-width: 481px) 560px, 100vw\" class=\"wp-image-19059\" title=\"eric_bompard_560_300\" \/><\/span><\/div><div class=\"et_pb_image_8 et_pb_image et_animated et_pb_module et_block_module\"><span class=\"et_pb_image_wrap\"><img decoding=\"async\" src=\"https:\/\/open2europe.com\/wp-content\/uploads\/2021\/06\/PNY_560_300.png\" width=\"560\" height=\"300\" srcset=\"https:\/\/open2europe.com\/wp-content\/uploads\/2021\/06\/PNY_560_300.png 560w, https:\/\/open2europe.com\/wp-content\/uploads\/2021\/06\/PNY_560_300-480x257.png 480w\" sizes=\"(min-width: 0px) and (max-width: 480px) 480px, (min-width: 481px) 560px, 100vw\" class=\"wp-image-19068\" title=\"PNY_560_300\" \/><\/span><\/div><div class=\"et_pb_image_9 et_pb_image et_animated et_pb_module et_block_module\"><span class=\"et_pb_image_wrap\"><img decoding=\"async\" src=\"https:\/\/open2europe.com\/wp-content\/uploads\/2021\/06\/lidl_560_300.png\" width=\"560\" height=\"300\" srcset=\"https:\/\/open2europe.com\/wp-content\/uploads\/2021\/06\/lidl_560_300.png 560w, https:\/\/open2europe.com\/wp-content\/uploads\/2021\/06\/lidl_560_300-480x257.png 480w\" sizes=\"(min-width: 0px) and (max-width: 480px) 480px, (min-width: 481px) 560px, 100vw\" class=\"wp-image-19066\" title=\"lidl_560_300\" \/><\/span><\/div><div class=\"et_pb_image_10 et_pb_image et_animated et_pb_module et_block_module\"><span class=\"et_pb_image_wrap\"><img decoding=\"async\" src=\"https:\/\/open2europe.com\/wp-content\/uploads\/2021\/06\/bioplanere_560_300.png\" width=\"560\" height=\"300\" srcset=\"https:\/\/open2europe.com\/wp-content\/uploads\/2021\/06\/bioplanere_560_300.png 560w, https:\/\/open2europe.com\/wp-content\/uploads\/2021\/06\/bioplanere_560_300-480x257.png 480w\" sizes=\"(min-width: 0px) and (max-width: 480px) 480px, (min-width: 481px) 560px, 100vw\" class=\"wp-image-19055\" title=\"bioplanere_560_300\" \/><\/span><\/div><\/div><div class=\"et_pb_column_7 et_pb_column et_pb_column_1_5 et_block_column et_pb_css_mix_blend_mode_passthrough\"><div class=\"et_pb_image_11 et_pb_image et_animated et_pb_module et_block_module\"><span class=\"et_pb_image_wrap\"><img decoding=\"async\" src=\"https:\/\/open2europe.com\/wp-content\/uploads\/2021\/06\/wellbox_560_300.png\" width=\"560\" height=\"300\" srcset=\"https:\/\/open2europe.com\/wp-content\/uploads\/2021\/06\/wellbox_560_300.png 560w, https:\/\/open2europe.com\/wp-content\/uploads\/2021\/06\/wellbox_560_300-480x257.png 480w\" sizes=\"(min-width: 0px) and (max-width: 480px) 480px, (min-width: 481px) 560px, 100vw\" class=\"wp-image-19072\" title=\"wellbox_560_300\" \/><\/span><\/div><div class=\"et_pb_image_12 et_pb_image et_animated et_pb_module et_block_module\"><span class=\"et_pb_image_wrap\"><img decoding=\"async\" src=\"https:\/\/open2europe.com\/wp-content\/uploads\/2021\/06\/fitness_park_560_300.png\" width=\"560\" height=\"300\" srcset=\"https:\/\/open2europe.com\/wp-content\/uploads\/2021\/06\/fitness_park_560_300.png 560w, https:\/\/open2europe.com\/wp-content\/uploads\/2021\/06\/fitness_park_560_300-480x257.png 480w\" sizes=\"(min-width: 0px) and (max-width: 480px) 480px, (min-width: 481px) 560px, 100vw\" class=\"wp-image-19061\" title=\"fitness_park_560_300\" \/><\/span><\/div><div class=\"et_pb_image_13 et_pb_image et_animated et_pb_module et_block_module\"><span class=\"et_pb_image_wrap\"><img decoding=\"async\" src=\"https:\/\/open2europe.com\/wp-content\/uploads\/2021\/06\/lareunion_560_300.png\" width=\"560\" height=\"300\" srcset=\"https:\/\/open2europe.com\/wp-content\/uploads\/2021\/06\/lareunion_560_300.png 560w, https:\/\/open2europe.com\/wp-content\/uploads\/2021\/06\/lareunion_560_300-480x257.png 480w\" sizes=\"(min-width: 0px) and (max-width: 480px) 480px, (min-width: 481px) 560px, 100vw\" class=\"wp-image-19065\" title=\"lareunion_560_300\" \/><\/span><\/div><div class=\"et_pb_image_14 et_pb_image et_animated et_pb_module et_block_module\"><span class=\"et_pb_image_wrap\"><img decoding=\"async\" src=\"https:\/\/open2europe.com\/wp-content\/uploads\/2021\/06\/blue_lib_560_300.png\" width=\"560\" height=\"300\" srcset=\"https:\/\/open2europe.com\/wp-content\/uploads\/2021\/06\/blue_lib_560_300.png 560w, https:\/\/open2europe.com\/wp-content\/uploads\/2021\/06\/blue_lib_560_300-480x257.png 480w\" sizes=\"(min-width: 0px) and (max-width: 480px) 480px, (min-width: 481px) 560px, 100vw\" class=\"wp-image-19057\" title=\"blue_lib_560_300\" \/><\/span><\/div><\/div><div class=\"et_pb_column_8 et_pb_column et_pb_column_1_5 et-last-child et_block_column et_pb_css_mix_blend_mode_passthrough\"><div class=\"et_pb_image_15 et_pb_image et_animated et_pb_module et_block_module\"><span class=\"et_pb_image_wrap\"><img decoding=\"async\" src=\"https:\/\/open2europe.com\/wp-content\/uploads\/2021\/06\/haier_560_300.png\" width=\"560\" height=\"300\" srcset=\"https:\/\/open2europe.com\/wp-content\/uploads\/2021\/06\/haier_560_300.png 560w, https:\/\/open2europe.com\/wp-content\/uploads\/2021\/06\/haier_560_300-480x257.png 480w\" sizes=\"(min-width: 0px) and (max-width: 480px) 480px, (min-width: 481px) 560px, 100vw\" class=\"wp-image-19064\" title=\"haier_560_300\" \/><\/span><\/div><div class=\"et_pb_image_16 et_pb_image et_animated et_pb_module et_block_module\"><span class=\"et_pb_image_wrap\"><img decoding=\"async\" src=\"https:\/\/open2europe.com\/wp-content\/uploads\/2021\/06\/terraillon_560_300.png\" width=\"560\" height=\"300\" srcset=\"https:\/\/open2europe.com\/wp-content\/uploads\/2021\/06\/terraillon_560_300.png 560w, https:\/\/open2europe.com\/wp-content\/uploads\/2021\/06\/terraillon_560_300-480x257.png 480w\" sizes=\"(min-width: 0px) and (max-width: 480px) 480px, (min-width: 481px) 560px, 100vw\" class=\"wp-image-19070\" title=\"terraillon_560_300\" \/><\/span><\/div><div class=\"et_pb_image_17 et_pb_image et_animated et_pb_module et_block_module\"><span class=\"et_pb_image_wrap\"><img decoding=\"async\" src=\"https:\/\/open2europe.com\/wp-content\/uploads\/2021\/06\/escp_560_300.png\" width=\"560\" height=\"300\" srcset=\"https:\/\/open2europe.com\/wp-content\/uploads\/2021\/06\/escp_560_300.png 560w, https:\/\/open2europe.com\/wp-content\/uploads\/2021\/06\/escp_560_300-480x257.png 480w\" sizes=\"(min-width: 0px) and (max-width: 480px) 480px, (min-width: 481px) 560px, 100vw\" class=\"wp-image-19060\" title=\"escp_560_300\" \/><\/span><\/div><\/div><\/div><\/div>","protected":false},"excerpt":{"rendered":"<p>Agencia de relaciones con la prensa independiente especializada en comunicaci\u00f3n de influencias, Open2Europe apoya a empresas en Francia y Europa.<\/p>\n","protected":false},"author":1,"featured_media":20803,"parent":0,"menu_order":0,"comment_status":"closed","ping_status":"closed","template":"","meta":{"_acf_changed":false,"content-type":"","footnotes":""},"class_list":["post-20800","page","type-page","status-publish","has-post-thumbnail","hentry"],"acf":[],"aioseo_notices":[],"_links":{"self":[{"href":"https:\/\/open2europe.com\/es\/wp-json\/wp\/v2\/pages\/20800","targetHints":{"allow":["GET"]}}],"collection":[{"href":"https:\/\/open2europe.com\/es\/wp-json\/wp\/v2\/pages"}],"about":[{"href":"https:\/\/open2europe.com\/es\/wp-json\/wp\/v2\/types\/page"}],"author":[{"embeddable":true,"href":"https:\/\/open2europe.com\/es\/wp-json\/wp\/v2\/users\/1"}],"replies":[{"embeddable":true,"href":"https:\/\/open2europe.com\/es\/wp-json\/wp\/v2\/comments?post=20800"}],"version-history":[{"count":9,"href":"https:\/\/open2europe.com\/es\/wp-json\/wp\/v2\/pages\/20800\/revisions"}],"predecessor-version":[{"id":31573,"href":"https:\/\/open2europe.com\/es\/wp-json\/wp\/v2\/pages\/20800\/revisions\/31573"}],"wp:featuredmedia":[{"embeddable":true,"href":"https:\/\/open2europe.com\/es\/wp-json\/wp\/v2\/media\/20803"}],"wp:attachment":[{"href":"https:\/\/open2europe.com\/es\/wp-json\/wp\/v2\/media?parent=20800"}],"curies":[{"name":"wp","href":"https:\/\/api.w.org\/{rel}","templated":true}]}}