{"id":20842,"date":"2021-10-05T15:41:45","date_gmt":"2021-10-05T13:41:45","guid":{"rendered":"https:\/\/open2europe.com\/agencia-de-community-management-en-francia\/"},"modified":"2026-02-04T13:51:37","modified_gmt":"2026-02-04T12:51:37","slug":"agencia-de-community-management-en-francia","status":"publish","type":"page","link":"https:\/\/open2europe.com\/es\/agencia-de-community-management-en-francia\/","title":{"rendered":"Agencia de Community Management en Francia"},"content":{"rendered":"<div class=\"et_pb_section_0 et_pb_section et_section_regular et_block_section\"><div class=\"et_pb_row_0 et_pb_row et_block_row\"><div class=\"et_pb_column_0 et_pb_column et_pb_column_4_4 et-last-child et_block_column et_pb_css_mix_blend_mode_passthrough\"><div class=\"et_pb_text_0 et_pb_text et_pb_bg_layout_light et_pb_module et_block_module\"><div class=\"et_pb_text_inner\"><p>Con sede inicial en Par\u00eds, el equipo de community managers de Open2Europe es fundamentalmente franc\u00f3fono y conoce todos los c\u00f3digos propios de las redes sociales francesas. Nuestros consultores pueden desplegar su estrategia digital y adaptar sus mensajes para su distribuci\u00f3n local con acciones espec\u00edficas.<\/p>\n<\/div><\/div><\/div><\/div><\/div>","protected":false},"excerpt":{"rendered":"<p>Una agencia de Community Management en Par\u00eds cerca de usted en Francia<\/p>\n","protected":false},"author":1,"featured_media":0,"parent":0,"menu_order":0,"comment_status":"closed","ping_status":"closed","template":"","meta":{"_acf_changed":false,"content-type":"","footnotes":""},"class_list":["post-20842","page","type-page","status-publish","hentry"],"acf":[],"aioseo_notices":[],"_links":{"self":[{"href":"https:\/\/open2europe.com\/es\/wp-json\/wp\/v2\/pages\/20842","targetHints":{"allow":["GET"]}}],"collection":[{"href":"https:\/\/open2europe.com\/es\/wp-json\/wp\/v2\/pages"}],"about":[{"href":"https:\/\/open2europe.com\/es\/wp-json\/wp\/v2\/types\/page"}],"author":[{"embeddable":true,"href":"https:\/\/open2europe.com\/es\/wp-json\/wp\/v2\/users\/1"}],"replies":[{"embeddable":true,"href":"https:\/\/open2europe.com\/es\/wp-json\/wp\/v2\/comments?post=20842"}],"version-history":[{"count":5,"href":"https:\/\/open2europe.com\/es\/wp-json\/wp\/v2\/pages\/20842\/revisions"}],"predecessor-version":[{"id":31574,"href":"https:\/\/open2europe.com\/es\/wp-json\/wp\/v2\/pages\/20842\/revisions\/31574"}],"wp:attachment":[{"href":"https:\/\/open2europe.com\/es\/wp-json\/wp\/v2\/media?parent=20842"}],"curies":[{"name":"wp","href":"https:\/\/api.w.org\/{rel}","templated":true}]}}