{"id":20900,"date":"2021-10-05T16:27:44","date_gmt":"2021-10-05T14:27:44","guid":{"rendered":"https:\/\/open2europe.com\/nuestra-experiencia-por-profesion\/"},"modified":"2021-10-05T16:30:50","modified_gmt":"2021-10-05T14:30:50","slug":"nuestra-experiencia-por-profesion","status":"publish","type":"page","link":"https:\/\/open2europe.com\/es\/nuestra-experiencia-por-profesion\/","title":{"rendered":"Nuestra experiencia por profesi\u00f3n"},"content":{"rendered":"<div class=\"et_d4_element et_pb_section et_pb_section_0  et_pb_css_mix_blend_mode et_section_regular et_block_section\" >\n\t\t\t\t\n\t\t\t\t\n\t\t\t\t\n\t\t\t\t\n\t\t\t\t\n\t\t\t\t\n\t\t\t\t<div class=\"et_d4_element et_pb_row et_pb_row_0  et_pb_css_mix_blend_mode et_block_row\">\n\t\t\t\t<div class=\"et_d4_element et_pb_column_4_4 et_pb_column et_pb_column_0  et_pb_css_mix_blend_mode et-last-child et_block_column\">\n\t\t\t\t\n\t\t\t\t\n\t\t\t\t\n\t\t\t\t\n\t\t\t\t<div class=\"et_pb_module et_d4_element et_pb_text et_pb_text_0  et_pb_text_align_left et_pb_bg_layout_light\">\n\t\t\t\t\n\t\t\t\t\n\t\t\t\t\n\t\t\t\t\n\t\t\t\t<div class=\"et_pb_text_inner\"><p>La agencia de relaciones con la prensa Open2Europe ahora se basa en 5 \u00e1reas de experiencia s\u00f3lidas y estructuradas que se pueden activar juntas para aumentar la comunicaci\u00f3n, los mensajes y alcanzar todos los objetivos deseados.<\/p>\n<p>Open2Europe es una agencia de relaciones con la prensa, pero tambi\u00e9n una agencia de influencia con su filial <a href=\"https:\/\/open2influence.com\/\" target=\"_blank\" rel=\"noopener\">Open2Influence<\/a> y una agencia de comunicaci\u00f3n digital y community management con su filial <a href=\"https:\/\/open2digital.com\/\" target=\"_blank\" rel=\"noopener\">Open2Digital<\/a>.<\/p>\n<p>Open2Europe tambi\u00e9n pone a disposici\u00f3n de las marcas su trabajo de seguimiento permanente y su producci\u00f3n de contenidos para ofrecer una comunicaci\u00f3n 360 \u00b0.<\/p><\/div>\n\t\t\t<\/div>\n\t\t\t<\/div>\n\t\t\t\t\n\t\t\t\t\n\t\t\t\t\n\t\t\t\t\n\t\t\t<\/div>\n\t\t\t\t\n\t\t\t\t\n\t\t\t<\/div>\n","protected":false},"excerpt":{"rendered":"<p><a href=\"https:\/\/open2europe.com\/agence-de-relations-presse\/\">Relaciones de prensa<\/a><br \/>\n<a href=\"https:\/\/open2europe.com\/agence-de-brand-management\/\">Brand Management<\/a><br \/>\n<a href=\"https:\/\/open2europe.com\/agence-digital\/\">Digital<\/a><br \/>\n<a href=\"https:\/\/open2europe.com\/agence-content\/\">Contenido<\/a><br \/>\n<a href=\"https:\/\/open2europe.com\/agence-influence\/\">Influence<\/a><\/p>\n","protected":false},"author":1,"featured_media":0,"parent":0,"menu_order":0,"comment_status":"closed","ping_status":"closed","template":"","meta":{"_acf_changed":false,"content-type":"","_et_pb_use_builder":"off","_et_pb_old_content":"","_et_gb_content_width":"","footnotes":""},"class_list":["post-20900","page","type-page","status-publish","hentry"],"acf":[],"aioseo_notices":[],"_links":{"self":[{"href":"https:\/\/open2europe.com\/es\/wp-json\/wp\/v2\/pages\/20900","targetHints":{"allow":["GET"]}}],"collection":[{"href":"https:\/\/open2europe.com\/es\/wp-json\/wp\/v2\/pages"}],"about":[{"href":"https:\/\/open2europe.com\/es\/wp-json\/wp\/v2\/types\/page"}],"author":[{"embeddable":true,"href":"https:\/\/open2europe.com\/es\/wp-json\/wp\/v2\/users\/1"}],"replies":[{"embeddable":true,"href":"https:\/\/open2europe.com\/es\/wp-json\/wp\/v2\/comments?post=20900"}],"version-history":[{"count":8,"href":"https:\/\/open2europe.com\/es\/wp-json\/wp\/v2\/pages\/20900\/revisions"}],"predecessor-version":[{"id":20911,"href":"https:\/\/open2europe.com\/es\/wp-json\/wp\/v2\/pages\/20900\/revisions\/20911"}],"wp:attachment":[{"href":"https:\/\/open2europe.com\/es\/wp-json\/wp\/v2\/media?parent=20900"}],"curies":[{"name":"wp","href":"https:\/\/api.w.org\/{rel}","templated":true}]}}