{"id":20906,"date":"2021-10-05T16:28:56","date_gmt":"2021-10-05T14:28:56","guid":{"rendered":"https:\/\/open2europe.com\/agencia-de-consultoria-de-estrategia-de-influencia\/"},"modified":"2021-12-14T11:14:22","modified_gmt":"2021-12-14T10:14:22","slug":"agencia-de-consultoria-de-estrategia-de-influencia","status":"publish","type":"page","link":"https:\/\/open2europe.com\/es\/agencia-de-consultoria-de-estrategia-de-influencia\/","title":{"rendered":"Agencia de consultor\u00eda de estrategia de influencia"},"content":{"rendered":"<div class=\"et_d4_element et_pb_section et_pb_section_0  et_pb_css_mix_blend_mode et_section_regular et_block_section\" >\n\t\t\t\t\n\t\t\t\t\n\t\t\t\t\n\t\t\t\t\n\t\t\t\t\n\t\t\t\t\n\t\t\t\t<div class=\"et_d4_element et_pb_row et_pb_row_0  et_pb_css_mix_blend_mode et_block_row\">\n\t\t\t\t<div class=\"et_d4_element et_pb_column_4_4 et_pb_column et_pb_column_0  et_pb_css_mix_blend_mode et-last-child et_block_column\">\n\t\t\t\t\n\t\t\t\t\n\t\t\t\t\n\t\t\t\t\n\t\t\t\t<div class=\"et_pb_module et_d4_element et_pb_text et_pb_text_0  et_pb_text_align_left et_pb_bg_layout_light\">\n\t\t\t\t\n\t\t\t\t\n\t\t\t\t\n\t\t\t\t\n\t\t\t\t<div class=\"et_pb_text_inner\">Esta transformaci\u00f3n digital, as\u00ed como la aparici\u00f3n de los influencers y la estrategia de influencia, ha cambiado profundamente la forma de entender y gestionar la comunicaci\u00f3n y las relaciones p\u00fablicas.<\/p>\n<p>Escuchamos sus problemas y le ayudamos a descifrar su impacto medi\u00e1tico y su presencia en l\u00ednea para ofrecerle soluciones originales que respondan a sus necesidades.<\/p>\n<p>Tanto si se trata de una start-up como de un gran grupo, de una organizaci\u00f3n p\u00fablica o privada, nuestros expertos le asesoran y dise\u00f1an estrategias de influencia personalizadas basadas en nuestras diferentes \u00e1reas de experiencia -contenido de marca, relaciones con los medios de comunicaci\u00f3n, relaciones con blogueros e influencers, medios sociales y e-reputaci\u00f3n- para servir a sus intereses y a sus objetivos de comunicaci\u00f3n: promocionar y vender sus productos y servicios, desarrollar su imagen o su capital intangible, reforzar su marca de empleador, mejorar su referenciaci\u00f3n natural, crear y desarrollar su comunidad de marca, etc.<\/div>\n\t\t\t<\/div>\n\t\t\t<\/div>\n\t\t\t\t\n\t\t\t\t\n\t\t\t\t\n\t\t\t\t\n\t\t\t<\/div>\n\t\t\t\t\n\t\t\t\t\n\t\t\t<\/div>\n","protected":false},"excerpt":{"rendered":"<p>Ser visible, deseable, rico en contenido, etc., son ahora los requisitos de las marcas que quieren seguir existiendo por s\u00ed mismas. Es a\u00fan m\u00e1s cierto que el ecosistema de Internet les obliga a hacerlo, sabiendo que no basta con tener una reputaci\u00f3n s\u00f3lida para estar bien integrado en el paisaje de la web, que es el objetivo de la estrategia de influencia.<\/p>\n","protected":false},"author":1,"featured_media":0,"parent":0,"menu_order":0,"comment_status":"closed","ping_status":"closed","template":"","meta":{"_acf_changed":false,"content-type":"","_et_pb_use_builder":"off","_et_pb_old_content":"","_et_gb_content_width":"","footnotes":""},"class_list":["post-20906","page","type-page","status-publish","hentry"],"acf":[],"aioseo_notices":[],"_links":{"self":[{"href":"https:\/\/open2europe.com\/es\/wp-json\/wp\/v2\/pages\/20906","targetHints":{"allow":["GET"]}}],"collection":[{"href":"https:\/\/open2europe.com\/es\/wp-json\/wp\/v2\/pages"}],"about":[{"href":"https:\/\/open2europe.com\/es\/wp-json\/wp\/v2\/types\/page"}],"author":[{"embeddable":true,"href":"https:\/\/open2europe.com\/es\/wp-json\/wp\/v2\/users\/1"}],"replies":[{"embeddable":true,"href":"https:\/\/open2europe.com\/es\/wp-json\/wp\/v2\/comments?post=20906"}],"version-history":[{"count":7,"href":"https:\/\/open2europe.com\/es\/wp-json\/wp\/v2\/pages\/20906\/revisions"}],"predecessor-version":[{"id":23388,"href":"https:\/\/open2europe.com\/es\/wp-json\/wp\/v2\/pages\/20906\/revisions\/23388"}],"wp:attachment":[{"href":"https:\/\/open2europe.com\/es\/wp-json\/wp\/v2\/media?parent=20906"}],"curies":[{"name":"wp","href":"https:\/\/api.w.org\/{rel}","templated":true}]}}