{"id":21012,"date":"2021-10-06T12:07:30","date_gmt":"2021-10-06T10:07:30","guid":{"rendered":"https:\/\/open2europe.com\/agencia-de-relaciones-con-la-prensa-inglaterra\/"},"modified":"2022-07-12T11:32:07","modified_gmt":"2022-07-12T09:32:07","slug":"agencia-de-relaciones-con-la-prensa-inglaterra","status":"publish","type":"page","link":"https:\/\/open2europe.com\/es\/agencia-de-relaciones-con-la-prensa-inglaterra\/","title":{"rendered":"Agencia de Relaciones con la Prensa Inglaterra"},"content":{"rendered":"<div class=\"et_d4_element et_pb_section et_pb_section_0  et_pb_css_mix_blend_mode et_section_regular et_block_section\" >\n\t\t\t\t\n\t\t\t\t\n\t\t\t\t\n\t\t\t\t\n\t\t\t\t\n\t\t\t\t\n\t\t\t\t<div class=\"et_d4_element et_pb_row et_pb_row_0  et_pb_css_mix_blend_mode et_block_row\">\n\t\t\t\t<div class=\"et_d4_element et_pb_column_4_4 et_pb_column et_pb_column_0  et_pb_css_mix_blend_mode et-last-child et_block_column\">\n\t\t\t\t\n\t\t\t\t\n\t\t\t\t\n\t\t\t\t\n\t\t\t\t<div class=\"et_pb_module et_d4_element et_pb_text et_pb_text_0  et_pb_text_align_left et_pb_bg_layout_light\">\n\t\t\t\t\n\t\t\t\t\n\t\t\t\t\n\t\t\t\t\n\t\t\t\t<div class=\"et_pb_text_inner\"><p>Desde Londres hasta Dubl\u00edn, nuestros consultores pueden desplegar su estrategia de relaciones con los medios de comunicaci\u00f3n y los influenciadores seg\u00fan las especificidades de los mercados del Reino Unido (Inglaterra, Escocia e Irlanda), y adaptar sus mensajes para difundirlos entre los medios locales con acciones espec\u00edficas: visitas de prensa en las principales redacciones, ruedas de prensa, intervenciones en ferias (Foodies Festival, World Travel Market, Professional Beauty, Internet World...).<\/p><\/div>\n\t\t\t<\/div>\n\t\t\t<\/div>\n\t\t\t\t\n\t\t\t\t\n\t\t\t\t\n\t\t\t\t\n\t\t\t<\/div>\n\t\t\t\t\n\t\t\t\t\n\t\t\t<\/div>\n","protected":false},"excerpt":{"rendered":"<p>El equipo ingl\u00e9s de Open2Europe puede gestionar su comunicaci\u00f3n en todo el Reino Unido<\/p>\n","protected":false},"author":1,"featured_media":0,"parent":0,"menu_order":0,"comment_status":"closed","ping_status":"closed","template":"","meta":{"_acf_changed":false,"content-type":"","_et_pb_use_builder":"off","_et_pb_old_content":"[vc_row full_width=\"stretch_row_content_no_spaces\" equal_height=\"yes\" video_overlay_color=\"rgba(10,10,10,0.27)\" css=\".vc_custom_1580831706990{background-position: center !important;background-repeat: no-repeat !important;background-size: cover !important;}\"][vc_column width=\"1\/2\" css=\".vc_custom_1582023213653{background-image: url(https:\/\/open2communications.com\/wp-content\/uploads\/2020\/02\/03_Expertises_Secteur_Mode.png?id=17679) !important;background-position: center !important;background-repeat: no-repeat !important;background-size: cover !important;}\"][\/vc_column][vc_column width=\"1\/2\" css=\".vc_custom_1582018534353{padding-right: 10% !important;padding-bottom: 3% !important;padding-left: 10% !important;}\"][vc_custom_heading source=\"post_title\" font_container=\"tag:h1|font_size:38|text_align:left|color:%233a3a3a\" use_theme_fonts=\"yes\" css_animation=\"left-to-right\" el_id=\"home\" css=\".vc_custom_1580832251072{padding-bottom: 3% !important;}\"][vc_custom_heading text=\"L\u2019\u00e9quipe anglaise d\u2019Open2Europe est capable de g\u00e9rer votre communication sur tout le Royaume-Uni.\" font_container=\"tag:h2|font_size:20|text_align:left\" use_theme_fonts=\"yes\" css=\".vc_custom_1621519602788{padding-bottom: 3% !important;}\"][vc_column_text]De Londres \u00e0 Dublin, nos consultants peuvent d\u00e9ployer votre strat\u00e9gie de relations m\u00e9dias et influenceurs aux sp\u00e9cificit\u00e9s des march\u00e9s de la zone UK (Angleterre, Ecosse et Irlande), et adapter vos messages pour les diffuser aux m\u00e9dias locaux avec des actions cibl\u00e9es : Press-tours dans les r\u00e9dactions cl\u00e9s, conf\u00e9rences de presse, prises de parole sur les salons (Foodies Festival, World Travel Market, Professional Beauty, Internet World\u2026).[\/vc_column_text][vc_btn title=\"En savoir plus\" style=\"outline\" shape=\"round\" color=\"black\" size=\"lg\" align=\"left\" link=\"url:https%3A%2F%2Fopen2communications.com%2Fcontact%2F|title:Agence%20Marketing%20d'Influence%20International||\" el_id=\"home\"][\/vc_column][\/vc_row][vc_row full_width=\"stretch_row_content_no_spaces\" equal_height=\"yes\"][vc_column width=\"1\/2\" css=\".vc_custom_1580834861830{padding-top: 10% !important;padding-right: 5% !important;padding-bottom: 5% !important;padding-left: 5% !important;background-color: #2c5398 !important;}\"][vc_custom_heading text=\"Parlons de vos projets!\r\nContactez-nous\" font_container=\"tag:h3|text_align:center|color:%23ffffff\" use_theme_fonts=\"yes\" link=\"url:https%3A%2F%2Fopen2digital.com%2Fcontact%2F|title:Contact||\"][vc_btn title=\"+33 1 55 02 14 53\" style=\"custom\" custom_background=\"#ffffff\" custom_text=\"#2c5398\" shape=\"round\" align=\"center\" i_icon_fontawesome=\"fas fa-phone-alt\" add_icon=\"true\" link=\"url:tel%3A%2B33155021453|||\"][\/vc_column][vc_column width=\"1\/2\" css=\".vc_custom_1580835110595{padding-top: 8% !important;padding-right: 8% !important;padding-bottom: 8% !important;padding-left: 8% !important;background-color: #19a5d4 !important;}\"][vc_custom_heading text=\"Retrouvez tout nos secteurs d'activites\" font_container=\"tag:h4|text_align:left\" use_theme_fonts=\"yes\" el_id=\"white\"][vc_row_inner gap=\"10\"][vc_column_inner width=\"1\/2\"][vc_column_text el_id=\"white\"]\r\n\r\nI am text block.\r\nClick edit button to change this text.\r\nLorem ipsum dolor sit amet, consectetur adipiscing elit.\r\nUt elit tellus, luctus nec ullamcorper mattis, pulvinar dapibus leo.\r\n\r\n[\/vc_column_text][\/vc_column_inner][vc_column_inner width=\"1\/2\"][vc_column_text el_id=\"white\"]\r\n\r\nI am text block.\r\nClick edit button to change this text.\r\nLorem ipsum dolor sit amet, consectetur adipiscing elit.\r\nUt elit tellus, luctus nec ullamcorper mattis, pulvinar dapibus leo.\r\n\r\n[\/vc_column_text][\/vc_column_inner][\/vc_row_inner][\/vc_column][\/vc_row]","_et_gb_content_width":"","footnotes":""},"class_list":["post-21012","page","type-page","status-publish","hentry"],"acf":[],"aioseo_notices":[],"_links":{"self":[{"href":"https:\/\/open2europe.com\/es\/wp-json\/wp\/v2\/pages\/21012","targetHints":{"allow":["GET"]}}],"collection":[{"href":"https:\/\/open2europe.com\/es\/wp-json\/wp\/v2\/pages"}],"about":[{"href":"https:\/\/open2europe.com\/es\/wp-json\/wp\/v2\/types\/page"}],"author":[{"embeddable":true,"href":"https:\/\/open2europe.com\/es\/wp-json\/wp\/v2\/users\/1"}],"replies":[{"embeddable":true,"href":"https:\/\/open2europe.com\/es\/wp-json\/wp\/v2\/comments?post=21012"}],"version-history":[{"count":10,"href":"https:\/\/open2europe.com\/es\/wp-json\/wp\/v2\/pages\/21012\/revisions"}],"predecessor-version":[{"id":24025,"href":"https:\/\/open2europe.com\/es\/wp-json\/wp\/v2\/pages\/21012\/revisions\/24025"}],"wp:attachment":[{"href":"https:\/\/open2europe.com\/es\/wp-json\/wp\/v2\/media?parent=21012"}],"curies":[{"name":"wp","href":"https:\/\/api.w.org\/{rel}","templated":true}]}}