{"id":21032,"date":"2021-10-06T15:35:49","date_gmt":"2021-10-06T13:35:49","guid":{"rendered":"https:\/\/open2europe.com\/agencia-de-relaciones-con-la-prensa-bellesa-lujo\/"},"modified":"2021-12-09T17:44:10","modified_gmt":"2021-12-09T16:44:10","slug":"agencia-de-relaciones-con-la-prensa-bellesa-lujo","status":"publish","type":"page","link":"https:\/\/open2europe.com\/es\/agencia-de-relaciones-con-la-prensa-bellesa-lujo\/","title":{"rendered":"Agencia de Relaciones con la Prensa Belleza &amp; Lujo"},"content":{"rendered":"<div class=\"et_d4_element et_pb_section et_pb_section_0  et_pb_css_mix_blend_mode et_section_regular et_block_section\" >\n\t\t\t\t\n\t\t\t\t\n\t\t\t\t\n\t\t\t\t\n\t\t\t\t\n\t\t\t\t\n\t\t\t\t<div class=\"et_d4_element et_pb_row et_pb_row_0  et_pb_css_mix_blend_mode et_block_row\">\n\t\t\t\t<div class=\"et_d4_element et_pb_column_4_4 et_pb_column et_pb_column_0  et_pb_css_mix_blend_mode et-last-child et_block_column\">\n\t\t\t\t\n\t\t\t\t\n\t\t\t\t\n\t\t\t\t\n\t\t\t\t<div class=\"et_pb_module et_d4_element et_pb_text et_pb_text_0  et_pb_text_align_left et_pb_bg_layout_light\">\n\t\t\t\t\n\t\t\t\t\n\t\t\t\t\n\t\t\t\t\n\t\t\t\t<div class=\"et_pb_text_inner\"><p>Como verdaderos profesionales apasionados por este universo, nuestros asesores de prensa de belleza le ayudar\u00e1n a definir e implementar sus relaciones con los medios de comunicaci\u00f3n y los influenciadores para posicionar su marca (sea cual sea su posicionamiento: lujo, org\u00e1nico, electrobelleza, etc.) entre los referentes del mercado.<\/p>\n<p>Lanzamiento de productos, eventos de prensa o de influenciadores, visitas a f\u00e1bricas o talleres, pruebas de productos, apoyo en salones de comercio y de consumo (Salon du Spa et de l'Esth\u00e9tique, Mondial du Spa et de la Beaut\u00e9, etc.), nuestro equipo ofrece acciones a medida en respuesta a sus objetivos para obtener la m\u00e1xima visibilidad y una relaci\u00f3n de calidad con los influenciadores.<\/p>\n<p>Organizado dos veces al a\u00f1o (en marzo\/abril y septiembre\/octubre), nuestro evento de influencia del D\u00eda de la Belleza tambi\u00e9n ofrece una verdadera oportunidad de visibilidad en las redes sociales. Una oportunidad privilegiada para presentar sus nuevos productos en primicia y establecer una relaci\u00f3n estrecha y de calidad con los influencers.<\/p>\n<p>En contacto regular con los medios de comunicaci\u00f3n tradicionales (on\/offline, TV, radio), los profesionales (prensa especializada, mercado y distribuci\u00f3n) y el p\u00fablico en general (mujeres, hombres, consumidores en general, estilo de vida, etc.), tambi\u00e9n cultivamos un v\u00ednculo privilegiado con los blogueros, los influencers y los Youtubers de belleza, que ahora son esenciales debido a la audiencia y la credibilidad de la que gozan.<\/p>\n<p>Si desea ir m\u00e1s all\u00e1 en el desarrollo de su influencia, nuestra agencia de Influencia <a href=\"https:\/\/open2influence.com\/\" target=\"_blank\" rel=\"noopener\">Open2Influence<\/a>sabr\u00e1 como aconsejarle y, desplegar\u00e1 una estrategia de influencia en las redes sociales que responda exactamente a sus objetivos.<\/p>\n<p>Con el apoyo de nuestra agencia digital <a href=\"https:\/\/open2digital.com\/\" target=\"_blank\" rel=\"noopener\">Open2Digital<\/a>, desplegamos su estrategia de influencia en todas las redes sociales: Facebook, Twitter, Instagram, etc. para desarrollar su e-reputaci\u00f3n.<\/p>\n<p>Gracias a nuestros equipos europeos y a nuestras filiales con sede en China, Am\u00e9rica del Norte y \u00c1frica, disponemos de todos los recursos para garantizar el conocimiento y la visibilidad de su marca y sus productos en el extranjero.<\/p><\/div>\n\t\t\t<\/div>\n\t\t\t<\/div>\n\t\t\t\t\n\t\t\t\t\n\t\t\t\t\n\t\t\t\t\n\t\t\t<\/div>\n\t\t\t\t\n\t\t\t\t\n\t\t\t<\/div>\n","protected":false},"excerpt":{"rendered":"<p>El equipo de nuestra agencia de relaciones con la prensa en el sector de la Belleza y el Lujo est\u00e1 constantemente atento a las nuevas tendencias cosm\u00e9ticas, a los rituales de belleza que est\u00e1n de moda, a los tutoriales que est\u00e1n prosperando en la red,etc.<\/p>\n","protected":false},"author":1,"featured_media":0,"parent":0,"menu_order":0,"comment_status":"closed","ping_status":"closed","template":"","meta":{"_acf_changed":false,"content-type":"","_et_pb_use_builder":"off","_et_pb_old_content":"","_et_gb_content_width":"","footnotes":""},"class_list":["post-21032","page","type-page","status-publish","hentry"],"acf":[],"aioseo_notices":[],"_links":{"self":[{"href":"https:\/\/open2europe.com\/es\/wp-json\/wp\/v2\/pages\/21032","targetHints":{"allow":["GET"]}}],"collection":[{"href":"https:\/\/open2europe.com\/es\/wp-json\/wp\/v2\/pages"}],"about":[{"href":"https:\/\/open2europe.com\/es\/wp-json\/wp\/v2\/types\/page"}],"author":[{"embeddable":true,"href":"https:\/\/open2europe.com\/es\/wp-json\/wp\/v2\/users\/1"}],"replies":[{"embeddable":true,"href":"https:\/\/open2europe.com\/es\/wp-json\/wp\/v2\/comments?post=21032"}],"version-history":[{"count":5,"href":"https:\/\/open2europe.com\/es\/wp-json\/wp\/v2\/pages\/21032\/revisions"}],"predecessor-version":[{"id":23147,"href":"https:\/\/open2europe.com\/es\/wp-json\/wp\/v2\/pages\/21032\/revisions\/23147"}],"wp:attachment":[{"href":"https:\/\/open2europe.com\/es\/wp-json\/wp\/v2\/media?parent=21032"}],"curies":[{"name":"wp","href":"https:\/\/api.w.org\/{rel}","templated":true}]}}