{"id":21054,"date":"2021-10-06T16:44:05","date_gmt":"2021-10-06T14:44:05","guid":{"rendered":"https:\/\/open2europe.com\/agencia-de-relaciones-con-la-prensa-cultura-y-ocio\/"},"modified":"2021-12-09T17:54:13","modified_gmt":"2021-12-09T16:54:13","slug":"agencia-de-relaciones-con-la-prensa-cultura-y-ocio","status":"publish","type":"page","link":"https:\/\/open2europe.com\/es\/agencia-de-relaciones-con-la-prensa-cultura-y-ocio\/","title":{"rendered":"Agencia de Relaciones con la Prensa Cultura y Ocio"},"content":{"rendered":"<div class=\"et_d4_element et_pb_section et_pb_section_0  et_pb_css_mix_blend_mode et_section_regular et_block_section\" >\n\t\t\t\t\n\t\t\t\t\n\t\t\t\t\n\t\t\t\t\n\t\t\t\t\n\t\t\t\t\n\t\t\t\t<div class=\"et_d4_element et_pb_row et_pb_row_0  et_pb_css_mix_blend_mode et_block_row\">\n\t\t\t\t<div class=\"et_d4_element et_pb_column_4_4 et_pb_column et_pb_column_0  et_pb_css_mix_blend_mode et-last-child et_block_column\">\n\t\t\t\t\n\t\t\t\t\n\t\t\t\t\n\t\t\t\t\n\t\t\t\t<div class=\"et_pb_module et_d4_element et_pb_text et_pb_text_0  et_pb_text_align_left et_pb_bg_layout_light\">\n\t\t\t\t\n\t\t\t\t\n\t\t\t\t\n\t\t\t\t\n\t\t\t\t<div class=\"et_pb_text_inner\"><p>Nuestro sector de Cultura y Ocio interviene en todos los \u00e1mbitos de las Artes y la Cultura (artes visuales, arquitectura y urbanismo, dise\u00f1o y decoraci\u00f3n, patrimonio, patrocinio y fundaciones, turismo cultural, etc.), y promueve sus eventos en Francia y en el extranjero: festivales culturales, inauguraciones de exposiciones, temporadas culturales, firmas de libros, preestrenos de pel\u00edculas, conferencias o simposios,etc. Ya sea para un evento puntual o para la promoci\u00f3n a largo plazo de un lugar o un proyecto art\u00edstico, nuestros equipos est\u00e1n a su lado para establecer una estrategia publicitaria, desarrollar el contenido y dar as\u00ed contenido a todos sus proyectos.<\/p>\n<p>Ante sus retos, nuestros expertos, con un perfecto conocimiento del mundo de la cultura, podr\u00e1n dise\u00f1ar una estrategia de comunicaci\u00f3n adaptada a las expectativas tanto de los medios de comunicaci\u00f3n como de su p\u00fablico final. Establecer una relaci\u00f3n profesional eficaz con los principales medios de comunicaci\u00f3n de la prensa, la televisi\u00f3n, la radio y la web, pero tambi\u00e9n colaborar con los \"nuevos influenciadores\", los blogueros: nuestro equipo har\u00e1 todo lo posible para garantizar la m\u00e1xima visibilidad.<\/p>\n<p>Adem\u00e1s, gracias a nuestros equipos de consultores europeos y a nuestras filiales en China, Norteam\u00e9rica y \u00c1frica, estamos plenamente capacitados para promocionar sus eventos y su reputaci\u00f3n a nivel internacional.<\/p>\n<p>Nuestro equipo de <a href=\"https:\/\/open2digital.com\/\" target=\"_blank\" rel=\"noopener noreferrer\">Open2Digital<\/a>sabr\u00e1 asesorarle en la definici\u00f3n e implementaci\u00f3n operativa de su estrategia de influencia a trav\u00e9s de las redes sociales: Facebook, Twitter, Instagram, Pinterest, etc.<\/p><\/div>\n\t\t\t<\/div>\n\t\t\t<\/div>\n\t\t\t\t\n\t\t\t\t\n\t\t\t\t\n\t\t\t\t\n\t\t\t<\/div>\n\t\t\t\t\n\t\t\t\t\n\t\t\t<\/div>\n","protected":false},"excerpt":{"rendered":"<p>La oferta de eventos art\u00edsticos y culturales es cada vez m\u00e1s extensa. Nuestro equipo dedicado a la cultura y el ocio lleva a cabo una comunicaci\u00f3n global en l\u00ednea con las expectativas de los medios de comunicaci\u00f3n en los mundos de la cultura y el entretenimiento<\/p>\n","protected":false},"author":1,"featured_media":0,"parent":0,"menu_order":0,"comment_status":"closed","ping_status":"closed","template":"","meta":{"_acf_changed":false,"content-type":"","_et_pb_use_builder":"off","_et_pb_old_content":"","_et_gb_content_width":"","footnotes":""},"class_list":["post-21054","page","type-page","status-publish","hentry"],"acf":[],"aioseo_notices":[],"_links":{"self":[{"href":"https:\/\/open2europe.com\/es\/wp-json\/wp\/v2\/pages\/21054","targetHints":{"allow":["GET"]}}],"collection":[{"href":"https:\/\/open2europe.com\/es\/wp-json\/wp\/v2\/pages"}],"about":[{"href":"https:\/\/open2europe.com\/es\/wp-json\/wp\/v2\/types\/page"}],"author":[{"embeddable":true,"href":"https:\/\/open2europe.com\/es\/wp-json\/wp\/v2\/users\/1"}],"replies":[{"embeddable":true,"href":"https:\/\/open2europe.com\/es\/wp-json\/wp\/v2\/comments?post=21054"}],"version-history":[{"count":4,"href":"https:\/\/open2europe.com\/es\/wp-json\/wp\/v2\/pages\/21054\/revisions"}],"predecessor-version":[{"id":23182,"href":"https:\/\/open2europe.com\/es\/wp-json\/wp\/v2\/pages\/21054\/revisions\/23182"}],"wp:attachment":[{"href":"https:\/\/open2europe.com\/es\/wp-json\/wp\/v2\/media?parent=21054"}],"curies":[{"name":"wp","href":"https:\/\/api.w.org\/{rel}","templated":true}]}}