{"id":21065,"date":"2021-10-06T17:23:45","date_gmt":"2021-10-06T15:23:45","guid":{"rendered":"https:\/\/open2europe.com\/agencia-de-relaciones-con-la-prensa-decoracion-diseno\/"},"modified":"2021-12-14T09:47:19","modified_gmt":"2021-12-14T08:47:19","slug":"agencia-de-relaciones-con-la-prensa-decoracion-diseno","status":"publish","type":"page","link":"https:\/\/open2europe.com\/es\/agencia-de-relaciones-con-la-prensa-decoracion-diseno\/","title":{"rendered":"Agencia de Relaciones con la Prensa Decoraci\u00f3n &amp; Dise\u00f1o"},"content":{"rendered":"<div class=\"et_d4_element et_pb_section et_pb_section_0  et_pb_css_mix_blend_mode et_section_regular et_block_section\" >\n\t\t\t\t\n\t\t\t\t\n\t\t\t\t\n\t\t\t\t\n\t\t\t\t\n\t\t\t\t\n\t\t\t\t<div class=\"et_d4_element et_pb_row et_pb_row_0  et_pb_css_mix_blend_mode et_block_row\">\n\t\t\t\t<div class=\"et_d4_element et_pb_column_4_4 et_pb_column et_pb_column_0  et_pb_css_mix_blend_mode et-last-child et_block_column\">\n\t\t\t\t\n\t\t\t\t\n\t\t\t\t\n\t\t\t\t\n\t\t\t\t<div class=\"et_pb_module et_d4_element et_pb_text et_pb_text_0  et_pb_text_align_left et_pb_bg_layout_light\">\n\t\t\t\t\n\t\t\t\t\n\t\t\t\t\n\t\t\t\t\n\t\t\t\t<div class=\"et_pb_text_inner\"><p>Como verdaderos especialistas, nos beneficiamos de un s\u00f3lido conocimiento de la industria del mueble y de sus problemas, y somos capaces de apoyar a todos los actores y marcas de este sector (marcas de dise\u00f1o de interiores, muebles, ropa de cama, muebles de jard\u00edn, arte de la mesa, ropa de hogar, etc.).<\/p>\n<p>Lanzamientos de productos, eventos de prensa o de influenciadores, visitas a f\u00e1bricas o talleres, pruebas de productos, apoyo en salones de comercio y consumo (Maison &amp; Objet, Foire de Paris, etc.) nuestro equipo ofrece acciones a medida en respuesta a sus objetivos para una m\u00e1xima visibilidad y una relaci\u00f3n de calidad con los influenciadores.<\/p>\n<p>Nuestros equipos de Relaciones P\u00fablicas est\u00e1n en contacto con todos los medios de comunicaci\u00f3n (on\/offline, TV, radio), con los profesionales -prensa del sector, mercado y distribuci\u00f3n- y con el p\u00fablico en general -decoraci\u00f3n, hogar, mujer, hombre, consumo general, estilo de vida, familia...-, pero tambi\u00e9n con los principales influenciadores en los \u00e1mbitos de la decoraci\u00f3n, el dise\u00f1o y el estilo de vida en general con el apoyo de nuestra agencia de Influencia <a href=\"https:\/\/open2influence.com\/\" target=\"_blank\" rel=\"noopener\">Open2Influence<\/a>; adaptamos nuestros mensajes y acciones a cada uno de sus objetivos.<\/p>\n<p>Junto con <a href=\"https:\/\/open2digital.com\/\" target=\"_blank\" rel=\"noopener\">Open2Digital<\/a>, nuestra agencia digital dedicada a la gesti\u00f3n de la identidad y la reputaci\u00f3n digital, nuestro sector despliega su estrategia de gesti\u00f3n de la influencia y la comunidad en las redes sociales.<\/p>\n<p>Con nuestros consultores europeos y nuestras filiales en China, Norteam\u00e9rica y \u00c1frica, disponemos de todos los recursos para garantizar la notoriedad y la visibilidad de su marca y sus productos en el extranjero.<\/p><\/div>\n\t\t\t<\/div>\n\t\t\t<\/div>\n\t\t\t\t\n\t\t\t\t\n\t\t\t\t\n\t\t\t\t\n\t\t\t<\/div>\n\t\t\t\t\n\t\t\t\t\n\t\t\t<\/div>\n","protected":false},"excerpt":{"rendered":"<p>Nuestro sector de Relaciones con la Prensa Decoraci\u00f3n y Dise\u00f1o est\u00e1 formado por profesionales apasionados por las nuevas tendencias de decoraci\u00f3n, las nuevas soluciones de mobiliario, el dise\u00f1o y la arquitectura&#8230;<\/p>\n","protected":false},"author":1,"featured_media":0,"parent":0,"menu_order":0,"comment_status":"closed","ping_status":"closed","template":"","meta":{"_acf_changed":false,"content-type":"","_et_pb_use_builder":"off","_et_pb_old_content":"","_et_gb_content_width":"","footnotes":""},"class_list":["post-21065","page","type-page","status-publish","hentry"],"acf":[],"aioseo_notices":[],"_links":{"self":[{"href":"https:\/\/open2europe.com\/es\/wp-json\/wp\/v2\/pages\/21065","targetHints":{"allow":["GET"]}}],"collection":[{"href":"https:\/\/open2europe.com\/es\/wp-json\/wp\/v2\/pages"}],"about":[{"href":"https:\/\/open2europe.com\/es\/wp-json\/wp\/v2\/types\/page"}],"author":[{"embeddable":true,"href":"https:\/\/open2europe.com\/es\/wp-json\/wp\/v2\/users\/1"}],"replies":[{"embeddable":true,"href":"https:\/\/open2europe.com\/es\/wp-json\/wp\/v2\/comments?post=21065"}],"version-history":[{"count":7,"href":"https:\/\/open2europe.com\/es\/wp-json\/wp\/v2\/pages\/21065\/revisions"}],"predecessor-version":[{"id":23199,"href":"https:\/\/open2europe.com\/es\/wp-json\/wp\/v2\/pages\/21065\/revisions\/23199"}],"wp:attachment":[{"href":"https:\/\/open2europe.com\/es\/wp-json\/wp\/v2\/media?parent=21065"}],"curies":[{"name":"wp","href":"https:\/\/api.w.org\/{rel}","templated":true}]}}