{"id":21091,"date":"2021-10-07T11:29:10","date_gmt":"2021-10-07T09:29:10","guid":{"rendered":"https:\/\/open2europe.com\/agencia-de-relaciones-con-la-prensa-alta-tecnologia-b2b\/"},"modified":"2021-12-09T17:50:55","modified_gmt":"2021-12-09T16:50:55","slug":"agencia-de-relaciones-con-la-prensa-alta-tecnologia-b2b","status":"publish","type":"page","link":"https:\/\/open2europe.com\/es\/agencia-de-relaciones-con-la-prensa-alta-tecnologia-b2b\/","title":{"rendered":"Agencia de Relaciones con la Prensa alta tecnolog\u00eda B2B"},"content":{"rendered":"<div class=\"et_d4_element et_pb_section et_pb_section_0  et_pb_css_mix_blend_mode et_section_regular et_block_section\" >\n\t\t\t\t\n\t\t\t\t\n\t\t\t\t\n\t\t\t\t\n\t\t\t\t\n\t\t\t\t\n\t\t\t\t<div class=\"et_d4_element et_pb_row et_pb_row_0  et_pb_css_mix_blend_mode et_block_row\">\n\t\t\t\t<div class=\"et_d4_element et_pb_column_4_4 et_pb_column et_pb_column_0  et_pb_css_mix_blend_mode et-last-child et_block_column\">\n\t\t\t\t\n\t\t\t\t\n\t\t\t\t\n\t\t\t\t\n\t\t\t\t<div class=\"et_pb_module et_d4_element et_pb_text et_pb_text_0  et_pb_text_align_left et_pb_bg_layout_light\">\n\t\t\t\t\n\t\t\t\t\n\t\t\t\t\n\t\t\t\t\n\t\t\t\t<div class=\"et_pb_text_inner\"><p>Desde hace 20 a\u00f1os, nuestros consultores de la divisi\u00f3n de alta tecnolog\u00eda B2B ayudan a las empresas de diversos \u00e1mbitos: servicios inform\u00e1ticos, computaci\u00f3n en la nube, ciberseguridad, rob\u00f3tica, trabajo colaborativo, Big Data, transporte log\u00edstico, banca electr\u00f3nica y comercio electr\u00f3nico, a implementar su estrategia de relaciones con la prensa.<\/p>\n<p>Viajes de prensa, visitas a f\u00e1bricas, redacci\u00f3n de opiniones de expertos o art\u00edculos de opini\u00f3n, libros blancos, organizaci\u00f3n de mesas redondas, lanzamientos de productos, creaci\u00f3n de eventos de prensa... nuestro equipo est\u00e1 a su servicio para crear estrategias de comunicaci\u00f3n personalizadas.<\/p>\n<p>En cuanto a los medios de comunicaci\u00f3n, las publicaciones profesionales ocupan un lugar \u00fanico. Se benefician de una redacci\u00f3n de calidad y se dirigen a objetivos bien definidos. Los profesionales BtoB tienen todas las de ganar si transmiten su mensaje.<\/p>\n<p>Adem\u00e1s, gracias a la proximidad de nuestra agencia <a href=\"https:\/\/open2digital.com\/\" target=\"_blank\" rel=\"noopener\">Open2Digital<\/a>, tambi\u00e9n sabremos asesorarle y ayudarle a gestionar su presencia en las redes sociales profesionales (Twitter, Linkedin...)<\/p>\n<p>En cuanto a los eventos, acompa\u00f1amos a cada uno de nuestros clientes a sus ferias preferidas (Paris Retail Week, Mobility For Business, Expo Protection, SITL, Educatec, Salon des Maires et des Collectivit\u00e9s Locales, Solutions Intranet et Travail Collaboratif, IT partners, CES, Mobile World Congress, etc.), que son verdaderas intersecciones donde se combinan las estrategias comerciales y las relaciones con los medios de comunicaci\u00f3n. En el mercado de la alta tecnolog\u00eda B2B, nuestro papel es, m\u00e1s que nunca, ser un socio en el desarrollo del negocio de nuestros clientes.<\/p>\n<p>Con presencia en varios continentes, podemos acompa\u00f1arle en sus diferentes mercados objetivo: por supuesto, en Europa, pero tambi\u00e9n en China, Norteam\u00e9rica y \u00c1frica.<\/p><\/div>\n\t\t\t<\/div>\n\t\t\t<\/div>\n\t\t\t\t\n\t\t\t\t\n\t\t\t\t\n\t\t\t\t\n\t\t\t<\/div>\n\t\t\t\t\n\t\t\t\t\n\t\t\t<\/div>\n","protected":false},"excerpt":{"rendered":"<p>Nuestra agencia de relaciones p\u00fablicas Open2Europe responde a las necesidades de las empresas que operan en el sector de las nuevas tecnolog\u00edas y de los servicios BtoB de alta tecnolog\u00eda: start-ups innovadoras con fuerte potencial o grandes cuentas<\/p>\n","protected":false},"author":1,"featured_media":0,"parent":0,"menu_order":0,"comment_status":"closed","ping_status":"closed","template":"","meta":{"_acf_changed":false,"content-type":"","_et_pb_use_builder":"off","_et_pb_old_content":"","_et_gb_content_width":"","footnotes":""},"class_list":["post-21091","page","type-page","status-publish","hentry"],"acf":[],"aioseo_notices":[],"_links":{"self":[{"href":"https:\/\/open2europe.com\/es\/wp-json\/wp\/v2\/pages\/21091","targetHints":{"allow":["GET"]}}],"collection":[{"href":"https:\/\/open2europe.com\/es\/wp-json\/wp\/v2\/pages"}],"about":[{"href":"https:\/\/open2europe.com\/es\/wp-json\/wp\/v2\/types\/page"}],"author":[{"embeddable":true,"href":"https:\/\/open2europe.com\/es\/wp-json\/wp\/v2\/users\/1"}],"replies":[{"embeddable":true,"href":"https:\/\/open2europe.com\/es\/wp-json\/wp\/v2\/comments?post=21091"}],"version-history":[{"count":4,"href":"https:\/\/open2europe.com\/es\/wp-json\/wp\/v2\/pages\/21091\/revisions"}],"predecessor-version":[{"id":23166,"href":"https:\/\/open2europe.com\/es\/wp-json\/wp\/v2\/pages\/21091\/revisions\/23166"}],"wp:attachment":[{"href":"https:\/\/open2europe.com\/es\/wp-json\/wp\/v2\/media?parent=21091"}],"curies":[{"name":"wp","href":"https:\/\/api.w.org\/{rel}","templated":true}]}}