{"id":21142,"date":"2021-10-07T16:28:18","date_gmt":"2021-10-07T14:28:18","guid":{"rendered":"https:\/\/open2europe.com\/agencia-de-relaciones-con-la-prensa-de-alimentos-y-bebidas\/"},"modified":"2021-12-14T09:56:36","modified_gmt":"2021-12-14T08:56:36","slug":"agencia-de-relaciones-con-la-prensa-de-alimentos-y-bebidas","status":"publish","type":"page","link":"https:\/\/open2europe.com\/es\/agencia-de-relaciones-con-la-prensa-de-alimentos-y-bebidas\/","title":{"rendered":"Agencia de Relaciones con la Prensa de Alimentos y Bebidas"},"content":{"rendered":"<div class=\"et_d4_element et_pb_section et_pb_section_0  et_pb_css_mix_blend_mode et_section_regular et_block_section\" >\n\t\t\t\t\n\t\t\t\t\n\t\t\t\t\n\t\t\t\t\n\t\t\t\t\n\t\t\t\t\n\t\t\t\t<div class=\"et_d4_element et_pb_row et_pb_row_0  et_pb_css_mix_blend_mode et_block_row\">\n\t\t\t\t<div class=\"et_d4_element et_pb_column_4_4 et_pb_column et_pb_column_0  et_pb_css_mix_blend_mode et-last-child et_block_column\">\n\t\t\t\t\n\t\t\t\t\n\t\t\t\t\n\t\t\t\t\n\t\t\t\t<div class=\"et_pb_module et_d4_element et_pb_text et_pb_text_0  et_pb_text_align_left et_pb_bg_layout_light\">\n\t\t\t\t\n\t\t\t\t\n\t\t\t\t\n\t\t\t\t\n\t\t\t\t<div class=\"et_pb_text_inner\"><p>Como verdaderos especialistas, nuestros consultores expertos en relaciones p\u00fablicas en el \u00e1mbito de la alimentaci\u00f3n tienen un s\u00f3lido conocimiento del sector y de sus problem\u00e1ticas. Pueden acompa\u00f1ar a todos los actores de la industria alimentaria (supermercados, marcas nacionales y marcas blancas, cadenas y franquicias, fabricantes, artesanos, restaurantes, etc.), as\u00ed como a los cocineros (conocidos o nuevos talentos) que deseen dar a conocer sus creaciones a trav\u00e9s de los medios de comunicaci\u00f3n.<\/p>\n<p>Lanzamiento de productos o gamas, visitas a f\u00e1bricas o granjas, creaci\u00f3n de recetas, sesiones fotogr\u00e1ficas y talleres culinarios, mesas redondas, acompa\u00f1amiento en los principales salones profesionales y de consumo del sector (SIAL, SIRHA, Sandwich&amp;Snack Show, Salon du Chocolat, etc.), nuestro equipo ofrece acciones a medida en respuesta a sus objetivos para obtener la m\u00e1xima visibilidad y una relaci\u00f3n de calidad con los influencers.<\/p>\n<p>Organizado dos veces al a\u00f1o (en marzo\/abril y septiembre\/octubre), nuestro evento de influencia del D\u00eda de la Alimentaci\u00f3n tambi\u00e9n ofrece una verdadera oportunidad de visibilidad en las redes sociales. Una oportunidad privilegiada para presentar sus nuevos productos en primicia, hacerlos degustar y establecer una relaci\u00f3n estrecha y de calidad con los influencers.<\/p>\n<p>Estamos en contacto regular con los medios de comunicaci\u00f3n tradicionales (on\/offline, TV, radio), con los profesionales (prensa del sector, mercado y distribuci\u00f3n) y con el p\u00fablico en general (femenino, culinario, gastron\u00f3mico, vinos y licores, consumo general, estilo de vida, salud y nutrici\u00f3n, etc.). Tambi\u00e9n cultivamos un v\u00ednculo privilegiado con los blogueros, influencers y Youtubers especializados en alimentaci\u00f3n o entusiastas de la comida, que ahora son imprescindibles por la audiencia y credibilidad de la que gozan.<\/p>\n<p>Si desea ir m\u00e1s all\u00e1 en el desarrollo de su influencia, nuestra agencia de Influencia <a href=\"https:\/\/open2influence.com\/\" target=\"_blank\" rel=\"noopener\">Open2Influence<\/a>sabr\u00e1 como aconsejarle y, desplegar\u00e1 una estrategia de influencia en las redes sociales que responda exactamente a sus objetivos.<\/p>\n<p>Con el apoyo de nuestra agencia digital <a href=\"https:\/\/open2digital.com\/\" target=\"_blank\" rel=\"noopener\">Open2Digital<\/a>, desplegamos su estrategia de influencia en todas las redes sociales: Facebook, Twitter, Instagram, etc. para desarrollar su e-reputaci\u00f3n.<\/p>\n<p>Gracias a nuestros equipos europeos y a nuestras filiales con sede en China, Norteam\u00e9rica y \u00c1frica, disponemos de todos los recursos para garantizar el conocimiento y la visibilidad de su marca y sus productos a nivel internacional.<\/p><\/div>\n\t\t\t<\/div>\n\t\t\t<\/div>\n\t\t\t\t\n\t\t\t\t\n\t\t\t\t\n\t\t\t\t\n\t\t\t<\/div>\n\t\t\t\t\n\t\t\t\t\n\t\t\t<\/div>\n","protected":false},"excerpt":{"rendered":"<p>En nuestra agencia de relaciones de prensa Alimentaci\u00f3n &amp; Bebidas, dentro del sector Alimentaci\u00f3n &amp; Bebidas PR de nuestra agencia, nuestros consultores son todos epic\u00fareos y apasionados de la gastronom\u00eda y la cocina<\/p>\n","protected":false},"author":1,"featured_media":0,"parent":0,"menu_order":0,"comment_status":"closed","ping_status":"closed","template":"","meta":{"_acf_changed":false,"content-type":"","_et_pb_use_builder":"off","_et_pb_old_content":"","_et_gb_content_width":"","footnotes":""},"class_list":["post-21142","page","type-page","status-publish","hentry"],"acf":[],"aioseo_notices":[],"_links":{"self":[{"href":"https:\/\/open2europe.com\/es\/wp-json\/wp\/v2\/pages\/21142","targetHints":{"allow":["GET"]}}],"collection":[{"href":"https:\/\/open2europe.com\/es\/wp-json\/wp\/v2\/pages"}],"about":[{"href":"https:\/\/open2europe.com\/es\/wp-json\/wp\/v2\/types\/page"}],"author":[{"embeddable":true,"href":"https:\/\/open2europe.com\/es\/wp-json\/wp\/v2\/users\/1"}],"replies":[{"embeddable":true,"href":"https:\/\/open2europe.com\/es\/wp-json\/wp\/v2\/comments?post=21142"}],"version-history":[{"count":4,"href":"https:\/\/open2europe.com\/es\/wp-json\/wp\/v2\/pages\/21142\/revisions"}],"predecessor-version":[{"id":23210,"href":"https:\/\/open2europe.com\/es\/wp-json\/wp\/v2\/pages\/21142\/revisions\/23210"}],"wp:attachment":[{"href":"https:\/\/open2europe.com\/es\/wp-json\/wp\/v2\/media?parent=21142"}],"curies":[{"name":"wp","href":"https:\/\/api.w.org\/{rel}","templated":true}]}}