{"id":21193,"date":"2021-10-12T10:24:25","date_gmt":"2021-10-12T08:24:25","guid":{"rendered":"https:\/\/open2europe.com\/agencia-de-relaciones-con-la-prensa-industria\/"},"modified":"2021-12-14T10:07:29","modified_gmt":"2021-12-14T09:07:29","slug":"agencia-de-relaciones-con-la-prensa-industria","status":"publish","type":"page","link":"https:\/\/open2europe.com\/es\/agencia-de-relaciones-con-la-prensa-industria\/","title":{"rendered":"Agencia de Relaciones con la Prensa Industria"},"content":{"rendered":"<div class=\"et_d4_element et_pb_section et_pb_section_0  et_pb_css_mix_blend_mode et_section_regular et_block_section\" >\n\t\t\t\t\n\t\t\t\t\n\t\t\t\t\n\t\t\t\t\n\t\t\t\t\n\t\t\t\t\n\t\t\t\t<div class=\"et_d4_element et_pb_row et_pb_row_0  et_pb_css_mix_blend_mode et_block_row\">\n\t\t\t\t<div class=\"et_d4_element et_pb_column_4_4 et_pb_column et_pb_column_0  et_pb_css_mix_blend_mode et-last-child et_block_column\">\n\t\t\t\t\n\t\t\t\t\n\t\t\t\t\n\t\t\t\t\n\t\t\t\t<div class=\"et_pb_module et_d4_element et_pb_text et_pb_text_0  et_pb_text_align_left et_pb_bg_layout_light\">\n\t\t\t\t\n\t\t\t\t\n\t\t\t\t\n\t\t\t\t\n\t\t\t\t<div class=\"et_pb_text_inner\"><p>Los consultores de Relaciones Prensa B2B de Open2Europe conocen perfectamente el panorama de los medios de comunicaci\u00f3n dedicados a la industria, la construcci\u00f3n y las obras p\u00fablicas, las soluciones tecnol\u00f3gicas, el software, etc. y est\u00e1n familiarizados con las principales tendencias de sus sectores: industria 4.0, ciudad inteligente, edificio inteligente, mantenimiento predictivo, rob\u00f3tica, etc.<\/p>\n<p>Nuestro equipo adapta sus mensajes y acciones a cada uno de sus objetivos. En contacto diario con todos los medios de comunicaci\u00f3n (on\/offline, TV, radio), sabr\u00e1 posicionarle ante los actores de su mercado a trav\u00e9s de la prensa profesional y especializada, pero tambi\u00e9n de la prensa vertical...<\/p>\n<p>Junto con <a href=\"https:\/\/open2digital.com\/\" target=\"_blank\" rel=\"noopener\">Open2Digital<\/a>, nuestra filial dedicada al Community Management, nuestro sector tambi\u00e9n puede desplegar su estrategia de influencia en las redes sociales.<\/p>\n<p>Con nuestros consultores europeos y nuestras filiales en China, Am\u00e9rica del Norte y \u00c1frica, tambi\u00e9n disponemos de los recursos necesarios para garantizar el conocimiento y la visibilidad de su marca y sus productos en el extranjero.<\/p><\/div>\n\t\t\t<\/div>\n\t\t\t<\/div>\n\t\t\t\t\n\t\t\t\t\n\t\t\t\t\n\t\t\t\t\n\t\t\t<\/div>\n\t\t\t\t\n\t\t\t\t\n\t\t\t<\/div>\n","protected":false},"excerpt":{"rendered":"<p>La agencia de Relaciones P\u00fablicas Open2Europe cuenta con un centro de competencias B2B adaptado a los sectores de la Industria, la construcci\u00f3n, la energ\u00eda, la tecnolog\u00eda y las soluciones de software<\/p>\n","protected":false},"author":1,"featured_media":0,"parent":0,"menu_order":0,"comment_status":"closed","ping_status":"closed","template":"","meta":{"_acf_changed":false,"content-type":"","_et_pb_use_builder":"off","_et_pb_old_content":"","_et_gb_content_width":"","footnotes":""},"class_list":["post-21193","page","type-page","status-publish","hentry"],"acf":[],"aioseo_notices":[],"_links":{"self":[{"href":"https:\/\/open2europe.com\/es\/wp-json\/wp\/v2\/pages\/21193","targetHints":{"allow":["GET"]}}],"collection":[{"href":"https:\/\/open2europe.com\/es\/wp-json\/wp\/v2\/pages"}],"about":[{"href":"https:\/\/open2europe.com\/es\/wp-json\/wp\/v2\/types\/page"}],"author":[{"embeddable":true,"href":"https:\/\/open2europe.com\/es\/wp-json\/wp\/v2\/users\/1"}],"replies":[{"embeddable":true,"href":"https:\/\/open2europe.com\/es\/wp-json\/wp\/v2\/comments?post=21193"}],"version-history":[{"count":7,"href":"https:\/\/open2europe.com\/es\/wp-json\/wp\/v2\/pages\/21193\/revisions"}],"predecessor-version":[{"id":23219,"href":"https:\/\/open2europe.com\/es\/wp-json\/wp\/v2\/pages\/21193\/revisions\/23219"}],"wp:attachment":[{"href":"https:\/\/open2europe.com\/es\/wp-json\/wp\/v2\/media?parent=21193"}],"curies":[{"name":"wp","href":"https:\/\/api.w.org\/{rel}","templated":true}]}}