{"id":21196,"date":"2021-10-12T10:53:14","date_gmt":"2021-10-12T08:53:14","guid":{"rendered":"https:\/\/open2europe.com\/agencia-de-relaciones-con-la-prensa-2\/"},"modified":"2025-02-06T16:31:17","modified_gmt":"2025-02-06T15:31:17","slug":"agencia-de-relaciones-con-la-prensa-2","status":"publish","type":"page","link":"https:\/\/open2europe.com\/es\/agencia-de-relaciones-con-la-prensa-2\/","title":{"rendered":"Agencia de Relaciones con la Prensa"},"content":{"rendered":"<p><a href=\"https:\/\/open2europe.com\/es\/\">Las relaciones con la prensa<\/a> son fundamentales porque te permiten crear y mantener un v\u00ednculo duradero entre tu empresa y los periodistas. Por supuesto, las relaciones con la prensa no deben confundirse con la publicidad; un editorial tiene mucho m\u00e1s valor ya que el periodista da fe de la informaci\u00f3n que transmite.<\/p>\n<p>Nuestros equipos espa\u00f1oles e internacionales trabajan con toda la prensa (escrita, audiovisual, prensa online y offline), y en todas las categor\u00edas: p\u00fablico especializado, profesional, general o tem\u00e1tico.<\/p>\n<p>Nuestro trabajo: interesar, convencer, nutrir a los periodistas con contenido de valor agregado sobre su empresa, sus marcas y sus productos, y posicionarlo como un l\u00edder de pensamiento en su mercado.<\/p>\n","protected":false},"excerpt":{"rendered":"<p>Nuestra agencia de relaciones con la prensa Open2Europe le ofrece establecer una estrategia eficaz de relaciones con la prensa para ganar notoriedad y visibilidad y desarrollar su negocio.<\/p>\n","protected":false},"author":1,"featured_media":0,"parent":0,"menu_order":0,"comment_status":"closed","ping_status":"closed","template":"","meta":{"_acf_changed":false,"content-type":"","footnotes":""},"class_list":["post-21196","page","type-page","status-publish","hentry"],"acf":[],"aioseo_notices":[],"_links":{"self":[{"href":"https:\/\/open2europe.com\/es\/wp-json\/wp\/v2\/pages\/21196","targetHints":{"allow":["GET"]}}],"collection":[{"href":"https:\/\/open2europe.com\/es\/wp-json\/wp\/v2\/pages"}],"about":[{"href":"https:\/\/open2europe.com\/es\/wp-json\/wp\/v2\/types\/page"}],"author":[{"embeddable":true,"href":"https:\/\/open2europe.com\/es\/wp-json\/wp\/v2\/users\/1"}],"replies":[{"embeddable":true,"href":"https:\/\/open2europe.com\/es\/wp-json\/wp\/v2\/comments?post=21196"}],"version-history":[{"count":4,"href":"https:\/\/open2europe.com\/es\/wp-json\/wp\/v2\/pages\/21196\/revisions"}],"predecessor-version":[{"id":28488,"href":"https:\/\/open2europe.com\/es\/wp-json\/wp\/v2\/pages\/21196\/revisions\/28488"}],"wp:attachment":[{"href":"https:\/\/open2europe.com\/es\/wp-json\/wp\/v2\/media?parent=21196"}],"curies":[{"name":"wp","href":"https:\/\/api.w.org\/{rel}","templated":true}]}}