{"id":21224,"date":"2021-10-12T12:06:58","date_gmt":"2021-10-12T10:06:58","guid":{"rendered":"https:\/\/open2europe.com\/agencia-relaciones-prensa-startup\/"},"modified":"2021-12-14T10:12:52","modified_gmt":"2021-12-14T09:12:52","slug":"agencia-relaciones-prensa-startup","status":"publish","type":"page","link":"https:\/\/open2europe.com\/es\/agencia-relaciones-prensa-startup\/","title":{"rendered":"Agencia Relaciones con la Prensa Startup"},"content":{"rendered":"<div class=\"et_d4_element et_pb_section et_pb_section_0  et_pb_css_mix_blend_mode et_section_regular et_block_section\" >\n\t\t\t\t\n\t\t\t\t\n\t\t\t\t\n\t\t\t\t\n\t\t\t\t\n\t\t\t\t\n\t\t\t\t<div class=\"et_d4_element et_pb_row et_pb_row_0  et_pb_css_mix_blend_mode et_block_row\">\n\t\t\t\t<div class=\"et_d4_element et_pb_column_4_4 et_pb_column et_pb_column_0  et_pb_css_mix_blend_mode et-last-child et_block_column\">\n\t\t\t\t\n\t\t\t\t\n\t\t\t\t\n\t\t\t\t\n\t\t\t\t<div class=\"et_pb_module et_d4_element et_pb_text et_pb_text_0  et_pb_text_align_left et_pb_bg_layout_light\">\n\t\t\t\t\n\t\t\t\t\n\t\t\t\t\n\t\t\t\t\n\t\t\t\t<div class=\"et_pb_text_inner\">Nuestra agencia de Relaciones Prensa, Influence &amp; Digital apoya a las Startups desde el comienzo de su proyecto ofreciendo servicios y presupuestos adaptados a sus diferentes necesidades: consultor\u00eda, creaci\u00f3n de contenidos, relaciones con la prensa, relaciones con influencers, comunicaci\u00f3n digital, community management, SEO, SEA, eventos, crowdfunding, etc. y en el ma\u00f1ana en las diferentes fases de su desarrollo en Europa o en el resto del mundo.<\/p>\n<p>Podemos satisfacer todas sus necesidades, ya sean puntuales o a largo plazo, sean cuales sean sus limitaciones presupuestarias o de calendario.<\/div>\n\t\t\t<\/div>\n\t\t\t<\/div>\n\t\t\t\t\n\t\t\t\t\n\t\t\t\t\n\t\t\t\t\n\t\t\t<\/div>\n\t\t\t\t\n\t\t\t\t\n\t\t\t<\/div>\n","protected":false},"excerpt":{"rendered":"<p>Open2Europe, la agencia de relaciones con la prensa para Startups, lleva m\u00e1s de 20 a\u00f1os apoyando a Startups de diversos sectores: alta tecnolog\u00eda, comercio electr\u00f3nico, alimentaci\u00f3n, movilidad, turismo, finanzas, industria, deporte, estilo de vida, etc.<\/p>\n","protected":false},"author":1,"featured_media":0,"parent":0,"menu_order":0,"comment_status":"closed","ping_status":"closed","template":"","meta":{"_acf_changed":false,"content-type":"","_et_pb_use_builder":"off","_et_pb_old_content":"","_et_gb_content_width":"","footnotes":""},"class_list":["post-21224","page","type-page","status-publish","hentry"],"acf":[],"aioseo_notices":[],"_links":{"self":[{"href":"https:\/\/open2europe.com\/es\/wp-json\/wp\/v2\/pages\/21224","targetHints":{"allow":["GET"]}}],"collection":[{"href":"https:\/\/open2europe.com\/es\/wp-json\/wp\/v2\/pages"}],"about":[{"href":"https:\/\/open2europe.com\/es\/wp-json\/wp\/v2\/types\/page"}],"author":[{"embeddable":true,"href":"https:\/\/open2europe.com\/es\/wp-json\/wp\/v2\/users\/1"}],"replies":[{"embeddable":true,"href":"https:\/\/open2europe.com\/es\/wp-json\/wp\/v2\/comments?post=21224"}],"version-history":[{"count":5,"href":"https:\/\/open2europe.com\/es\/wp-json\/wp\/v2\/pages\/21224\/revisions"}],"predecessor-version":[{"id":23230,"href":"https:\/\/open2europe.com\/es\/wp-json\/wp\/v2\/pages\/21224\/revisions\/23230"}],"wp:attachment":[{"href":"https:\/\/open2europe.com\/es\/wp-json\/wp\/v2\/media?parent=21224"}],"curies":[{"name":"wp","href":"https:\/\/api.w.org\/{rel}","templated":true}]}}