{"id":21234,"date":"2021-10-12T12:38:50","date_gmt":"2021-10-12T10:38:50","guid":{"rendered":"https:\/\/open2europe.com\/agencia-de-relaciones-con-la-prensa-en-europa\/"},"modified":"2022-11-15T14:52:42","modified_gmt":"2022-11-15T13:52:42","slug":"agencia-de-relaciones-con-la-prensa-en-europa","status":"publish","type":"page","link":"https:\/\/open2europe.com\/es\/agencia-de-relaciones-con-la-prensa-en-europa\/","title":{"rendered":"Agencia de Relaciones con la Prensa en Europa"},"content":{"rendered":"<div class=\"et_d4_element et_pb_section et_pb_section_0  et_pb_css_mix_blend_mode et_section_regular et_block_section\" >\n\t\t\t\t\n\t\t\t\t\n\t\t\t\t\n\t\t\t\t\n\t\t\t\t\n\t\t\t\t\n\t\t\t\t<div class=\"et_d4_element et_pb_row et_pb_row_0  et_pb_css_mix_blend_mode et_block_row\">\n\t\t\t\t<div class=\"et_d4_element et_pb_column_4_4 et_pb_column et_pb_column_0  et_pb_css_mix_blend_mode et-last-child et_block_column\">\n\t\t\t\t\n\t\t\t\t\n\t\t\t\t\n\t\t\t\t\n\t\t\t\t<div class=\"et_pb_module et_d4_element et_pb_text et_pb_text_0  et_pb_text_align_left et_pb_bg_layout_light\">\n\t\t\t\t\n\t\t\t\t\n\t\t\t\t\n\t\t\t\t\n\t\t\t\t<div class=\"et_pb_text_inner\">Nuestros equipos europeos est\u00e1n formados por expertos en comunicaci\u00f3n y relaciones con los medios. M\u00e1s de 20 nacionalidades est\u00e1n representadas en nuestra agencia europea de relaciones con la prensa en Par\u00eds. Nativos, nuestros consultores europeos dominan el idioma, pero tambi\u00e9n las especificidades culturales, sociales y econ\u00f3micas de sus pa\u00edses, y conocen perfectamente su universo medi\u00e1tico local (prensa, online, audio, blogs y redes sociales).<\/p>\n<p>Capaces de definir y aplicar estrategias de relaciones con los medios de comunicaci\u00f3n y de influencia en funci\u00f3n de sus objetivos de comunicaci\u00f3n por mercados, le apoyan en la creaci\u00f3n de contenidos y en la elaboraci\u00f3n de herramientas de comunicaci\u00f3n (comunicados o dossiers de prensa, etc.) adapt\u00e1ndolas a los c\u00f3digos culturales de sus pa\u00edses. Tambi\u00e9n podr\u00e1n gestionar la organizaci\u00f3n de sus eventos de prensa (giras de prensa, conferencias de prensa, etc.) y ayudarle a intervenir en ferias comerciales y de consumidores, ya sean nacionales o internacionales.<\/p>\n<p>En estrecha colaboraci\u00f3n con los expertos sectoriales de la agencia, los equipos europeos pueden implementar su estrategia en sus mercados locales, ya sea en alta tecnolog\u00eda, alimentaci\u00f3n, turismo, belleza, moda o bienes de consumo.<\/p>\n<p>Por \u00faltimo, con el apoyo de nuestros expertos en comunicaci\u00f3n digital, sus campa\u00f1as de relaciones con los medios pueden adquirir una dimensi\u00f3n 2.0 en cualquier parte del mundo.<\/div>\n\t\t\t<\/div>\n\t\t\t<\/div>\n\t\t\t\t\n\t\t\t\t\n\t\t\t\t\n\t\t\t\t\n\t\t\t<\/div>\n\t\t\t\t\n\t\t\t\t\n\t\t\t<\/div>\n","protected":false},"excerpt":{"rendered":"<p>Nuestra agencia de Relaciones con la Prensa Europa le ofrece un acceso \u00fanico a todos los mercados europeos:<br \/>\n<a href=\"https:\/\/open2europe.com\/agence-de-relations-presse-en-france\/\">Relaciones P\u00fablicas en Francia<\/a><br \/>\n<a href=\"https:\/\/open2europe.com\/agence-de-relations-presse-angleterre\/\">Relaciones P\u00fablicas en Inglaterra<\/a><br \/>\n<a href=\"https:\/\/open2europe.com\/agence-relations-presse-en-allemagne-autriche-et-suisse\/\">Relaciones P\u00fablicas en Alemania, Austria y Suiza<\/a><br \/>\n<a href=\"https:\/\/open2europe.com\/agence-relation-presse-benelux-en-belgique-hollande\/\">Relaciones P\u00fablicas en Benelux, B\u00e9lgica y Holanda<\/a><br \/>\n<a href=\"https:\/\/open2europe.com\/agence-de-relations-presse-en-italie\/\">Relaciones P\u00fablicas en Italia<\/a><br \/>\n<a href=\"https:\/\/open2europe.com\/agence-relation-presse-espagne-et-portugal\/\">Relaciones P\u00fablicas en Espa\u00f1a y Portugal<\/a><br \/>\n<a href=\"https:\/\/open2europe.com\/agence-relation-presse-en-europe-de-lest\/\">Relaciones P\u00fablicas en Europa del Este<\/a><br \/>\n<a href=\"https:\/\/open2europe.com\/agence-relation-presse-en-europe-du-nord\/\">Relaciones P\u00fablicas en el norte de Europa<\/a><\/p>\n","protected":false},"author":1,"featured_media":0,"parent":0,"menu_order":0,"comment_status":"closed","ping_status":"closed","template":"","meta":{"_acf_changed":false,"content-type":"","_et_pb_use_builder":"off","_et_pb_old_content":"[vc_row full_width=\"stretch_row_content_no_spaces\" equal_height=\"yes\" video_overlay_color=\"rgba(10,10,10,0.27)\" css=\".vc_custom_1580831706990{background-position: center !important;background-repeat: no-repeat !important;background-size: cover !important;}\"][vc_column width=\"1\/2\" css=\".vc_custom_1582023213653{background-image: url(https:\/\/open2communications.com\/wp-content\/uploads\/2020\/02\/03_Expertises_Secteur_Mode.png?id=17679) !important;background-position: center !important;background-repeat: no-repeat !important;background-size: cover !important;}\"][\/vc_column][vc_column width=\"1\/2\" css=\".vc_custom_1582018534353{padding-right: 10% !important;padding-bottom: 3% !important;padding-left: 10% !important;}\"][vc_custom_heading source=\"post_title\" font_container=\"tag:h1|font_size:38|text_align:left|color:%233a3a3a\" use_theme_fonts=\"yes\" css_animation=\"left-to-right\" el_id=\"home\" css=\".vc_custom_1580832251072{padding-bottom: 3% !important;}\"][vc_custom_heading text=\"Open2Europe vous donne un acc\u00e8s centralis\u00e9 \u00e0 l\u2019ensemble des march\u00e9s europ\u00e9en\" font_container=\"tag:h2|font_size:20|text_align:left\" use_theme_fonts=\"yes\" css=\".vc_custom_1582880410758{padding-bottom: 3% !important;}\"][vc_column_text]Nos \u00e9quipes europ\u00e9ennes sont constitu\u00e9es d\u2019experts de la communication et des relations m\u00e9dias. Plus de 20 nationalit\u00e9s sont repr\u00e9sent\u00e9es au si\u00e8ge \u00e0 Paris. Natifs de leurs pays, nos consultants europ\u00e9ens ma\u00eetrisent la langue mais aussi les sp\u00e9cificit\u00e9s culturelles, sociales et \u00e9conomiques de leurs pays, et connaissent parfaitement leurs univers m\u00e9diatiques locaux (print, online, audio, blogs et les r\u00e9seaux sociaux).\r\n\r\nCapables de d\u00e9finir et de mettre en \u0153uvre des strat\u00e9gies de relations m\u00e9dias et d\u2019influence en ad\u00e9quation avec vos objectifs de communication par march\u00e9, ils vous accompagnent dans la cr\u00e9ation de contenus et l\u2019\u00e9laboration des outils de communication (communiqu\u00e9s ou dossiers de presse, \u2026) en les adaptant aux codes culturels de leurs pays. Ils sauront \u00e9galement g\u00e9rer l\u2019organisation de vos \u00e9v\u00e9nements presse (press-tours, conf\u00e9rences de presse, \u2026) et vous accompagner dans vos prises de parole lors de salons professionnels et grand public, qu\u2019ils soient nationaux ou d\u2019envergure internationale.\r\nEn collaboration \u00e9troite avec les experts sectoriels de l\u2019agence, les \u00e9quipes europ\u00e9ennes peuvent d\u00e9cliner votre strat\u00e9gie sur vos march\u00e9s locaux aussi bien en high-tech, food, tourisme, beaut\u00e9, mode, grande consommation\u2026\r\nEnfin, avec l\u2019appui de nos experts en communication digitale, vos campagnes de relations m\u00e9dias peuvent prendre une dimension 2.0 partout dans le monde.\r\n\r\n[\/vc_column_text][vc_btn title=\"En savoir plus\" style=\"outline\" shape=\"round\" color=\"black\" size=\"lg\" align=\"left\" link=\"url:https%3A%2F%2Fopen2communications.com%2Fjoin-us-as-a-community-manager%2F|title:Agence%20Marketing%20d'Influence%20International||\" el_id=\"home\"][\/vc_column][\/vc_row][vc_row full_width=\"stretch_row_content_no_spaces\" equal_height=\"yes\"][vc_column width=\"1\/2\" css=\".vc_custom_1580834861830{padding-top: 10% !important;padding-right: 5% !important;padding-bottom: 5% !important;padding-left: 5% !important;background-color: #2c5398 !important;}\"][vc_custom_heading text=\"Parlons de vos projets!\r\nContactez-nous\" font_container=\"tag:h3|text_align:center|color:%23ffffff\" use_theme_fonts=\"yes\" link=\"url:https%3A%2F%2Fopen2digital.com%2Fcontact%2F|title:Contact||\"][vc_btn title=\"+33 1 55 02 14 53\" style=\"custom\" custom_background=\"#ffffff\" custom_text=\"#2c5398\" shape=\"round\" align=\"center\" i_icon_fontawesome=\"fas fa-phone-alt\" add_icon=\"true\" link=\"url:tel%3A%2B33155021453|||\"][\/vc_column][vc_column width=\"1\/2\" css=\".vc_custom_1580835110595{padding-top: 8% !important;padding-right: 8% !important;padding-bottom: 8% !important;padding-left: 8% !important;background-color: #19a5d4 !important;}\"][vc_custom_heading text=\"Retrouvez tout nos secteurs d'activites\" font_container=\"tag:h4|text_align:left\" use_theme_fonts=\"yes\" el_id=\"white\"][vc_row_inner gap=\"10\"][vc_column_inner width=\"1\/2\"][vc_column_text el_id=\"white\"]\r\n<ul>\r\n \t<li>I am text block.<\/li>\r\n \t<li>Click edit button to change this text.<\/li>\r\n \t<li>Lorem ipsum dolor sit amet, consectetur adipiscing elit.<\/li>\r\n \t<li>Ut elit tellus, luctus nec ullamcorper mattis, pulvinar dapibus leo.<\/li>\r\n<\/ul>\r\n[\/vc_column_text][\/vc_column_inner][vc_column_inner width=\"1\/2\"][vc_column_text el_id=\"white\"]\r\n<ul>\r\n \t<li>I am text block.<\/li>\r\n \t<li>Click edit button to change this text.<\/li>\r\n \t<li>Lorem ipsum dolor sit amet, consectetur adipiscing elit.<\/li>\r\n \t<li>Ut elit tellus, luctus nec ullamcorper mattis, pulvinar dapibus leo.<\/li>\r\n<\/ul>\r\n[\/vc_column_text][\/vc_column_inner][\/vc_row_inner][\/vc_column][\/vc_row]","_et_gb_content_width":"","footnotes":""},"class_list":["post-21234","page","type-page","status-publish","hentry"],"acf":[],"aioseo_notices":[],"_links":{"self":[{"href":"https:\/\/open2europe.com\/es\/wp-json\/wp\/v2\/pages\/21234","targetHints":{"allow":["GET"]}}],"collection":[{"href":"https:\/\/open2europe.com\/es\/wp-json\/wp\/v2\/pages"}],"about":[{"href":"https:\/\/open2europe.com\/es\/wp-json\/wp\/v2\/types\/page"}],"author":[{"embeddable":true,"href":"https:\/\/open2europe.com\/es\/wp-json\/wp\/v2\/users\/1"}],"replies":[{"embeddable":true,"href":"https:\/\/open2europe.com\/es\/wp-json\/wp\/v2\/comments?post=21234"}],"version-history":[{"count":11,"href":"https:\/\/open2europe.com\/es\/wp-json\/wp\/v2\/pages\/21234\/revisions"}],"predecessor-version":[{"id":24129,"href":"https:\/\/open2europe.com\/es\/wp-json\/wp\/v2\/pages\/21234\/revisions\/24129"}],"wp:attachment":[{"href":"https:\/\/open2europe.com\/es\/wp-json\/wp\/v2\/media?parent=21234"}],"curies":[{"name":"wp","href":"https:\/\/api.w.org\/{rel}","templated":true}]}}