{"id":21240,"date":"2021-10-12T15:54:19","date_gmt":"2021-10-12T13:54:19","guid":{"rendered":"https:\/\/open2europe.com\/agencia-de-relaciones-con-la-prensa-en-alemania-austria-y-suiza\/"},"modified":"2025-07-30T16:12:46","modified_gmt":"2025-07-30T14:12:46","slug":"agencia-de-relaciones-con-la-prensa-en-alemania-austria-y-suiza","status":"publish","type":"page","link":"https:\/\/open2europe.com\/es\/agencia-de-relaciones-con-la-prensa-en-alemania-austria-y-suiza\/","title":{"rendered":"Agencia de relaciones p\u00fablicas Alemania &#8211; Austria &#8211; Suiza"},"content":{"rendered":"\n<p>La agencia tambi\u00e9n pone sus conocimientos al servicio de las empresas alemanas, austr\u00edacas y suizas que desean desarrollar su visibilidad en su territorio, en Europa o a nivel internacional. La agencia tambi\u00e9n pone sus conocimientos al servicio de las empresas alemanas, austr\u00edacas y suizas que desean desarrollar su visibilidad en su territorio, en Europa o a nivel internacional.<\/p>\n\n<p>De Berl\u00edn a Viena, pasando por Berna, Fr\u00e1ncfort, Stuttgart y D\u00fcsseldorf, nuestros consultores nativos acompa\u00f1an a las empresas y marcas en su estrategia de relaciones p\u00fablicas e influencers en la regi\u00f3n DACH.<\/p>\n\n<p>En estrecha colaboraci\u00f3n con nuestros equipos multiculturales expertos en otros mercados, nuestros consultores internacionales sabr\u00e1n aconsejarle eficazmente para orquestar una comunicaci\u00f3n paneuropea que responda a sus retos de desarrollo en Europa y el resto del mundo.<\/p>\n\n<p>Ya se trate de relaciones p\u00fablicas, marketing de influencers o comunicaci\u00f3n digital en redes sociales, nuestros expertos sabr\u00e1n adaptar su estrategia de comunicaci\u00f3n a las especificidades de los distintos mercados a los que se dirige y desplegarla de manera pertinente para fortalecer su notoriedad y reputaci\u00f3n ante sus audiencias y p\u00fablicos objetivo.<\/p>\n\n<p>Nuestros consultores tambi\u00e9n le acompa\u00f1an en todas las ferias profesionales y de p\u00fablico general basadas en Alemania, Austria y Suiza: IFA Berl\u00edn, ITB, ProWein, Anuga FoodTec, Heimtextil, Ambiente, etc.<\/p>\n\n<p><\/p>\n\n<p><a href=\"https:\/\/open2europe.com\/es\/\">Open2Europe<\/a> es una agencia de relaciones p\u00fablicas y comunicaci\u00f3n digital especializada en acompa\u00f1ar a las empresas en Francia, Europa y a nivel internacional. Gracias a su experiencia en relaciones con medios, social media, marketing de influencers y creaci\u00f3n de contenidos, ayuda a las empresas a reforzar su visibilidad y notoriedad ante sus p\u00fablicos objetivos.<\/p>\n\n<p>Como \u00fanica agencia independiente en Francia que ofrece un despliegue europeo multiling\u00fce, Open2Europe se apoya en equipos multiculturales basados en Par\u00eds para asegurar una comunicaci\u00f3n local e impactante en cada pa\u00eds. Su red tambi\u00e9n se extiende internacionalmente a trav\u00e9s de sus filiales <a href=\"https:\/\/open2america.com\/\">Open2America<\/a> y <a href=\"https:\/\/open2china.com\/\">Open2China<\/a>, ofreciendo una cobertura estrat\u00e9gica en los mercados norteamericanos y asi\u00e1ticos.<\/p>\n","protected":false},"excerpt":{"rendered":"<p>La agencia tambi\u00e9n pone sus conocimientos al servicio de las empresas alemanas, austr\u00edacas y suizas que desean desarrollar su visibilidad en su territorio, en Europa o a nivel internacional. La agencia tambi\u00e9n pone sus conocimientos al servicio de las empresas alemanas, austr\u00edacas y suizas que desean desarrollar su visibilidad en su territorio, en Europa o a nivel internacional. <\/p>\n","protected":false},"author":1,"featured_media":0,"parent":0,"menu_order":0,"comment_status":"closed","ping_status":"closed","template":"","meta":{"_acf_changed":false,"content-type":"","footnotes":""},"class_list":["post-21240","page","type-page","status-publish","hentry"],"acf":[],"aioseo_notices":[],"_links":{"self":[{"href":"https:\/\/open2europe.com\/es\/wp-json\/wp\/v2\/pages\/21240","targetHints":{"allow":["GET"]}}],"collection":[{"href":"https:\/\/open2europe.com\/es\/wp-json\/wp\/v2\/pages"}],"about":[{"href":"https:\/\/open2europe.com\/es\/wp-json\/wp\/v2\/types\/page"}],"author":[{"embeddable":true,"href":"https:\/\/open2europe.com\/es\/wp-json\/wp\/v2\/users\/1"}],"replies":[{"embeddable":true,"href":"https:\/\/open2europe.com\/es\/wp-json\/wp\/v2\/comments?post=21240"}],"version-history":[{"count":9,"href":"https:\/\/open2europe.com\/es\/wp-json\/wp\/v2\/pages\/21240\/revisions"}],"predecessor-version":[{"id":31207,"href":"https:\/\/open2europe.com\/es\/wp-json\/wp\/v2\/pages\/21240\/revisions\/31207"}],"wp:attachment":[{"href":"https:\/\/open2europe.com\/es\/wp-json\/wp\/v2\/media?parent=21240"}],"curies":[{"name":"wp","href":"https:\/\/api.w.org\/{rel}","templated":true}]}}