{"id":21244,"date":"2021-10-12T16:35:37","date_gmt":"2021-10-12T14:35:37","guid":{"rendered":"https:\/\/open2europe.com\/agencia-de-relaciones-con-la-prensa-del-benelux-en-belgica-y-holanda\/"},"modified":"2025-07-29T15:04:11","modified_gmt":"2025-07-29T13:04:11","slug":"agencia-de-relaciones-con-la-prensa-del-benelux-en-belgica-y-holanda","status":"publish","type":"page","link":"https:\/\/open2europe.com\/es\/agencia-de-relaciones-con-la-prensa-del-benelux-en-belgica-y-holanda\/","title":{"rendered":"Agencia de relaciones p\u00fablicas Benelux"},"content":{"rendered":"\n<p>Open2Europe acompa\u00f1a a las organizaciones, ya sean de Francia, Europa u otras regiones del mundo, en su estrategia de relaciones p\u00fablicas e influencers en el Benelux. La agencia tambi\u00e9n pone sus conocimientos al servicio de las empresas belgas, neerlandesas y luxemburguesas que desean desarrollar su visibilidad en su territorio, en Europa o a nivel internacional.<\/p>\n\n<p>Desde Lieja hasta \u00c1msterdam pasando por Bruselas, Amberes y Gante, nuestros consultores nativos del Benelux acompa\u00f1an a empresas y marcas en su estrategia de relaciones p\u00fablicas e influencers en B\u00e9lgica, Pa\u00edses Bajos y Luxemburgo.<\/p>\n\n<p>En estrecha colaboraci\u00f3n con nuestros equipos multiculturales expertos en otros mercados, nuestros consultores internacionales sabr\u00e1n aconsejarle eficazmente para orquestar una comunicaci\u00f3n paneuropea que responda a sus retos de desarrollo en Europa y el resto del mundo.<\/p>\n\n<p>Ya se trate de <a href=\"https:\/\/open2europe.com\/agence-relations-presse-open2europe-media-kit\/\">relaciones p\u00fablicas<\/a>, marketing de influencers o comunicaci\u00f3n digital en <a href=\"https:\/\/open2digital.com\/\">redes sociales<\/a>, nuestros expertos sabr\u00e1n adaptar su estrategia de comunicaci\u00f3n a las especificidades de los distintos mercados a los que se dirige y desplegarla de manera pertinente para fortalecer su notoriedad y reputaci\u00f3n ante sus audiencias y p\u00fablicos objetivo.<\/p>\n\n<p>Tambi\u00e9n le acompa\u00f1an en todas las ferias profesionales y de p\u00fablico general basadas en el Benelux: Vakbeurs Foodspecialiteiten, Horeca Expo Gante, Brussels Holiday Fair, TechniShow Utrecht, Shopping Today, etc.<\/p>\n\n<p><\/p>\n\n<p>Open2Europe es una agencia europea especializada en consultor\u00eda de comunicaci\u00f3n global que pone sus conocimientos al servicio de las marcas para crear preferencia: relaciones con medios, digital y redes sociales, marketing de influencers, creaci\u00f3n de soportes y contenidos, etc.<\/p>\n\n<p><a href=\"https:\/\/open2europe.com\/es\/\">Open2Europe<\/a> es la \u00fanica agencia independiente de comunicaci\u00f3n en el mercado franc\u00e9s capaz de acompa\u00f1ar a sus clientes en Francia pero tambi\u00e9n en toda Europa, sea cual sea el idioma, gracias a sus equipos multiculturales (con base en Par\u00eds). El grupo tambi\u00e9n est\u00e1 presente internacionalmente a trav\u00e9s de sus filiales <a href=\"https:\/\/open2america.com\/\" target=\"_blank\" rel=\"noreferrer noopener\">Open2America<\/a> y <a href=\"https:\/\/open2china.com\/\" target=\"_blank\" rel=\"noreferrer noopener\">Open2China<\/a>.<\/p>\n","protected":false},"excerpt":{"rendered":"<p>Open2Europe acompa\u00f1a a las organizaciones, ya sean de Francia, Europa u otras regiones del mundo, en su estrategia de relaciones p\u00fablicas e influencers en el Benelux. La agencia tambi\u00e9n pone sus conocimientos al servicio de las empresas belgas, neerlandesas y luxemburguesas que desean desarrollar su visibilidad en su territorio, en Europa o a nivel internacional. <\/p>\n","protected":false},"author":1,"featured_media":0,"parent":0,"menu_order":0,"comment_status":"closed","ping_status":"closed","template":"","meta":{"_acf_changed":false,"content-type":"","footnotes":""},"class_list":["post-21244","page","type-page","status-publish","hentry"],"acf":[],"aioseo_notices":[],"_links":{"self":[{"href":"https:\/\/open2europe.com\/es\/wp-json\/wp\/v2\/pages\/21244","targetHints":{"allow":["GET"]}}],"collection":[{"href":"https:\/\/open2europe.com\/es\/wp-json\/wp\/v2\/pages"}],"about":[{"href":"https:\/\/open2europe.com\/es\/wp-json\/wp\/v2\/types\/page"}],"author":[{"embeddable":true,"href":"https:\/\/open2europe.com\/es\/wp-json\/wp\/v2\/users\/1"}],"replies":[{"embeddable":true,"href":"https:\/\/open2europe.com\/es\/wp-json\/wp\/v2\/comments?post=21244"}],"version-history":[{"count":8,"href":"https:\/\/open2europe.com\/es\/wp-json\/wp\/v2\/pages\/21244\/revisions"}],"predecessor-version":[{"id":31176,"href":"https:\/\/open2europe.com\/es\/wp-json\/wp\/v2\/pages\/21244\/revisions\/31176"}],"wp:attachment":[{"href":"https:\/\/open2europe.com\/es\/wp-json\/wp\/v2\/media?parent=21244"}],"curies":[{"name":"wp","href":"https:\/\/api.w.org\/{rel}","templated":true}]}}