{"id":21250,"date":"2021-10-12T16:46:50","date_gmt":"2021-10-12T14:46:50","guid":{"rendered":"https:\/\/open2europe.com\/agencia-de-relaciones-con-la-prensa-en-italia\/"},"modified":"2021-12-09T17:39:16","modified_gmt":"2021-12-09T16:39:16","slug":"agencia-de-relaciones-con-la-prensa-en-italia","status":"publish","type":"page","link":"https:\/\/open2europe.com\/es\/agencia-de-relaciones-con-la-prensa-en-italia\/","title":{"rendered":"Agencia de Relaciones con la Prensa en Italia"},"content":{"rendered":"<div class=\"et_d4_element et_pb_section et_pb_section_0  et_pb_css_mix_blend_mode et_section_regular et_block_section\" >\n\t\t\t\t\n\t\t\t\t\n\t\t\t\t\n\t\t\t\t\n\t\t\t\t\n\t\t\t\t\n\t\t\t\t<div class=\"et_d4_element et_pb_row et_pb_row_0  et_pb_css_mix_blend_mode et_block_row\">\n\t\t\t\t<div class=\"et_d4_element et_pb_column_4_4 et_pb_column et_pb_column_0  et_pb_css_mix_blend_mode et-last-child et_block_column\">\n\t\t\t\t\n\t\t\t\t\n\t\t\t\t\n\t\t\t\t\n\t\t\t\t<div class=\"et_pb_module et_d4_element et_pb_text et_pb_text_0  et_pb_text_align_left et_pb_bg_layout_light\">\n\t\t\t\t\n\t\t\t\t\n\t\t\t\t\n\t\t\t\t\n\t\t\t\t<div class=\"et_pb_text_inner\">Definir, localizar y transmitir sus mensajes, desarrollar una estrategia de comunicaci\u00f3n local, organizar encuentros con los medios de comunicaci\u00f3n m\u00e1s importantes... Nuestros consultores italianos conocen a los periodistas y a las personas influyentes de su mercado, ya est\u00e9n en Florencia, Roma o Mil\u00e1n.<\/p>\n<p>Tambi\u00e9n podr\u00e1n acompa\u00f1arle a los principales eventos dedicados a su sector en todo el pa\u00eds: Pabogel, Robotica, Mi Milano, BIT, etc.<\/div>\n\t\t\t<\/div>\n\t\t\t<\/div>\n\t\t\t\t\n\t\t\t\t\n\t\t\t\t\n\t\t\t\t\n\t\t\t<\/div>\n\t\t\t\t\n\t\t\t\t\n\t\t\t<\/div>\n","protected":false},"excerpt":{"rendered":"<p>El equipo italiano de Open2Europe le asesora sobre su estrategia de influencia en el mercado italiano y lleva a cabo su agenda de conferencias con los medios de comunicaci\u00f3n italianos y las personas influyentes<\/p>\n","protected":false},"author":1,"featured_media":0,"parent":0,"menu_order":0,"comment_status":"closed","ping_status":"closed","template":"","meta":{"_acf_changed":false,"content-type":"","_et_pb_use_builder":"off","_et_pb_old_content":"","_et_gb_content_width":"","footnotes":""},"class_list":["post-21250","page","type-page","status-publish","hentry"],"acf":[],"aioseo_notices":[],"_links":{"self":[{"href":"https:\/\/open2europe.com\/es\/wp-json\/wp\/v2\/pages\/21250","targetHints":{"allow":["GET"]}}],"collection":[{"href":"https:\/\/open2europe.com\/es\/wp-json\/wp\/v2\/pages"}],"about":[{"href":"https:\/\/open2europe.com\/es\/wp-json\/wp\/v2\/types\/page"}],"author":[{"embeddable":true,"href":"https:\/\/open2europe.com\/es\/wp-json\/wp\/v2\/users\/1"}],"replies":[{"embeddable":true,"href":"https:\/\/open2europe.com\/es\/wp-json\/wp\/v2\/comments?post=21250"}],"version-history":[{"count":4,"href":"https:\/\/open2europe.com\/es\/wp-json\/wp\/v2\/pages\/21250\/revisions"}],"predecessor-version":[{"id":23120,"href":"https:\/\/open2europe.com\/es\/wp-json\/wp\/v2\/pages\/21250\/revisions\/23120"}],"wp:attachment":[{"href":"https:\/\/open2europe.com\/es\/wp-json\/wp\/v2\/media?parent=21250"}],"curies":[{"name":"wp","href":"https:\/\/api.w.org\/{rel}","templated":true}]}}