{"id":21253,"date":"2021-10-12T16:51:06","date_gmt":"2021-10-12T14:51:06","guid":{"rendered":"https:\/\/open2europe.com\/agencia-de-relaciones-con-la-prensa-en-europa-del-este\/"},"modified":"2021-12-09T17:41:03","modified_gmt":"2021-12-09T16:41:03","slug":"agencia-de-relaciones-con-la-prensa-en-europa-del-este","status":"publish","type":"page","link":"https:\/\/open2europe.com\/es\/agencia-de-relaciones-con-la-prensa-en-europa-del-este\/","title":{"rendered":"Agencia de Relaciones con la Prensa en Europa del Este"},"content":{"rendered":"<div class=\"et_d4_element et_pb_section et_pb_section_0  et_pb_css_mix_blend_mode et_section_regular et_block_section\" >\n\t\t\t\t\n\t\t\t\t\n\t\t\t\t\n\t\t\t\t\n\t\t\t\t\n\t\t\t\t\n\t\t\t\t<div class=\"et_d4_element et_pb_row et_pb_row_0  et_pb_css_mix_blend_mode et_block_row\">\n\t\t\t\t<div class=\"et_d4_element et_pb_column_4_4 et_pb_column et_pb_column_0  et_pb_css_mix_blend_mode et-last-child et_block_column\">\n\t\t\t\t\n\t\t\t\t\n\t\t\t\t\n\t\t\t\t\n\t\t\t\t<div class=\"et_pb_module et_d4_element et_pb_text et_pb_text_0  et_pb_text_align_left et_pb_bg_layout_light\">\n\t\t\t\t\n\t\t\t\t\n\t\t\t\t\n\t\t\t\t\n\t\t\t\t<div class=\"et_pb_text_inner\">Nuestro equipo de consultores sabr\u00e1 definir la mejor estrategia de influencia para posicionarte en la prensa escrita, online, TV y radio pero tambi\u00e9n con los influencers m\u00e1s seguidos en las redes sociales.<\/p>\n<p>En colaboraci\u00f3n con los distintos sectores de la agencia, tambi\u00e9n podr\u00e1 acompa\u00f1arle a las principales ferias de Rusia, como: Textillegprom, itCOM, Prodexpo, MITT y AutoWorld.<\/div>\n\t\t\t<\/div>\n\t\t\t<\/div>\n\t\t\t\t\n\t\t\t\t\n\t\t\t\t\n\t\t\t\t\n\t\t\t<\/div>\n\t\t\t\t\n\t\t\t\t\n\t\t\t<\/div>\n","protected":false},"excerpt":{"rendered":"<p>El equipo de Open2Europe encargado de Europa del Este (Rusia, Ucrania y Polonia) le ayudar\u00e1 a definir y poner en pr\u00e1ctica su estrategia de influencia proporcion\u00e1ndole una visi\u00f3n de las especificidades de estos diferentes mercados.<\/p>\n","protected":false},"author":1,"featured_media":0,"parent":0,"menu_order":0,"comment_status":"closed","ping_status":"closed","template":"","meta":{"_acf_changed":false,"content-type":"","_et_pb_use_builder":"off","_et_pb_old_content":"","_et_gb_content_width":"","footnotes":""},"class_list":["post-21253","page","type-page","status-publish","hentry"],"acf":[],"aioseo_notices":[],"_links":{"self":[{"href":"https:\/\/open2europe.com\/es\/wp-json\/wp\/v2\/pages\/21253","targetHints":{"allow":["GET"]}}],"collection":[{"href":"https:\/\/open2europe.com\/es\/wp-json\/wp\/v2\/pages"}],"about":[{"href":"https:\/\/open2europe.com\/es\/wp-json\/wp\/v2\/types\/page"}],"author":[{"embeddable":true,"href":"https:\/\/open2europe.com\/es\/wp-json\/wp\/v2\/users\/1"}],"replies":[{"embeddable":true,"href":"https:\/\/open2europe.com\/es\/wp-json\/wp\/v2\/comments?post=21253"}],"version-history":[{"count":4,"href":"https:\/\/open2europe.com\/es\/wp-json\/wp\/v2\/pages\/21253\/revisions"}],"predecessor-version":[{"id":23128,"href":"https:\/\/open2europe.com\/es\/wp-json\/wp\/v2\/pages\/21253\/revisions\/23128"}],"wp:attachment":[{"href":"https:\/\/open2europe.com\/es\/wp-json\/wp\/v2\/media?parent=21253"}],"curies":[{"name":"wp","href":"https:\/\/api.w.org\/{rel}","templated":true}]}}