{"id":22289,"date":"2021-11-23T16:10:03","date_gmt":"2021-11-23T15:10:03","guid":{"rendered":"https:\/\/open2europe.com\/agencia-digital\/"},"modified":"2025-01-28T11:08:21","modified_gmt":"2025-01-28T10:08:21","slug":"agencia-digital","status":"publish","type":"page","link":"https:\/\/open2europe.com\/es\/agencia-digital\/","title":{"rendered":"Agencia Digital"},"content":{"rendered":"<div class=\"et_d4_element et_pb_section et_pb_section_0  et_pb_css_mix_blend_mode et_section_regular et_block_section\" >\n\t\t\t\t\n\t\t\t\t\n\t\t\t\t\n\t\t\t\t\n\t\t\t\t\n\t\t\t\t\n\t\t\t\t<div class=\"et_d4_element et_pb_row et_pb_row_0  et_pb_css_mix_blend_mode et_block_row\">\n\t\t\t\t<div class=\"et_d4_element et_pb_column_4_4 et_pb_column et_pb_column_0  et_pb_css_mix_blend_mode et-last-child et_block_column\">\n\t\t\t\t\n\t\t\t\t\n\t\t\t\t\n\t\t\t\t\n\t\t\t\t<div class=\"et_pb_module et_d4_element et_pb_text et_pb_text_0  et_pb_text_align_left et_pb_bg_layout_light\">\n\t\t\t\t\n\t\t\t\t\n\t\t\t\t\n\t\t\t\t\n\t\t\t\t<div class=\"et_pb_text_inner\"><p>En nuestra Agencia Digital, del Community management franc\u00e9s e internacional, pasando por la realizaci\u00f3n de campa\u00f1as publicitarias en l\u00ednea (Facebook &amp; Instagram Ads...), o la mejora de la referenciaci\u00f3n natural de los sitios web a trav\u00e9s de la optimizaci\u00f3n de las palabras clave, nuestra agencia filial <a href=\"\/\/open2digital.com\/%22\" target=\"%22_blank%22\" rel=\"%22noopener%22 noopener\">Open2Digital<\/a>domina todos los oficios y c\u00f3digos de la comunicaci\u00f3n digital.<\/p>\n<p>Nuestro negocio es ayudar a su marca a emerger en un Internet cada vez m\u00e1s complejo y competitivo con la ayuda de soluciones llave en mano y un equipo dedicado a sus problemas, con el fin de desarrollar su audiencia y su negocio en l\u00ednea.<\/p><\/div>\n\t\t\t<\/div>\n\t\t\t<\/div>\n\t\t\t\t\n\t\t\t\t\n\t\t\t\t\n\t\t\t\t\n\t\t\t<\/div>\n\t\t\t\t\n\t\t\t\t\n\t\t\t<\/div>\n","protected":false},"excerpt":{"rendered":"<p>En nuestra Agencia Digital, las redes sociales (Facebook, Instagram, Twitter, LinkedIn&#8230;) son hoy en d\u00eda plataformas de comunicaci\u00f3n imprescindibles para las marcas, su e-reputaci\u00f3n y su negocio online <\/p>\n","protected":false},"author":1,"featured_media":0,"parent":0,"menu_order":0,"comment_status":"closed","ping_status":"closed","template":"","meta":{"_acf_changed":false,"content-type":"","_et_pb_use_builder":"off","_et_pb_old_content":"","_et_gb_content_width":"","footnotes":""},"class_list":["post-22289","page","type-page","status-publish","hentry"],"acf":[],"aioseo_notices":[],"_links":{"self":[{"href":"https:\/\/open2europe.com\/es\/wp-json\/wp\/v2\/pages\/22289","targetHints":{"allow":["GET"]}}],"collection":[{"href":"https:\/\/open2europe.com\/es\/wp-json\/wp\/v2\/pages"}],"about":[{"href":"https:\/\/open2europe.com\/es\/wp-json\/wp\/v2\/types\/page"}],"author":[{"embeddable":true,"href":"https:\/\/open2europe.com\/es\/wp-json\/wp\/v2\/users\/1"}],"replies":[{"embeddable":true,"href":"https:\/\/open2europe.com\/es\/wp-json\/wp\/v2\/comments?post=22289"}],"version-history":[{"count":4,"href":"https:\/\/open2europe.com\/es\/wp-json\/wp\/v2\/pages\/22289\/revisions"}],"predecessor-version":[{"id":28359,"href":"https:\/\/open2europe.com\/es\/wp-json\/wp\/v2\/pages\/22289\/revisions\/28359"}],"wp:attachment":[{"href":"https:\/\/open2europe.com\/es\/wp-json\/wp\/v2\/media?parent=22289"}],"curies":[{"name":"wp","href":"https:\/\/api.w.org\/{rel}","templated":true}]}}