{"id":22292,"date":"2021-11-23T16:22:34","date_gmt":"2021-11-23T15:22:34","guid":{"rendered":"https:\/\/open2europe.com\/estrategias-de-contenido\/"},"modified":"2021-12-09T16:54:34","modified_gmt":"2021-12-09T15:54:34","slug":"estrategias-de-contenido","status":"publish","type":"page","link":"https:\/\/open2europe.com\/es\/estrategias-de-contenido\/","title":{"rendered":"Estrategias de contenido"},"content":{"rendered":"<div class=\"et_d4_element et_pb_section et_pb_section_0  et_pb_css_mix_blend_mode et_section_regular et_block_section\" >\n\t\t\t\t\n\t\t\t\t\n\t\t\t\t\n\t\t\t\t\n\t\t\t\t\n\t\t\t\t\n\t\t\t\t<div class=\"et_d4_element et_pb_row et_pb_row_0  et_pb_css_mix_blend_mode et_block_row\">\n\t\t\t\t<div class=\"et_d4_element et_pb_column_4_4 et_pb_column et_pb_column_0  et_pb_css_mix_blend_mode et-last-child et_block_column\">\n\t\t\t\t\n\t\t\t\t\n\t\t\t\t\n\t\t\t\t\n\t\t\t\t<div class=\"et_pb_module et_d4_element et_pb_text et_pb_text_0  et_pb_text_align_left et_pb_bg_layout_light\">\n\t\t\t\t\n\t\t\t\t\n\t\t\t\t\n\t\t\t\t\n\t\t\t\t<div class=\"et_pb_text_inner\"><p>Una empresa produce contenidos para varios tipos de plataformas: Redes sociales, Blog, YouTube, bolet\u00edn de noticias, prensa, etc.<\/p>\n<p>Del mismo modo, el tipo de contenido que puede producir una empresa tambi\u00e9n es muy variado: art\u00edculos de blog, libros blancos, v\u00eddeos de YouTube, podcasts, publicaciones en LinkedIn \/ Facebook \/ Instagram \/ ....<\/p>\n<p>Por \u00faltimo, cada uno de estos contenidos puede servir para diferentes prop\u00f3sitos, que se dirigen a diferentes clientes.<\/p>\n<p>Precisamente porque el marketing de contenidos ofrece tantas posibilidades, es necesario crear una estrategia de contenidos eficaz.<\/p>\n<p>Open2Europe le ayuda en los 3 pasos para una estrategia de contenidos exitosa:<\/p>\n<ul>\n<li>Definir la l\u00ednea editorial de su estrategia de contenidos<\/li>\n<li>Elaborar el plan de contenidos (temas a tratar, calendario de publicaci\u00f3n, etc.)<\/li>\n<li>Evaluar los resultados de su estrategia de contenidos<\/li>\n<\/ul><\/div>\n\t\t\t<\/div>\n\t\t\t<\/div>\n\t\t\t\t\n\t\t\t\t\n\t\t\t\t\n\t\t\t\t\n\t\t\t<\/div>\n\t\t\t\t\n\t\t\t\t\n\t\t\t<\/div>\n","protected":false},"excerpt":{"rendered":"<p>La estrategia de contenidos, tambi\u00e9n conocida como \u00abestrategia editorial\u00bb, es un elemento clave para el \u00e9xito de una estrategia de Marketing de contenidos.<\/p>\n","protected":false},"author":1,"featured_media":0,"parent":0,"menu_order":0,"comment_status":"closed","ping_status":"closed","template":"","meta":{"_acf_changed":false,"content-type":"","_et_pb_use_builder":"off","_et_pb_old_content":"","_et_gb_content_width":"","footnotes":""},"class_list":["post-22292","page","type-page","status-publish","hentry"],"acf":[],"aioseo_notices":[],"_links":{"self":[{"href":"https:\/\/open2europe.com\/es\/wp-json\/wp\/v2\/pages\/22292","targetHints":{"allow":["GET"]}}],"collection":[{"href":"https:\/\/open2europe.com\/es\/wp-json\/wp\/v2\/pages"}],"about":[{"href":"https:\/\/open2europe.com\/es\/wp-json\/wp\/v2\/types\/page"}],"author":[{"embeddable":true,"href":"https:\/\/open2europe.com\/es\/wp-json\/wp\/v2\/users\/1"}],"replies":[{"embeddable":true,"href":"https:\/\/open2europe.com\/es\/wp-json\/wp\/v2\/comments?post=22292"}],"version-history":[{"count":5,"href":"https:\/\/open2europe.com\/es\/wp-json\/wp\/v2\/pages\/22292\/revisions"}],"predecessor-version":[{"id":22958,"href":"https:\/\/open2europe.com\/es\/wp-json\/wp\/v2\/pages\/22292\/revisions\/22958"}],"wp:attachment":[{"href":"https:\/\/open2europe.com\/es\/wp-json\/wp\/v2\/media?parent=22292"}],"curies":[{"name":"wp","href":"https:\/\/api.w.org\/{rel}","templated":true}]}}