{"id":22295,"date":"2021-11-23T16:24:23","date_gmt":"2021-11-23T15:24:23","guid":{"rendered":"https:\/\/open2europe.com\/agencia-de-coordinacion-de-la-comunicacion\/"},"modified":"2021-12-14T10:22:12","modified_gmt":"2021-12-14T09:22:12","slug":"agencia-de-coordinacion-de-la-comunicacion","status":"publish","type":"page","link":"https:\/\/open2europe.com\/es\/agencia-de-coordinacion-de-la-comunicacion\/","title":{"rendered":"Agencia de Coordinaci\u00f3n de la Comunicaci\u00f3n"},"content":{"rendered":"<div class=\"et_d4_element et_pb_section et_pb_section_0  et_pb_css_mix_blend_mode et_section_regular et_block_section\" >\n\t\t\t\t\n\t\t\t\t\n\t\t\t\t\n\t\t\t\t\n\t\t\t\t\n\t\t\t\t\n\t\t\t\t<div class=\"et_d4_element et_pb_row et_pb_row_0  et_pb_css_mix_blend_mode et_block_row\">\n\t\t\t\t<div class=\"et_d4_element et_pb_column_4_4 et_pb_column et_pb_column_0  et_pb_css_mix_blend_mode et-last-child et_block_column\">\n\t\t\t\t\n\t\t\t\t\n\t\t\t\t\n\t\t\t\t\n\t\t\t\t<div class=\"et_pb_module et_d4_element et_pb_text et_pb_text_0  et_pb_text_align_left et_pb_bg_layout_light\">\n\t\t\t\t\n\t\t\t\t\n\t\t\t\t\n\t\t\t\t\n\t\t\t\t<div class=\"et_pb_text_inner\"><p>Fundada en 2001, Open2Europe es una agencia de comunicaci\u00f3n y consultor\u00eda de estrategia de influencers con sede en Par\u00eds que ofrece experiencia en varias \u00e1reas principales de la comunicaci\u00f3n: relaciones con la prensa, coordinaci\u00f3n de la comunicaci\u00f3n, relaciones p\u00fablicas, relaciones con los medios de comunicaci\u00f3n tradicionales y 2.0, relaciones con influencers, medios sociales y e-reputaci\u00f3n.<\/p>\n<p>Open2Europe es un grupo franc\u00e9s independiente, presente en todos los continentes gracias a sus 3 filiales (Open2China, Open2America y Open2Africa), que cubren m\u00e1s de 50 pa\u00edses en el mundo.<\/p><\/div>\n\t\t\t<\/div>\n\t\t\t<\/div>\n\t\t\t\t\n\t\t\t\t\n\t\t\t\t\n\t\t\t\t\n\t\t\t<\/div>\n\t\t\t\t\n\t\t\t\t\n\t\t\t<\/div>\n","protected":false},"excerpt":{"rendered":"<p>Agencia de Coordinaci\u00f3n de la Comunicaci\u00f3n<\/p>\n","protected":false},"author":1,"featured_media":0,"parent":0,"menu_order":0,"comment_status":"closed","ping_status":"closed","template":"","meta":{"_acf_changed":false,"content-type":"","_et_pb_use_builder":"off","_et_pb_old_content":"","_et_gb_content_width":"","footnotes":""},"class_list":["post-22295","page","type-page","status-publish","hentry"],"acf":[],"aioseo_notices":[],"_links":{"self":[{"href":"https:\/\/open2europe.com\/es\/wp-json\/wp\/v2\/pages\/22295","targetHints":{"allow":["GET"]}}],"collection":[{"href":"https:\/\/open2europe.com\/es\/wp-json\/wp\/v2\/pages"}],"about":[{"href":"https:\/\/open2europe.com\/es\/wp-json\/wp\/v2\/types\/page"}],"author":[{"embeddable":true,"href":"https:\/\/open2europe.com\/es\/wp-json\/wp\/v2\/users\/1"}],"replies":[{"embeddable":true,"href":"https:\/\/open2europe.com\/es\/wp-json\/wp\/v2\/comments?post=22295"}],"version-history":[{"count":11,"href":"https:\/\/open2europe.com\/es\/wp-json\/wp\/v2\/pages\/22295\/revisions"}],"predecessor-version":[{"id":23235,"href":"https:\/\/open2europe.com\/es\/wp-json\/wp\/v2\/pages\/22295\/revisions\/23235"}],"wp:attachment":[{"href":"https:\/\/open2europe.com\/es\/wp-json\/wp\/v2\/media?parent=22295"}],"curies":[{"name":"wp","href":"https:\/\/api.w.org\/{rel}","templated":true}]}}