{"id":22301,"date":"2021-11-23T16:28:02","date_gmt":"2021-11-23T15:28:02","guid":{"rendered":"https:\/\/open2europe.com\/agencia-de-relaciones-publicas\/"},"modified":"2021-12-14T10:28:53","modified_gmt":"2021-12-14T09:28:53","slug":"agencia-de-relaciones-publicas","status":"publish","type":"page","link":"https:\/\/open2europe.com\/es\/agencia-de-relaciones-publicas\/","title":{"rendered":"Agencia de Relaciones P\u00fablicas"},"content":{"rendered":"<div class=\"et_d4_element et_pb_section et_pb_section_0  et_pb_css_mix_blend_mode et_section_regular et_block_section\" >\n\t\t\t\t\n\t\t\t\t\n\t\t\t\t\n\t\t\t\t\n\t\t\t\t\n\t\t\t\t\n\t\t\t\t<div class=\"et_d4_element et_pb_row et_pb_row_0  et_pb_css_mix_blend_mode et_block_row\">\n\t\t\t\t<div class=\"et_d4_element et_pb_column_4_4 et_pb_column et_pb_column_0  et_pb_css_mix_blend_mode et-last-child et_block_column\">\n\t\t\t\t\n\t\t\t\t\n\t\t\t\t\n\t\t\t\t\n\t\t\t\t<div class=\"et_pb_module et_d4_element et_pb_text et_pb_text_0  et_pb_text_align_left et_pb_bg_layout_light\">\n\t\t\t\t\n\t\t\t\t\n\t\t\t\t\n\t\t\t\t\n\t\t\t\t<div class=\"et_pb_text_inner\">Las relaciones p\u00fablicas contribuyen a construir, desarrollar y mantener la reputaci\u00f3n de su empresa y sus marcas entre sus distintos p\u00fablicos, tanto internos, principalmente sus empleados, como externos: consumidores, socios, accionistas, grupos de inter\u00e9s y l\u00edderes de opini\u00f3n, medios de comunicaci\u00f3n, etc.<\/p>\n<p>Para servir a sus intereses y establecer una relaci\u00f3n de confianza duradera entre su empresa y sus interlocutores, nuestros equipos de la agencia de relaciones p\u00fablicas le aconsejar\u00e1n y definir\u00e1n, con usted, un plan de acci\u00f3n y diversos medios adaptados: acciones de relaciones con la prensa (redacci\u00f3n de comunicados y carpetas de prensa, organizaci\u00f3n de conferencias de prensa o reuniones de expertos, etc.) o eventos (organizaci\u00f3n de jornadas de prensa o de influencers, participaci\u00f3n en ferias o acciones de patrocinio o mecenazgo, etc.)<\/p>\n<p>En cuanto a los l\u00edderes de opini\u00f3n, no se resumen solo a la prensa. Hoy en d\u00eda, podemos dirigirnos a los consumidores directamente a trav\u00e9s de blogs, Vlogs, foros y redes sociales.<\/div>\n\t\t\t<\/div>\n\t\t\t<\/div>\n\t\t\t\t\n\t\t\t\t\n\t\t\t\t\n\t\t\t\t\n\t\t\t<\/div>\n\t\t\t\t\n\t\t\t\t\n\t\t\t<\/div>\n","protected":false},"excerpt":{"rendered":"<p>Gracias a nuestra experiencia en relaciones p\u00fablicas, generamos confianza y formamos opiniones claras que crean inter\u00e9s y cohesi\u00f3n<\/p>\n","protected":false},"author":1,"featured_media":0,"parent":0,"menu_order":0,"comment_status":"closed","ping_status":"closed","template":"","meta":{"_acf_changed":false,"content-type":"","_et_pb_use_builder":"off","_et_pb_old_content":"","_et_gb_content_width":"","footnotes":""},"class_list":["post-22301","page","type-page","status-publish","hentry"],"acf":[],"aioseo_notices":[],"_links":{"self":[{"href":"https:\/\/open2europe.com\/es\/wp-json\/wp\/v2\/pages\/22301","targetHints":{"allow":["GET"]}}],"collection":[{"href":"https:\/\/open2europe.com\/es\/wp-json\/wp\/v2\/pages"}],"about":[{"href":"https:\/\/open2europe.com\/es\/wp-json\/wp\/v2\/types\/page"}],"author":[{"embeddable":true,"href":"https:\/\/open2europe.com\/es\/wp-json\/wp\/v2\/users\/1"}],"replies":[{"embeddable":true,"href":"https:\/\/open2europe.com\/es\/wp-json\/wp\/v2\/comments?post=22301"}],"version-history":[{"count":11,"href":"https:\/\/open2europe.com\/es\/wp-json\/wp\/v2\/pages\/22301\/revisions"}],"predecessor-version":[{"id":28484,"href":"https:\/\/open2europe.com\/es\/wp-json\/wp\/v2\/pages\/22301\/revisions\/28484"}],"wp:attachment":[{"href":"https:\/\/open2europe.com\/es\/wp-json\/wp\/v2\/media?parent=22301"}],"curies":[{"name":"wp","href":"https:\/\/api.w.org\/{rel}","templated":true}]}}