{"id":22310,"date":"2021-11-23T16:48:38","date_gmt":"2021-11-23T15:48:38","guid":{"rendered":"https:\/\/open2europe.com\/estrategia-de-opinion-e-influencia\/"},"modified":"2026-02-04T13:51:53","modified_gmt":"2026-02-04T12:51:53","slug":"estrategia-de-opinion-e-influencia","status":"publish","type":"page","link":"https:\/\/open2europe.com\/es\/estrategia-de-opinion-e-influencia\/","title":{"rendered":"Estrategia de opini\u00f3n e influencia"},"content":{"rendered":"<div class=\"et_pb_section_0 et_pb_section et_section_regular et_block_section\"><div class=\"et_pb_row_0 et_pb_row et_block_row\"><div class=\"et_pb_column_0 et_pb_column et_pb_column_4_4 et-last-child et_block_column et_pb_css_mix_blend_mode_passthrough\"><div class=\"et_pb_text_0 et_pb_text et_pb_bg_layout_light et_pb_module et_block_module\"><div class=\"et_pb_text_inner\"><p>Se expresa mediante la implementaci\u00f3n de contenidos relevantes y eficaces que, a trav\u00e9s de los distintos canales de informaci\u00f3n, permiten generar visibilidad, apoyo y compromiso.<\/p>\n<p>Open2Europe desarrolla cada estrategia de opini\u00f3n utilizando el poder, la diversidad y la credibilidad de los distintos canales de distribuci\u00f3n de informaci\u00f3n. Respeta las exigencias y limitaciones de la prensa de opini\u00f3n, pero tambi\u00e9n sabe presentar la informaci\u00f3n de forma m\u00e1s amena.<\/p>\n<p>La experiencia y los conocimientos de la agencia nos permiten optimizar la visibilidad de su empresa, reforzar su credibilidad y desplegar herramientas de comunicaci\u00f3n creativas, pertinentes y eficaces que se utilizan a diario en los canales de influencia.<\/p>\n<p>A partir del an\u00e1lisis de sus necesidades y la identificaci\u00f3n de las palancas, desarrollamos estrategias de comunicaci\u00f3n de influencia (mensajes, objetivos, temporalidad). Son el requisito previo para la conception de los argumentos y la redacci\u00f3n del lenguaje. Una vez implementadas, la agencia eval\u00faa sistem\u00e1ticamente las acciones realizadas.<\/p>\n<\/div><\/div><\/div><\/div><\/div>","protected":false},"excerpt":{"rendered":"<p>La comunicaci\u00f3n de la opini\u00f3n es la palanca de la reputaci\u00f3n de cualquier empresa ante sus distintos p\u00fablicos<\/p>\n","protected":false},"author":1,"featured_media":0,"parent":0,"menu_order":0,"comment_status":"closed","ping_status":"closed","template":"","meta":{"_acf_changed":false,"content-type":"","footnotes":""},"class_list":["post-22310","page","type-page","status-publish","hentry"],"acf":[],"aioseo_notices":[],"_links":{"self":[{"href":"https:\/\/open2europe.com\/es\/wp-json\/wp\/v2\/pages\/22310","targetHints":{"allow":["GET"]}}],"collection":[{"href":"https:\/\/open2europe.com\/es\/wp-json\/wp\/v2\/pages"}],"about":[{"href":"https:\/\/open2europe.com\/es\/wp-json\/wp\/v2\/types\/page"}],"author":[{"embeddable":true,"href":"https:\/\/open2europe.com\/es\/wp-json\/wp\/v2\/users\/1"}],"replies":[{"embeddable":true,"href":"https:\/\/open2europe.com\/es\/wp-json\/wp\/v2\/comments?post=22310"}],"version-history":[{"count":9,"href":"https:\/\/open2europe.com\/es\/wp-json\/wp\/v2\/pages\/22310\/revisions"}],"predecessor-version":[{"id":31608,"href":"https:\/\/open2europe.com\/es\/wp-json\/wp\/v2\/pages\/22310\/revisions\/31608"}],"wp:attachment":[{"href":"https:\/\/open2europe.com\/es\/wp-json\/wp\/v2\/media?parent=22310"}],"curies":[{"name":"wp","href":"https:\/\/api.w.org\/{rel}","templated":true}]}}