{"id":22313,"date":"2021-11-23T16:50:22","date_gmt":"2021-11-23T15:50:22","guid":{"rendered":"https:\/\/open2europe.com\/agencia-de-macroinfluencia\/"},"modified":"2021-12-14T10:41:36","modified_gmt":"2021-12-14T09:41:36","slug":"agencia-de-macroinfluencia","status":"publish","type":"page","link":"https:\/\/open2europe.com\/es\/agencia-de-macroinfluencia\/","title":{"rendered":"Agencia de Macro Influencia"},"content":{"rendered":"<div class=\"et_d4_element et_pb_section et_pb_section_0  et_pb_css_mix_blend_mode et_section_regular et_block_section\" >\n\t\t\t\t\n\t\t\t\t\n\t\t\t\t\n\t\t\t\t\n\t\t\t\t\n\t\t\t\t\n\t\t\t\t<div class=\"et_d4_element et_pb_row et_pb_row_0  et_pb_css_mix_blend_mode et_block_row\">\n\t\t\t\t<div class=\"et_d4_element et_pb_column_4_4 et_pb_column et_pb_column_0  et_pb_css_mix_blend_mode et-last-child et_block_column\">\n\t\t\t\t\n\t\t\t\t\n\t\t\t\t\n\t\t\t\t\n\t\t\t\t<div class=\"et_pb_module et_d4_element et_pb_text et_pb_text_0  et_pb_text_align_left et_pb_bg_layout_light\">\n\t\t\t\t\n\t\t\t\t\n\t\t\t\t\n\t\t\t\t\n\t\t\t\t<div class=\"et_pb_text_inner\"><p>El t\u00e9rmino macro influencer se utiliza a menudo en contraste con el de micro influencer para referirse a los influencers m\u00e1s famosos o incluso \"estrellas\" de las redes sociales con una gran audiencia, que cuenta con cientos de miles o incluso millones de seguidores.<\/p>\n<p>Nuevos relevos de comunicaci\u00f3n o l\u00edderes de opini\u00f3n 2.0, pueden crear motivaci\u00f3n para marcas o productos. Como se les paga casi al 100% por hablar, representan excelentes palancas de comunicaci\u00f3n para las marcas que tratan con ellos sobre los mensajes a transmitir.<\/p>\n<p>Open2Europe y su agencia de influencia <a href=\"https:\/\/open2influence.com\/\" target=\"_blank\" rel=\"noopener\">Open2Influence<\/a>se encargan de identificar, contactar, informar, negociar y establecer contratos y supervisar las campa\u00f1as.<\/p>\n<p>\u200b<\/p><\/div>\n\t\t\t<\/div>\n\t\t\t<\/div>\n\t\t\t\t\n\t\t\t\t\n\t\t\t\t\n\t\t\t\t\n\t\t\t<\/div>\n\t\t\t\t\n\t\t\t\t\n\t\t\t<\/div>\n","protected":false},"excerpt":{"rendered":"<p>Creaci\u00f3n de una campa\u00f1a de influencia pagada con macro influencia. La agencia Open2Influence le aconseja<\/p>\n","protected":false},"author":1,"featured_media":0,"parent":0,"menu_order":0,"comment_status":"closed","ping_status":"closed","template":"","meta":{"_acf_changed":false,"content-type":"","_et_pb_use_builder":"off","_et_pb_old_content":"","_et_gb_content_width":"","footnotes":""},"class_list":["post-22313","page","type-page","status-publish","hentry"],"acf":[],"aioseo_notices":[],"_links":{"self":[{"href":"https:\/\/open2europe.com\/es\/wp-json\/wp\/v2\/pages\/22313","targetHints":{"allow":["GET"]}}],"collection":[{"href":"https:\/\/open2europe.com\/es\/wp-json\/wp\/v2\/pages"}],"about":[{"href":"https:\/\/open2europe.com\/es\/wp-json\/wp\/v2\/types\/page"}],"author":[{"embeddable":true,"href":"https:\/\/open2europe.com\/es\/wp-json\/wp\/v2\/users\/1"}],"replies":[{"embeddable":true,"href":"https:\/\/open2europe.com\/es\/wp-json\/wp\/v2\/comments?post=22313"}],"version-history":[{"count":5,"href":"https:\/\/open2europe.com\/es\/wp-json\/wp\/v2\/pages\/22313\/revisions"}],"predecessor-version":[{"id":23296,"href":"https:\/\/open2europe.com\/es\/wp-json\/wp\/v2\/pages\/22313\/revisions\/23296"}],"wp:attachment":[{"href":"https:\/\/open2europe.com\/es\/wp-json\/wp\/v2\/media?parent=22313"}],"curies":[{"name":"wp","href":"https:\/\/api.w.org\/{rel}","templated":true}]}}