{"id":22316,"date":"2021-11-23T16:51:37","date_gmt":"2021-11-23T15:51:37","guid":{"rendered":"https:\/\/open2europe.com\/agencia-de-microinfluencia\/"},"modified":"2021-12-14T10:47:31","modified_gmt":"2021-12-14T09:47:31","slug":"agencia-de-microinfluencia","status":"publish","type":"page","link":"https:\/\/open2europe.com\/es\/agencia-de-microinfluencia\/","title":{"rendered":"Agencia de micro influencia"},"content":{"rendered":"<div class=\"et_d4_element et_pb_section et_pb_section_0  et_pb_css_mix_blend_mode et_section_regular et_block_section\" >\n\t\t\t\t\n\t\t\t\t\n\t\t\t\t\n\t\t\t\t\n\t\t\t\t\n\t\t\t\t\n\t\t\t\t<div class=\"et_d4_element et_pb_row et_pb_row_0  et_pb_css_mix_blend_mode et_block_row\">\n\t\t\t\t<div class=\"et_d4_element et_pb_column_4_4 et_pb_column et_pb_column_0  et_pb_css_mix_blend_mode et-last-child et_block_column\">\n\t\t\t\t\n\t\t\t\t\n\t\t\t\t\n\t\t\t\t\n\t\t\t\t<div class=\"et_pb_module et_d4_element et_pb_text et_pb_text_0  et_pb_text_align_left et_pb_bg_layout_light\">\n\t\t\t\t\n\t\t\t\t\n\t\t\t\t\n\t\t\t\t\n\t\t\t\t<div class=\"et_pb_text_inner\"><p>El mundo de la influencia, que se ha convertido en esencial hoy en d\u00eda, es muy amplio. La micro influencia por s\u00ed sola es una subcategor\u00eda y una verdadera palanca en la aplicaci\u00f3n de una estrategia digital para mejorar la referenciaci\u00f3n natural de una marca o su e-reputaci\u00f3n.<\/p>\n<p>Pero, \u00bfqu\u00e9 es un micro influencer?<br \/>\u00bfPor qu\u00e9 las campa\u00f1as de Influencia son relevantes?<br \/>\u00bfPor qu\u00e9 son actores importantes para las marcas hoy en d\u00eda?<br \/>\u00bfQu\u00e9 diferencia pueden suponer en la aplicaci\u00f3n de una estrategia de marketing de contenidos o inbound marketing?<\/p>\n<p>Open2Europe y su agencia de influencia <a href=\"https:\/\/open2influence.com\/\" target=\"_blank\" rel=\"noopener\">Open2Influence<\/a>le ayudan a ver con m\u00e1s claridad y le dan las claves de una estrategia de influencia eficaz para su marca.<\/p><\/div>\n\t\t\t<\/div>\n\t\t\t<\/div>\n\t\t\t\t\n\t\t\t\t\n\t\t\t\t\n\t\t\t\t\n\t\t\t<\/div>\n\t\t\t\t\n\t\t\t\t\n\t\t\t<\/div>\n","protected":false},"excerpt":{"rendered":"<p>La aplicaci\u00f3n de una estrategia de influencia eficaz requiere la inclusi\u00f3n de un componente de micro influencia. La agencia de influencia Open2Influence le ayuda a ver esto con m\u00e1s claridad<\/p>\n","protected":false},"author":1,"featured_media":0,"parent":0,"menu_order":0,"comment_status":"closed","ping_status":"closed","template":"","meta":{"_acf_changed":false,"content-type":"","_et_pb_use_builder":"off","_et_pb_old_content":"","_et_gb_content_width":"","footnotes":""},"class_list":["post-22316","page","type-page","status-publish","hentry"],"acf":[],"aioseo_notices":[],"_links":{"self":[{"href":"https:\/\/open2europe.com\/es\/wp-json\/wp\/v2\/pages\/22316","targetHints":{"allow":["GET"]}}],"collection":[{"href":"https:\/\/open2europe.com\/es\/wp-json\/wp\/v2\/pages"}],"about":[{"href":"https:\/\/open2europe.com\/es\/wp-json\/wp\/v2\/types\/page"}],"author":[{"embeddable":true,"href":"https:\/\/open2europe.com\/es\/wp-json\/wp\/v2\/users\/1"}],"replies":[{"embeddable":true,"href":"https:\/\/open2europe.com\/es\/wp-json\/wp\/v2\/comments?post=22316"}],"version-history":[{"count":14,"href":"https:\/\/open2europe.com\/es\/wp-json\/wp\/v2\/pages\/22316\/revisions"}],"predecessor-version":[{"id":23314,"href":"https:\/\/open2europe.com\/es\/wp-json\/wp\/v2\/pages\/22316\/revisions\/23314"}],"wp:attachment":[{"href":"https:\/\/open2europe.com\/es\/wp-json\/wp\/v2\/media?parent=22316"}],"curies":[{"name":"wp","href":"https:\/\/api.w.org\/{rel}","templated":true}]}}