{"id":22724,"date":"2021-12-08T17:17:05","date_gmt":"2021-12-08T16:17:05","guid":{"rendered":"https:\/\/open2europe.com\/agencia-de-relaciones-prensa-en-america-del-norte\/"},"modified":"2021-12-08T17:17:06","modified_gmt":"2021-12-08T16:17:06","slug":"agencia-de-relaciones-prensa-en-america-del-norte","status":"publish","type":"page","link":"https:\/\/open2europe.com\/es\/agencia-de-relaciones-prensa-en-america-del-norte\/","title":{"rendered":"Agencia de Relaciones Prensa en Am\u00e9rica del Norte"},"content":{"rendered":"<div class=\"et_d4_element et_pb_section et_pb_section_0  et_pb_css_mix_blend_mode et_section_regular et_block_section\" >\n\t\t\t\t\n\t\t\t\t\n\t\t\t\t\n\t\t\t\t\n\t\t\t\t\n\t\t\t\t\n\t\t\t\t<div class=\"et_d4_element et_pb_row et_pb_row_0  et_pb_css_mix_blend_mode et_block_row\">\n\t\t\t\t<div class=\"et_d4_element et_pb_column_4_4 et_pb_column et_pb_column_0  et_pb_css_mix_blend_mode et-last-child et_block_column\">\n\t\t\t\t\n\t\t\t\t\n\t\t\t\t\n\t\t\t\t\n\t\t\t\t<div class=\"et_pb_module et_d4_element et_pb_text et_pb_text_0  et_pb_text_align_left et_pb_bg_layout_light\">\n\t\t\t\t\n\t\t\t\t\n\t\t\t\t\n\t\t\t\t\n\t\t\t\t<div class=\"et_pb_text_inner\"><p>Creada en 2006, <a href=\"https:\/\/open2america.com\/\" target=\"_blank\" rel=\"noopener noreferrer\">Open2America<\/a>tiene como objetivo apoyar a las organizaciones francesas, europeas y asi\u00e1ticas que deseen desarrollar su visibilidad en Estados Unidos, Canad\u00e1 y M\u00e9xico. Formada por consultores de medios de comunicaci\u00f3n canadienses y estadounidenses, <a href=\"https:\/\/open2america.com\/\" target=\"_blank\" rel=\"noopener noreferrer\">Open2America<\/a>aporta una experiencia real de estos mercados, y desempe\u00f1a un papel de enlace con nuestra sede central, Open2Europe. Open2America tambi\u00e9n asiste a clientes canadienses y estadounidenses en sus campa\u00f1as de relaciones con los medios de comunicaci\u00f3n e influencers en los mercados locales.<\/p>\n<p>Lanzamiento de una marca o de un producto, promoci\u00f3n de un savoir-faire o de un territorio, puesta en valor de una innovaci\u00f3n tecnol\u00f3gica, organizaci\u00f3n de discursos de ejecutivos, acompa\u00f1amiento de una delegaci\u00f3n institucional, etc., el equipo de<a href=\"https:\/\/open2america.com\/\" target=\"_blank\" rel=\"noopener noreferrer\">Open2America<\/a>podr\u00e1 concebir y desplegar estrategias de influencia on y off-line adaptadas y eficaces para reforzar su reputaci\u00f3n ante su p\u00fablico de inter\u00e9s (consumidores, prescriptores y otros actores influyentes). Tambi\u00e9n se encarga de todas las ferias internacionales con sede en Estados Unidos (de Nueva York a Las Vegas pasando por Washington, Chicago, Dallas y Los \u00c1ngeles).<\/p><\/div>\n\t\t\t<\/div>\n\t\t\t<\/div>\n\t\t\t\t\n\t\t\t\t\n\t\t\t\t\n\t\t\t\t\n\t\t\t<\/div>\n\t\t\t\t\n\t\t\t\t\n\t\t\t<\/div>\n","protected":false},"excerpt":{"rendered":"<p>Agencia de Relaciones Prensa en Am\u00e9rica del Norte<\/p>\n","protected":false},"author":1,"featured_media":0,"parent":0,"menu_order":0,"comment_status":"closed","ping_status":"closed","template":"","meta":{"_acf_changed":false,"content-type":"","_et_pb_use_builder":"off","_et_pb_old_content":"","_et_gb_content_width":"","footnotes":""},"class_list":["post-22724","page","type-page","status-publish","hentry"],"acf":[],"aioseo_notices":[],"_links":{"self":[{"href":"https:\/\/open2europe.com\/es\/wp-json\/wp\/v2\/pages\/22724","targetHints":{"allow":["GET"]}}],"collection":[{"href":"https:\/\/open2europe.com\/es\/wp-json\/wp\/v2\/pages"}],"about":[{"href":"https:\/\/open2europe.com\/es\/wp-json\/wp\/v2\/types\/page"}],"author":[{"embeddable":true,"href":"https:\/\/open2europe.com\/es\/wp-json\/wp\/v2\/users\/1"}],"replies":[{"embeddable":true,"href":"https:\/\/open2europe.com\/es\/wp-json\/wp\/v2\/comments?post=22724"}],"version-history":[{"count":2,"href":"https:\/\/open2europe.com\/es\/wp-json\/wp\/v2\/pages\/22724\/revisions"}],"predecessor-version":[{"id":22726,"href":"https:\/\/open2europe.com\/es\/wp-json\/wp\/v2\/pages\/22724\/revisions\/22726"}],"wp:attachment":[{"href":"https:\/\/open2europe.com\/es\/wp-json\/wp\/v2\/media?parent=22724"}],"curies":[{"name":"wp","href":"https:\/\/api.w.org\/{rel}","templated":true}]}}