{"id":22740,"date":"2021-12-08T17:34:20","date_gmt":"2021-12-08T16:34:20","guid":{"rendered":"https:\/\/open2europe.com\/agencia-de-relaciones-con-la-prensa-de-turismo-y-transporte\/"},"modified":"2021-12-08T17:34:22","modified_gmt":"2021-12-08T16:34:22","slug":"agencia-de-relaciones-con-la-prensa-de-turismo-y-transporte","status":"publish","type":"page","link":"https:\/\/open2europe.com\/es\/nuestras-areas-de-especializacion\/agencia-de-relaciones-con-la-prensa-de-turismo-y-transporte\/","title":{"rendered":"Agencia de Relaciones con la Prensa de Turismo y Transporte"},"content":{"rendered":"<div class=\"et_d4_element et_pb_section et_pb_section_0  et_pb_css_mix_blend_mode et_section_regular et_block_section\" >\n\t\t\t\t\n\t\t\t\t\n\t\t\t\t\n\t\t\t\t\n\t\t\t\t\n\t\t\t\t\n\t\t\t\t<div class=\"et_d4_element et_pb_row et_pb_row_0  et_pb_css_mix_blend_mode et_block_row\">\n\t\t\t\t<div class=\"et_d4_element et_pb_column_4_4 et_pb_column et_pb_column_0  et_pb_css_mix_blend_mode et-last-child et_block_column\">\n\t\t\t\t\n\t\t\t\t\n\t\t\t\t\n\t\t\t\t\n\t\t\t\t<div class=\"et_pb_module et_d4_element et_pb_text et_pb_text_0  et_pb_text_align_left et_pb_bg_layout_light\">\n\t\t\t\t\n\t\t\t\t\n\t\t\t\t\n\t\t\t\t\n\t\t\t\t<div class=\"et_pb_text_inner\">Nuestra agencia de relaciones de prensa de Turismo y Transporte opera en todos los \u00e1mbitos relacionados con el turismo. Una agencia de relaciones p\u00fablicas de turismo para usted, ya sea una instituci\u00f3n o una oficina de turismo encargada de promocionar un territorio o un destino, un transportista o una compa\u00f1\u00eda a\u00e9rea, un operador de cruceros, una cadena hotelera o un proveedor de alojamiento independiente, un operador tur\u00edstico o una agencia de viajes en l\u00ednea, etc. Nuestros consultores de turismo o adjuntos de prensa de turismo ponen su experiencia y sus conocimientos t\u00e9cnicos a su disposici\u00f3n en beneficio de las misiones que se les conf\u00ede.<\/p>\n<p>Una agencia de relaciones con la prensa tur\u00edstica se ocupa de todo lo que concierne a los viajes de prensa, las giras de prensa, inauguraciones, mesas redondas, conferencias, acompa\u00f1amiento en las ferias profesionales o de gran p\u00fablico (IFTM Top Resa y Map Pro, Feria Mundial del Turismo, Feria Destinations Nature, etc.). Nuestro equipo le ofrece planes de acci\u00f3n a la medida y en respuesta a sus objetivos para obtener la m\u00e1xima visibilidad en el sector tur\u00edstico.<\/p>\n<p>Adaptamos nuestros mensajes y acciones a cada uno de sus objetivos. En contacto diario con todos los medios de comunicaci\u00f3n (on\/offline, TV, radio), sabemos c\u00f3mo posicionarle ante los actores de su mercado a trav\u00e9s de la prensa profesional (negocios y ocio) y especializada (transportes, hoteles, etc.), pero tambi\u00e9n ante el p\u00fablico en general dirigi\u00e9ndose a la prensa femenina, masculina, generalista, familiar, de la tercera edad, etc. Por supuesto, colaboramos regularmente con influencers y bloggers influyentes, en particular expertos o entusiastas de los viajes, que se han vuelto indispensables hoy en d\u00eda.<\/p>\n<p>Con el apoyo de nuestra agencia Digital <a href=\"https:\/\/open2digital.com\/\" target=\"_blank\" rel=\"noopener\">Open2Digital<\/a>, desplegamos su estrategia de influencia en todas las redes sociales: Facebook, Twitter, Instagram, etc., para desarrollar su e-reputaci\u00f3n.<\/p>\n<p>Nuestros equipos tambi\u00e9n pueden apoyarle en el desarrollo y la puesta en marcha de su estrategia de marketing operativo (talleres, roadshows, eductours, etc.); tambi\u00e9n le ofrecemos las medidas adecuadas para garantizar su representaci\u00f3n en Francia o Europa.<\/p>\n<p>Por \u00faltimo, gracias a la experiencia de nuestros consultores europeos y de nuestras filiales con sede en China, Am\u00e9rica del Norte y \u00c1frica, disponemos de todos los recursos necesarios para garantizar su comunicaci\u00f3n en todos los mercados extranjeros, en particular a trav\u00e9s de los grandes salones internacionales como WTM Londres, ITB Berl\u00edn, o incluso el Sal\u00f3n A\u00e9reo de Par\u00eds \/ Le Bourget o Farnborough en el transporte a\u00e9reo.<\/div>\n\t\t\t<\/div>\n\t\t\t<\/div>\n\t\t\t\t\n\t\t\t\t\n\t\t\t\t\n\t\t\t\t\n\t\t\t<\/div>\n\t\t\t\t\n\t\t\t\t\n\t\t\t<\/div>\n","protected":false},"excerpt":{"rendered":"<p>El equipo de nuestra agencia de relaciones de prensa de Turismo y Transporte, especializada en los \u00e1mbitos de los viajes y el transporte, lleva m\u00e1s de 20 a\u00f1os acompa\u00f1ando a los agentes tur\u00edsticos en su estrategia de relaciones con los medios de comunicaci\u00f3n y de influencia en Francia y en el extranjero<\/p>\n","protected":false},"author":1,"featured_media":0,"parent":20945,"menu_order":0,"comment_status":"closed","ping_status":"closed","template":"","meta":{"_acf_changed":false,"content-type":"","_et_pb_use_builder":"off","_et_pb_old_content":"","_et_gb_content_width":"","footnotes":""},"class_list":["post-22740","page","type-page","status-publish","hentry"],"acf":[],"aioseo_notices":[],"_links":{"self":[{"href":"https:\/\/open2europe.com\/es\/wp-json\/wp\/v2\/pages\/22740","targetHints":{"allow":["GET"]}}],"collection":[{"href":"https:\/\/open2europe.com\/es\/wp-json\/wp\/v2\/pages"}],"about":[{"href":"https:\/\/open2europe.com\/es\/wp-json\/wp\/v2\/types\/page"}],"author":[{"embeddable":true,"href":"https:\/\/open2europe.com\/es\/wp-json\/wp\/v2\/users\/1"}],"replies":[{"embeddable":true,"href":"https:\/\/open2europe.com\/es\/wp-json\/wp\/v2\/comments?post=22740"}],"version-history":[{"count":2,"href":"https:\/\/open2europe.com\/es\/wp-json\/wp\/v2\/pages\/22740\/revisions"}],"predecessor-version":[{"id":22752,"href":"https:\/\/open2europe.com\/es\/wp-json\/wp\/v2\/pages\/22740\/revisions\/22752"}],"up":[{"embeddable":true,"href":"https:\/\/open2europe.com\/es\/wp-json\/wp\/v2\/pages\/20945"}],"wp:attachment":[{"href":"https:\/\/open2europe.com\/es\/wp-json\/wp\/v2\/media?parent=22740"}],"curies":[{"name":"wp","href":"https:\/\/api.w.org\/{rel}","templated":true}]}}