{"id":22756,"date":"2021-12-08T17:36:59","date_gmt":"2021-12-08T16:36:59","guid":{"rendered":"https:\/\/open2europe.com\/agencia-de-relaciones-con-la-prensa-lifestyle\/"},"modified":"2021-12-08T17:37:00","modified_gmt":"2021-12-08T16:37:00","slug":"agencia-de-relaciones-con-la-prensa-lifestyle","status":"publish","type":"page","link":"https:\/\/open2europe.com\/es\/agencia-de-relaciones-con-la-prensa-lifestyle\/","title":{"rendered":"Agencia de Relaciones con la Prensa LifeStyle"},"content":{"rendered":"<div class=\"et_d4_element et_pb_section et_pb_section_0  et_pb_css_mix_blend_mode et_section_regular et_block_section\" >\n\t\t\t\t\n\t\t\t\t\n\t\t\t\t\n\t\t\t\t\n\t\t\t\t\n\t\t\t\t\n\t\t\t\t<div class=\"et_d4_element et_pb_row et_pb_row_0  et_pb_css_mix_blend_mode et_block_row\">\n\t\t\t\t<div class=\"et_d4_element et_pb_column_4_4 et_pb_column et_pb_column_0  et_pb_css_mix_blend_mode et-last-child et_block_column\">\n\t\t\t\t\n\t\t\t\t\n\t\t\t\t\n\t\t\t\t\n\t\t\t\t<div class=\"et_pb_module et_d4_element et_pb_text et_pb_text_0  et_pb_text_align_left et_pb_bg_layout_light\">\n\t\t\t\t\n\t\t\t\t\n\t\t\t\t\n\t\t\t\t\n\t\t\t\t<div class=\"et_pb_text_inner\">Los consultores Lifestyle de Open2Europe escuchar\u00e1n sus objetivos y le aconsejar\u00e1n en la definici\u00f3n de su estrategia medi\u00e1tica y de influencia para reforzar su visibilidad en la prensa, pero tambi\u00e9n en los medios audiovisuales y en la web, y aumentar as\u00ed el conocimiento de su marca. <\/p>\n<p>Lanzamientos de productos, eventos con periodistas o influencers, entrega de productos, puesta en marcha de pruebas, viajes de prensa, etc. Nuestro equipo de Relaciones Prensa Lifestyle le ofrece acciones a medida en respuesta a sus necesidades en materia de relaciones prensa e influencia en general. <\/p>\n<p>Adaptamos nuestros mensajes y acciones a cada uno de sus objetivos En contacto diario con todos los medios de comunicaci\u00f3n (on\/offline, TV, radio), sabremos c\u00f3mo posicionarle con los actores de su mercado a trav\u00e9s de la prensa profesional y especializada, pero tambi\u00e9n con el p\u00fablico general dirigi\u00e9ndonos a la prensa femenina, masculina, generalista, familiar, de la tercera edad, etc. Por supuesto, tambi\u00e9n trabajamos con influencers y bloggeros influyentes, que se han convertido en imprescindibles hoy en d\u00eda.<\/p>\n<p>Junto con Open2Digital, nuestra filial dedicada al Community Management, nuestro sector puede desplegar su estrategia de influencia en las redes sociales.<\/p>\n<p>Con nuestros consultores europeos y nuestras filiales en China, Norteam\u00e9rica y \u00c1frica, tambi\u00e9n disponemos de los recursos necesarios para garantizar el conocimiento y la visibilidad de su marca y sus productos en el extranjero.<\/div>\n\t\t\t<\/div>\n\t\t\t<\/div>\n\t\t\t\t\n\t\t\t\t\n\t\t\t\t\n\t\t\t\t\n\t\t\t<\/div>\n\t\t\t\t\n\t\t\t\t\n\t\t\t<\/div>\n","protected":false},"excerpt":{"rendered":"<p>Nuestro equipo de relaciones con la prensa sobre Lifestyle o Lifeart cubre una amplia gama de campos: desde la alimentaci\u00f3n, la belleza, el turismo, el deporte hasta los bienes de consumo<\/p>\n","protected":false},"author":1,"featured_media":0,"parent":0,"menu_order":0,"comment_status":"closed","ping_status":"closed","template":"","meta":{"_acf_changed":false,"content-type":"","_et_pb_use_builder":"off","_et_pb_old_content":"","_et_gb_content_width":"","footnotes":""},"class_list":["post-22756","page","type-page","status-publish","hentry"],"acf":[],"aioseo_notices":[],"_links":{"self":[{"href":"https:\/\/open2europe.com\/es\/wp-json\/wp\/v2\/pages\/22756","targetHints":{"allow":["GET"]}}],"collection":[{"href":"https:\/\/open2europe.com\/es\/wp-json\/wp\/v2\/pages"}],"about":[{"href":"https:\/\/open2europe.com\/es\/wp-json\/wp\/v2\/types\/page"}],"author":[{"embeddable":true,"href":"https:\/\/open2europe.com\/es\/wp-json\/wp\/v2\/users\/1"}],"replies":[{"embeddable":true,"href":"https:\/\/open2europe.com\/es\/wp-json\/wp\/v2\/comments?post=22756"}],"version-history":[{"count":2,"href":"https:\/\/open2europe.com\/es\/wp-json\/wp\/v2\/pages\/22756\/revisions"}],"predecessor-version":[{"id":22758,"href":"https:\/\/open2europe.com\/es\/wp-json\/wp\/v2\/pages\/22756\/revisions\/22758"}],"wp:attachment":[{"href":"https:\/\/open2europe.com\/es\/wp-json\/wp\/v2\/media?parent=22756"}],"curies":[{"name":"wp","href":"https:\/\/api.w.org\/{rel}","templated":true}]}}