{"id":22770,"date":"2021-12-09T09:52:01","date_gmt":"2021-12-09T08:52:01","guid":{"rendered":"https:\/\/open2europe.com\/agencia-de-relaciones-con-la-prensa-en-francia\/"},"modified":"2021-12-09T09:52:24","modified_gmt":"2021-12-09T08:52:24","slug":"agencia-de-relaciones-con-la-prensa-en-francia","status":"publish","type":"page","link":"https:\/\/open2europe.com\/es\/agencia-de-relaciones-con-la-prensa-en-francia\/","title":{"rendered":"Agencia de relaciones con la prensa en Francia"},"content":{"rendered":"<div class=\"et_d4_element et_pb_section et_pb_section_0  et_pb_css_mix_blend_mode et_section_regular et_block_section\" >\n\t\t\t\t\n\t\t\t\t\n\t\t\t\t\n\t\t\t\t\n\t\t\t\t\n\t\t\t\t\n\t\t\t\t<div class=\"et_d4_element et_pb_row et_pb_row_0  et_pb_css_mix_blend_mode et_block_row\">\n\t\t\t\t<div class=\"et_d4_element et_pb_column_4_4 et_pb_column et_pb_column_0  et_pb_css_mix_blend_mode et-last-child et_block_column\">\n\t\t\t\t\n\t\t\t\t\n\t\t\t\t\n\t\t\t\t\n\t\t\t\t<div class=\"et_pb_module et_d4_element et_pb_text et_pb_text_0  et_pb_text_align_left et_pb_bg_layout_light\">\n\t\t\t\t\n\t\t\t\t\n\t\t\t\t\n\t\t\t\t\n\t\t\t\t<div class=\"et_pb_text_inner\"><p>Nuestra misi\u00f3n: desarrollar y defender la reputaci\u00f3n de nuestros clientes en todo el mundo.<\/p>\n<ul>\n<li>Diagn\u00f3stico de la situaci\u00f3n existente y auditor\u00eda editorial<\/li>\n<li>Consultor\u00eda de estrategia editorial desde la creaci\u00f3n hasta la conversi\u00f3n<\/li>\n<li>Elaboraci\u00f3n de una l\u00ednea editorial y una carta conversacional<\/li>\n<li>Elaboraci\u00f3n de contenidos adaptados y de valor a\u00f1adido<\/li>\n<li>Distribuci\u00f3n y viralizaci\u00f3n de sus contenidos <\/li>\n<li>Optimizaci\u00f3n de su referenciaci\u00f3n natural<\/li>\n<li>Auditor\u00eda de la situaci\u00f3n existente y de su entorno<\/li>\n<li>Elaboraci\u00f3n de su estrategia de relaciones con los medios de comunicaci\u00f3n<\/li>\n<li>Production et diffusion de vos outils de presse<\/li>\n<li>Organizaci\u00f3n de sus eventos de prensa<\/li>\n<li>Acompa\u00f1amiento en sus apariciones en los medios de comunicaci\u00f3n<\/li>\n<li>Digitalizaci\u00f3n de sus relaciones con los medios de comunicaci\u00f3n<\/li>\n<li>Mapa de los principales blogs influyentes en su campo<\/li>\n<li>Creaci\u00f3n de contenidos adaptados a cada bloggero<\/li>\n<li>Mantener un contacto personalizado con el objetivo identificado<\/li>\n<li>Organizaci\u00f3n de programas de embajadores<\/li>\n<li>Organizaci\u00f3n de eventos dedicados<\/li>\n<li>Creaci\u00f3n de asociaciones<\/li>\n<li>Auditor\u00eda de su reputaci\u00f3n electr\u00f3nica<\/li>\n<li>Elaboraci\u00f3n de una estrategia de influencia a trav\u00e9s de las redes sociales<br \/>Facebook, Twitter, Pinterest, Instagram, LinkedIn...<\/li>\n<li>Definici\u00f3n de una l\u00ednea editorial y una carta de conversaci\u00f3n<\/li>\n<li>Elaboraci\u00f3n de operaciones de buzz marketing<\/li>\n<li>Gesti\u00f3n de su comunidad multiling\u00fce<\/li>\n<li>Gesti\u00f3n de sus campa\u00f1as publicitarias<\/li>\n<\/ul><\/div>\n\t\t\t<\/div>\n\t\t\t<\/div>\n\t\t\t\t\n\t\t\t\t\n\t\t\t\t\n\t\t\t\t\n\t\t\t<\/div>\n\t\t\t\t\n\t\t\t\t\n\t\t\t<\/div>\n","protected":false},"excerpt":{"rendered":"<p>Open2Europe es una agencia de relaciones p\u00fablicas y estrategia de influencia con sede en Par\u00eds que ofrece experiencia en varias \u00e1reas principales de la comunicaci\u00f3n: relaciones con la prensa, relaciones p\u00fablicas, relaciones con los medios de comunicaci\u00f3n tradicionales y 2.0, relaciones con los influencers, medios sociales y reputaci\u00f3n electr\u00f3nica. Open2Europe es un grupo franc\u00e9s independiente, presente en todos los continentes gracias a sus 3 filiales (Open2China, Open2America y Open2Africa), que cubren m\u00e1s de 50 pa\u00edses en el mundo<\/p>\n","protected":false},"author":1,"featured_media":0,"parent":0,"menu_order":0,"comment_status":"closed","ping_status":"closed","template":"","meta":{"_acf_changed":false,"content-type":"","_et_pb_use_builder":"off","_et_pb_old_content":"","_et_gb_content_width":"","footnotes":""},"class_list":["post-22770","page","type-page","status-publish","hentry"],"acf":[],"aioseo_notices":[],"_links":{"self":[{"href":"https:\/\/open2europe.com\/es\/wp-json\/wp\/v2\/pages\/22770","targetHints":{"allow":["GET"]}}],"collection":[{"href":"https:\/\/open2europe.com\/es\/wp-json\/wp\/v2\/pages"}],"about":[{"href":"https:\/\/open2europe.com\/es\/wp-json\/wp\/v2\/types\/page"}],"author":[{"embeddable":true,"href":"https:\/\/open2europe.com\/es\/wp-json\/wp\/v2\/users\/1"}],"replies":[{"embeddable":true,"href":"https:\/\/open2europe.com\/es\/wp-json\/wp\/v2\/comments?post=22770"}],"version-history":[{"count":5,"href":"https:\/\/open2europe.com\/es\/wp-json\/wp\/v2\/pages\/22770\/revisions"}],"predecessor-version":[{"id":22775,"href":"https:\/\/open2europe.com\/es\/wp-json\/wp\/v2\/pages\/22770\/revisions\/22775"}],"wp:attachment":[{"href":"https:\/\/open2europe.com\/es\/wp-json\/wp\/v2\/media?parent=22770"}],"curies":[{"name":"wp","href":"https:\/\/api.w.org\/{rel}","templated":true}]}}