{"id":22928,"date":"2021-12-09T16:46:59","date_gmt":"2021-12-09T15:46:59","guid":{"rendered":"https:\/\/open2europe.com\/agencia-de-relaciones-con-la-prensa-en-paris\/"},"modified":"2021-12-09T16:47:01","modified_gmt":"2021-12-09T15:47:01","slug":"agencia-de-relaciones-con-la-prensa-en-paris","status":"publish","type":"page","link":"https:\/\/open2europe.com\/es\/agencia-de-relaciones-con-la-prensa-en-francia\/agencia-de-relaciones-con-la-prensa-en-paris\/","title":{"rendered":"Agencia de relaciones con la prensa en Par\u00eds"},"content":{"rendered":"<div class=\"et_d4_element et_pb_section et_pb_section_0  et_pb_css_mix_blend_mode et_section_regular et_block_section\" >\n\t\t\t\t\n\t\t\t\t\n\t\t\t\t\n\t\t\t\t\n\t\t\t\t\n\t\t\t\t\n\t\t\t\t<div class=\"et_d4_element et_pb_row et_pb_row_0  et_pb_css_mix_blend_mode et_block_row\">\n\t\t\t\t<div class=\"et_d4_element et_pb_column_4_4 et_pb_column et_pb_column_0  et_pb_css_mix_blend_mode et-last-child et_block_column\">\n\t\t\t\t\n\t\t\t\t\n\t\t\t\t\n\t\t\t\t\n\t\t\t\t<div class=\"et_pb_module et_d4_element et_pb_text et_pb_text_0  et_pb_text_align_left et_pb_bg_layout_light\">\n\t\t\t\t\n\t\t\t\t\n\t\t\t\t\n\t\t\t\t\n\t\t\t\t<div class=\"et_pb_text_inner\">\u00bfQuiere aumentar su notoriedad, su visibilidad en los medios de comunicaci\u00f3n, su negocio? <\/p>\n<p>Open2Europe, agencia de relaciones con la prensa en Par\u00eds, est\u00e1 formada por consultores franceses y europeos de 15 nacionalidades diferentes, para ayudarle a poner en pr\u00e1ctica su estrategia de relaciones prensa e influencia en Francia y en el extranjero. <\/div>\n\t\t\t<\/div>\n\t\t\t<\/div>\n\t\t\t\t\n\t\t\t\t\n\t\t\t\t\n\t\t\t\t\n\t\t\t<\/div>\n\t\t\t\t\n\t\t\t\t\n\t\t\t<\/div>\n","protected":false},"excerpt":{"rendered":"<p>Open2Europe es una agencia de relaci\u00f3n con la prensa ubicada en Par\u00eds, Francia. Podemos ayudarle con su estrategia de relaciones con la prensa e influencia en Francia <\/p>\n","protected":false},"author":1,"featured_media":0,"parent":22770,"menu_order":0,"comment_status":"closed","ping_status":"closed","template":"","meta":{"_acf_changed":false,"content-type":"","_et_pb_use_builder":"off","_et_pb_old_content":"","_et_gb_content_width":"","footnotes":""},"class_list":["post-22928","page","type-page","status-publish","hentry"],"acf":[],"aioseo_notices":[],"_links":{"self":[{"href":"https:\/\/open2europe.com\/es\/wp-json\/wp\/v2\/pages\/22928","targetHints":{"allow":["GET"]}}],"collection":[{"href":"https:\/\/open2europe.com\/es\/wp-json\/wp\/v2\/pages"}],"about":[{"href":"https:\/\/open2europe.com\/es\/wp-json\/wp\/v2\/types\/page"}],"author":[{"embeddable":true,"href":"https:\/\/open2europe.com\/es\/wp-json\/wp\/v2\/users\/1"}],"replies":[{"embeddable":true,"href":"https:\/\/open2europe.com\/es\/wp-json\/wp\/v2\/comments?post=22928"}],"version-history":[{"count":2,"href":"https:\/\/open2europe.com\/es\/wp-json\/wp\/v2\/pages\/22928\/revisions"}],"predecessor-version":[{"id":22930,"href":"https:\/\/open2europe.com\/es\/wp-json\/wp\/v2\/pages\/22928\/revisions\/22930"}],"up":[{"embeddable":true,"href":"https:\/\/open2europe.com\/es\/wp-json\/wp\/v2\/pages\/22770"}],"wp:attachment":[{"href":"https:\/\/open2europe.com\/es\/wp-json\/wp\/v2\/media?parent=22928"}],"curies":[{"name":"wp","href":"https:\/\/api.w.org\/{rel}","templated":true}]}}