{"id":22951,"date":"2021-12-09T16:52:47","date_gmt":"2021-12-09T15:52:47","guid":{"rendered":"https:\/\/open2europe.com\/agencia-de-estrategia-de-comunicacion\/"},"modified":"2021-12-09T16:52:49","modified_gmt":"2021-12-09T15:52:49","slug":"agencia-de-estrategia-de-comunicacion","status":"publish","type":"page","link":"https:\/\/open2europe.com\/es\/agencia-de-estrategia-de-comunicacion\/","title":{"rendered":"Agencia de estrategia de comunicaci\u00f3n"},"content":{"rendered":"<div class=\"et_d4_element et_pb_section et_pb_section_0  et_pb_css_mix_blend_mode et_section_regular et_block_section\" >\n\t\t\t\t\n\t\t\t\t\n\t\t\t\t\n\t\t\t\t\n\t\t\t\t\n\t\t\t\t\n\t\t\t\t<div class=\"et_d4_element et_pb_row et_pb_row_0  et_pb_css_mix_blend_mode et_block_row\">\n\t\t\t\t<div class=\"et_d4_element et_pb_column_4_4 et_pb_column et_pb_column_0  et_pb_css_mix_blend_mode et-last-child et_block_column\">\n\t\t\t\t\n\t\t\t\t\n\t\t\t\t\n\t\t\t\t\n\t\t\t\t<div class=\"et_pb_module et_d4_element et_pb_text et_pb_text_0  et_pb_text_align_left et_pb_bg_layout_light\">\n\t\t\t\t\n\t\t\t\t\n\t\t\t\t\n\t\t\t\t\n\t\t\t\t<div class=\"et_pb_text_inner\"><p>El \u00e9xito de la publicidad requiere una estrategia de comunicaci\u00f3n bien definida. Por lo tanto, antes de cada campa\u00f1a hay que plantearse varias preguntas:<\/p>\n<p>\u00bfCu\u00e1les son sus objetivos de comunicaci\u00f3n?<\/p>\n<p>\u00bfEs para mejorar su perfil, atraer nuevos talentos, fidelizar a los clientes o tranquilizar a los inversores?<\/p>\n<p>\u00bfCu\u00e1les son sus objetivos?<\/p>\n<p>\u00bfA qui\u00e9n quiere dirigirse: nuevos talentos, clientes, socios o empleados?<\/p>\n<p>Sus objetivos son muchos. Por lo tanto, es importante identificarlos, pero tambi\u00e9n conocerlos bien: perfil sociol\u00f3gico, necesidades y aspiraciones, etc. \u00bfQu\u00e9 mensaje quiere transmitir a sus distintos destinatarios?<\/p>\n<p>\u00bfQu\u00e9 mensaje quiere transmitir a sus distintos destinatarios?<\/p>\n<p>\u00bfCu\u00e1l es su posicionamiento en relaci\u00f3n con la competencia?<\/p>\n<p>\u00bfQu\u00e9 percepci\u00f3n tienen los consumidores y los medios de comunicaci\u00f3n de su marca?<\/p>\n<p>Todas estas son preguntas que hay que plantearse para definir un plan de acci\u00f3n, unas herramientas y un calendario.<\/p><\/div>\n\t\t\t<\/div>\n\t\t\t<\/div>\n\t\t\t\t\n\t\t\t\t\n\t\t\t\t\n\t\t\t\t\n\t\t\t<\/div>\n\t\t\t\t\n\t\t\t\t\n\t\t\t<\/div>\n","protected":false},"excerpt":{"rendered":"<p>Los equipos de Open2Europe est\u00e1n a la escucha de sus problemas y retos y le asesoran sobre c\u00f3mo llevar a cabo su estrategia de comunicaci\u00f3n en todos los \u00e1mbitos: B2B, B2C, corporativo, de producto, marca y\/o crisis.<\/p>\n","protected":false},"author":1,"featured_media":0,"parent":0,"menu_order":0,"comment_status":"closed","ping_status":"closed","template":"","meta":{"_acf_changed":false,"content-type":"","_et_pb_use_builder":"off","_et_pb_old_content":"","_et_gb_content_width":"","footnotes":""},"class_list":["post-22951","page","type-page","status-publish","hentry"],"acf":[],"aioseo_notices":[],"_links":{"self":[{"href":"https:\/\/open2europe.com\/es\/wp-json\/wp\/v2\/pages\/22951","targetHints":{"allow":["GET"]}}],"collection":[{"href":"https:\/\/open2europe.com\/es\/wp-json\/wp\/v2\/pages"}],"about":[{"href":"https:\/\/open2europe.com\/es\/wp-json\/wp\/v2\/types\/page"}],"author":[{"embeddable":true,"href":"https:\/\/open2europe.com\/es\/wp-json\/wp\/v2\/users\/1"}],"replies":[{"embeddable":true,"href":"https:\/\/open2europe.com\/es\/wp-json\/wp\/v2\/comments?post=22951"}],"version-history":[{"count":2,"href":"https:\/\/open2europe.com\/es\/wp-json\/wp\/v2\/pages\/22951\/revisions"}],"predecessor-version":[{"id":22953,"href":"https:\/\/open2europe.com\/es\/wp-json\/wp\/v2\/pages\/22951\/revisions\/22953"}],"wp:attachment":[{"href":"https:\/\/open2europe.com\/es\/wp-json\/wp\/v2\/media?parent=22951"}],"curies":[{"name":"wp","href":"https:\/\/api.w.org\/{rel}","templated":true}]}}