{"id":23023,"date":"2021-12-09T17:00:01","date_gmt":"2021-12-09T16:00:01","guid":{"rendered":"https:\/\/open2europe.com\/agencia-de-relaciones-con-los-medios-de-comunicacion\/"},"modified":"2021-12-09T17:00:03","modified_gmt":"2021-12-09T16:00:03","slug":"agencia-de-relaciones-con-los-medios-de-comunicacion","status":"publish","type":"page","link":"https:\/\/open2europe.com\/es\/agencia-de-relaciones-con-los-medios-de-comunicacion\/","title":{"rendered":"Agencia de Relaciones con los Medios de Comunicaci\u00f3n"},"content":{"rendered":"<div class=\"et_d4_element et_pb_section et_pb_section_0  et_pb_css_mix_blend_mode et_section_regular et_block_section\" >\n\t\t\t\t\n\t\t\t\t\n\t\t\t\t\n\t\t\t\t\n\t\t\t\t\n\t\t\t\t\n\t\t\t\t<div class=\"et_d4_element et_pb_row et_pb_row_0  et_pb_css_mix_blend_mode et_block_row\">\n\t\t\t\t<div class=\"et_d4_element et_pb_column_4_4 et_pb_column et_pb_column_0  et_pb_css_mix_blend_mode et-last-child et_block_column\">\n\t\t\t\t\n\t\t\t\t\n\t\t\t\t\n\t\t\t\t\n\t\t\t\t<div class=\"et_pb_module et_d4_element et_pb_text et_pb_text_0  et_pb_text_align_left et_pb_bg_layout_light\">\n\t\t\t\t\n\t\t\t\t\n\t\t\t\t\n\t\t\t\t\n\t\t\t\t<div class=\"et_pb_text_inner\">Nuestros equipos de consultores de medios de comunicaci\u00f3n o responsables de prensa franceses e internacionales elaborar\u00e1n y aplicar\u00e1n su estrategia de relaciones con los medios de comunicaci\u00f3n en funci\u00f3n de sus objetivos: corporativos y de crisis, de producto y de marca, B2B y B2C. Podr\u00e1n definir sus mensajes y priorizar las acciones en funci\u00f3n de las audiencias y los diferentes medios a los que se dirigen: prensa on y offline, escrita o audiovisual, nacional o regional, generalista o especializada.<\/p>\n<p>Open2Europe est\u00e1 presente en todos los continentes: Europa, Asia, Am\u00e9rica del Norte y \u00c1frica. Gracias a nuestros equipos internacionales y a nuestra organizaci\u00f3n centralizada, podemos adaptar su cobertura medi\u00e1tica pa\u00eds por pa\u00eds. Podemos crear un centro de coordinaci\u00f3n internacional adaptado a su organizaci\u00f3n, formado por un gestor de proyectos y consultores biling\u00fces o incluso triling\u00fces. La ventaja de este tipo de organizaci\u00f3n: una gesti\u00f3n optimizada de sus relaciones con los medios de comunicaci\u00f3n y una mayor coherencia de sus mensajes y comunicaci\u00f3n en todos sus mercados.<\/p>\n<p>Nuestros equipos de asesores de medios de comunicaci\u00f3n trabajan con usted para definir su lenguaje, elaborar sus documentos de prensa (carpetas o comunicados de prensa, etc.), mantener relaciones privilegiadas con todos los medios de comunicaci\u00f3n (prensa on y offline, impresa y audiovisual) y realizar un seguimiento continuo de la actualidad para detectar las oportunidades de hablar que le conciernen.<\/div>\n\t\t\t<\/div>\n\t\t\t<\/div>\n\t\t\t\t\n\t\t\t\t\n\t\t\t\t\n\t\t\t\t\n\t\t\t<\/div>\n\t\t\t\t\n\t\t\t\t\n\t\t\t<\/div>\n","protected":false},"excerpt":{"rendered":"<p>Las relaciones con los medios de comunicaci\u00f3n son la clave de su estrategia de influencia, sean cuales sean sus objetivos de comunicaci\u00f3n en t\u00e9rminos de notoriedad o reputaci\u00f3n on y offline<\/p>\n","protected":false},"author":1,"featured_media":0,"parent":0,"menu_order":0,"comment_status":"closed","ping_status":"closed","template":"","meta":{"_acf_changed":false,"content-type":"","_et_pb_use_builder":"off","_et_pb_old_content":"","_et_gb_content_width":"","footnotes":""},"class_list":["post-23023","page","type-page","status-publish","hentry"],"acf":[],"aioseo_notices":[],"_links":{"self":[{"href":"https:\/\/open2europe.com\/es\/wp-json\/wp\/v2\/pages\/23023","targetHints":{"allow":["GET"]}}],"collection":[{"href":"https:\/\/open2europe.com\/es\/wp-json\/wp\/v2\/pages"}],"about":[{"href":"https:\/\/open2europe.com\/es\/wp-json\/wp\/v2\/types\/page"}],"author":[{"embeddable":true,"href":"https:\/\/open2europe.com\/es\/wp-json\/wp\/v2\/users\/1"}],"replies":[{"embeddable":true,"href":"https:\/\/open2europe.com\/es\/wp-json\/wp\/v2\/comments?post=23023"}],"version-history":[{"count":2,"href":"https:\/\/open2europe.com\/es\/wp-json\/wp\/v2\/pages\/23023\/revisions"}],"predecessor-version":[{"id":23025,"href":"https:\/\/open2europe.com\/es\/wp-json\/wp\/v2\/pages\/23023\/revisions\/23025"}],"wp:attachment":[{"href":"https:\/\/open2europe.com\/es\/wp-json\/wp\/v2\/media?parent=23023"}],"curies":[{"name":"wp","href":"https:\/\/api.w.org\/{rel}","templated":true}]}}