{"id":23029,"date":"2021-12-09T17:02:14","date_gmt":"2021-12-09T16:02:14","guid":{"rendered":"https:\/\/open2europe.com\/resumen-de-la-agencia\/"},"modified":"2025-07-30T15:39:00","modified_gmt":"2025-07-30T13:39:00","slug":"resumen-de-la-agencia","status":"publish","type":"page","link":"https:\/\/open2europe.com\/es\/resumen-de-la-agencia\/","title":{"rendered":"Grupo Open2Europe"},"content":{"rendered":"\n<p><strong>Open2Europe es una agencia europea especializada en consultor\u00eda de comunicaci\u00f3n global que pone sus conocimientos al servicio de las marcas para crear preferencia: relaciones con medios, digital y redes sociales, marketing de influencers, creaci\u00f3n de soportes y contenidos, etc.<\/strong><\/p>\n\n<p><a href=\"https:\/\/open2europe.com\/es\/\" title=\"Open2Europe\">Open2Europe<\/a> es la \u00fanica agencia independiente de comunicaci\u00f3n en el mercado franc\u00e9s capaz de acompa\u00f1ar a sus clientes en Francia pero tambi\u00e9n en toda Europa, sea cual sea el idioma, gracias a sus equipos multiculturales (con base en Par\u00eds). El grupo tambi\u00e9n est\u00e1 presente internacionalmente a trav\u00e9s de sus filiales <a href=\"https:\/\/open2america.com\/\" target=\"_blank\" rel=\"noreferrer noopener\">Open2America<\/a> y <a href=\"https:\/\/open2china.com\/\" target=\"_blank\" rel=\"noreferrer noopener\">Open2China<\/a>.<\/p>\n\n<p>Desde el asesoramiento hasta la ejecuci\u00f3n, el Grupo cubre todas las necesidades y desaf\u00edos de comunicaci\u00f3n de las empresas, ya se trate de notoriedad, imagen, influencia, gesti\u00f3n de crisis, RSE, marca empleadora, etc., gracias a sus s\u00f3lidas y complementarias \u00e1reas de expertise: relaciones con la prensa y p\u00fablicas, digital y redes sociales, marketing de influencia, creaci\u00f3n de contenidos y soportes, entre otros.<\/p>\n\n<p>Open2Europe acompa\u00f1a tanto a startups como a multinacionales, independientemente del sector: moda, belleza, decoraci\u00f3n, lifestyle, alimentaci\u00f3n, retail, turismo, salud, tecnolog\u00eda, energ\u00eda, desarrollo sostenible, transporte, automoci\u00f3n, industria, etc., tanto en B2B como en B2C.<\/p>\n","protected":false},"excerpt":{"rendered":"<p>Open2Europe, agence europ\u00e9enne de communication globale, accompagne les marques pour cr\u00e9er la pr\u00e9f\u00e9rence gr\u00e2ce \u00e0 des strat\u00e9gies sur-mesure.<\/p>\n","protected":false},"author":1,"featured_media":0,"parent":0,"menu_order":0,"comment_status":"closed","ping_status":"closed","template":"","meta":{"_acf_changed":false,"content-type":"","footnotes":""},"class_list":["post-23029","page","type-page","status-publish","hentry"],"acf":[],"aioseo_notices":[],"_links":{"self":[{"href":"https:\/\/open2europe.com\/es\/wp-json\/wp\/v2\/pages\/23029","targetHints":{"allow":["GET"]}}],"collection":[{"href":"https:\/\/open2europe.com\/es\/wp-json\/wp\/v2\/pages"}],"about":[{"href":"https:\/\/open2europe.com\/es\/wp-json\/wp\/v2\/types\/page"}],"author":[{"embeddable":true,"href":"https:\/\/open2europe.com\/es\/wp-json\/wp\/v2\/users\/1"}],"replies":[{"embeddable":true,"href":"https:\/\/open2europe.com\/es\/wp-json\/wp\/v2\/comments?post=23029"}],"version-history":[{"count":10,"href":"https:\/\/open2europe.com\/es\/wp-json\/wp\/v2\/pages\/23029\/revisions"}],"predecessor-version":[{"id":31194,"href":"https:\/\/open2europe.com\/es\/wp-json\/wp\/v2\/pages\/23029\/revisions\/31194"}],"wp:attachment":[{"href":"https:\/\/open2europe.com\/es\/wp-json\/wp\/v2\/media?parent=23029"}],"curies":[{"name":"wp","href":"https:\/\/api.w.org\/{rel}","templated":true}]}}