{"id":23135,"date":"2021-12-09T17:43:03","date_gmt":"2021-12-09T16:43:03","guid":{"rendered":"https:\/\/open2europe.com\/practicas\/"},"modified":"2026-02-04T13:52:00","modified_gmt":"2026-02-04T12:52:00","slug":"practicas","status":"publish","type":"page","link":"https:\/\/open2europe.com\/es\/practicas\/","title":{"rendered":"Pr\u00e1cticas"},"content":{"rendered":"\n<p>Bienvenidos al \u00e1rea de reclutamiento de <a href=\"https:\/\/open2europe.com\/es\/\" title=\"Open2Europe\">Open2Europe<\/a><\/p>\n\n\n\n<p><\/p>\n\n\n\n<p>Cada a\u00f1o, estudiantes de Europa se unen a nuestros equipos franceses e internacionales para realizar pr\u00e1cticas y consolidar sus conocimientos e iniciar su carrera profesional con una experiencia enriquecedora. Ofrecemos pr\u00e1cticas de 3 a 6 meses durante todo el a\u00f1o.<\/p>\n\n\n\n<h4 class=\"wp-block-heading\">Vacantes actuales:<\/h4>\n\n\n\n<ul class=\"wp-block-list\">\n<li>CDI: Responsable de prensa superior\/confirmaci\u00f3n de la TI B2B<\/li>\n\n\n\n<li>CDI: Responsable de prensa\/confirmado de TI B2C<\/li>\n\n\n\n<li>CDI: Responsable de prensa para B\u00e9lgica<\/li>\n\n\n\n<li>Pr\u00e1cticas: Dise\u00f1o gr\u00e1fico<\/li>\n\n\n\n<li>Asistente de prensa en pr\u00e1cticas (H\/M)<\/li>\n\n\n\n<li>Pr\u00e1cticas de asistente de ventas y marketing (H\/M)<\/li>\n\n\n\n<li>Responsable de prensa junior o senior para Espa\u00f1a\/Portugal<\/li>\n\n\n\n<li>Consultor de medios de comunicaci\u00f3n \/ Senior \/ Turismo y Transporte<\/li>\n\n\n\n<li>Jefe de prensa Lifestyle<\/li>\n\n\n\n<li>Asistente de Community Manager<\/li>\n<\/ul>\n\n\n\n<h4 class=\"wp-block-heading\">\u00a1\u00danase a nosotros!<\/h4>\n\n\n\n<p>Env\u00ede su CV y su carta de presentaci\u00f3n a:&nbsp;<a href=\"mailto:oceane@open2europe.com\">oceane@open2europe.com<\/a><\/p>\n","protected":false},"excerpt":{"rendered":"<p>Bienvenidos al \u00e1rea de reclutamiento de Open2Europe<\/p>\n","protected":false},"author":1,"featured_media":0,"parent":0,"menu_order":0,"comment_status":"closed","ping_status":"closed","template":"","meta":{"_acf_changed":false,"content-type":"","footnotes":""},"class_list":["post-23135","page","type-page","status-publish","hentry"],"acf":[],"aioseo_notices":[],"_links":{"self":[{"href":"https:\/\/open2europe.com\/es\/wp-json\/wp\/v2\/pages\/23135","targetHints":{"allow":["GET"]}}],"collection":[{"href":"https:\/\/open2europe.com\/es\/wp-json\/wp\/v2\/pages"}],"about":[{"href":"https:\/\/open2europe.com\/es\/wp-json\/wp\/v2\/types\/page"}],"author":[{"embeddable":true,"href":"https:\/\/open2europe.com\/es\/wp-json\/wp\/v2\/users\/1"}],"replies":[{"embeddable":true,"href":"https:\/\/open2europe.com\/es\/wp-json\/wp\/v2\/comments?post=23135"}],"version-history":[{"count":12,"href":"https:\/\/open2europe.com\/es\/wp-json\/wp\/v2\/pages\/23135\/revisions"}],"predecessor-version":[{"id":31624,"href":"https:\/\/open2europe.com\/es\/wp-json\/wp\/v2\/pages\/23135\/revisions\/31624"}],"wp:attachment":[{"href":"https:\/\/open2europe.com\/es\/wp-json\/wp\/v2\/media?parent=23135"}],"curies":[{"name":"wp","href":"https:\/\/api.w.org\/{rel}","templated":true}]}}