{"id":23502,"date":"2021-12-16T10:08:05","date_gmt":"2021-12-16T09:08:05","guid":{"rendered":"https:\/\/open2europe.com\/agencia-de-relaciones-con-los-medios-2-0\/"},"modified":"2021-12-16T10:08:07","modified_gmt":"2021-12-16T09:08:07","slug":"agencia-de-relaciones-con-los-medios-2-0","status":"publish","type":"page","link":"https:\/\/open2europe.com\/es\/agencia-de-relaciones-con-los-medios-2-0\/","title":{"rendered":"Agencia de Relaciones con los Medios 2.0"},"content":{"rendered":"<div class=\"et_d4_element et_pb_section et_pb_section_0  et_pb_css_mix_blend_mode et_section_regular et_block_section\" >\n\t\t\t\t\n\t\t\t\t\n\t\t\t\t\n\t\t\t\t\n\t\t\t\t\n\t\t\t\t\n\t\t\t\t<div class=\"et_d4_element et_pb_row et_pb_row_0  et_pb_css_mix_blend_mode et_block_row\">\n\t\t\t\t<div class=\"et_d4_element et_pb_column_4_4 et_pb_column et_pb_column_0  et_pb_css_mix_blend_mode et-last-child et_block_column\">\n\t\t\t\t\n\t\t\t\t\n\t\t\t\t\n\t\t\t\t\n\t\t\t\t<div class=\"et_pb_module et_d4_element et_pb_text et_pb_text_0  et_pb_text_align_left et_pb_bg_layout_light\">\n\t\t\t\t\n\t\t\t\t\n\t\t\t\t\n\t\t\t\t\n\t\t\t\t<div class=\"et_pb_text_inner\">En la era de la web social y de la tecnolog\u00eda digital, las relaciones con la prensa adquieren una nueva dimensi\u00f3n, cada vez son m\u00e1s digitales y est\u00e1n m\u00e1s involucrados en las redes sociales Actualmente, se habla m\u00e1s de e-PR o de relaciones con la prensa digital e incluso de relaciones con los influencers.<\/p>\n<p>Dans le cadre des relations presse digitales, l\u2019objectif demeure le m\u00eame, \u00e0 savoir cr\u00e9er, d\u00e9velopper et entretenir les relations entre une marque et ses diff\u00e9rents publics. Lo que cambia fundamentalmente son los contenidos, canales, medios de distribuci\u00f3n y m\u00e9todos de comunicaci\u00f3n.<\/p>\n<p>Nuestros equipos, expertos en el \u00e1mbito digital, sabr\u00e1n acompa\u00f1arlos en la definici\u00f3n y puesta en marcha operativa de su estrategia de influencia digital, producci\u00f3n de un contenido adaptado y optimizado de SEO, realizaci\u00f3n de diferentes tipos de comunicaciones apropiados a la web (notas de prensa 2.0, videos, infograf\u00edas, etc.), la gesti\u00f3n de sus relaciones con los blogueros o Youtubers, gesti\u00f3n de su espacio de prensa en l\u00ednea y desarrollo de su blog para impulsar su referenciaci\u00f3n natural.<\/div>\n\t\t\t<\/div>\n\t\t\t<\/div>\n\t\t\t\t\n\t\t\t\t\n\t\t\t\t\n\t\t\t\t\n\t\t\t<\/div>\n\t\t\t\t\n\t\t\t\t\n\t\t\t<\/div>\n","protected":false},"excerpt":{"rendered":"<p>Nuestros equipos, expertos en el \u00e1mbito editorial, sabr\u00e1n acompa\u00f1arles en la definici\u00f3n e implementaci\u00f3n de su estrategia de influencia digital, producci\u00f3n de contenidos adaptados y optimizados para el SEO, producci\u00f3n de medios de comunicaci\u00f3n web dedicados (notas de prensa 2.0, v\u00eddeos, infograf\u00edas, etc.), gesti\u00f3n de sus relaciones con blogueros y Youtubers, en la gesti\u00f3n de su espacio de prensa en l\u00ednea y el desarrollo de su blog para impulsar su referenciaci\u00f3n natural.<\/p>\n","protected":false},"author":1,"featured_media":0,"parent":0,"menu_order":0,"comment_status":"closed","ping_status":"closed","template":"","meta":{"_acf_changed":false,"content-type":"","_et_pb_use_builder":"off","_et_pb_old_content":"","_et_gb_content_width":"","footnotes":""},"class_list":["post-23502","page","type-page","status-publish","hentry"],"acf":[],"aioseo_notices":[],"_links":{"self":[{"href":"https:\/\/open2europe.com\/es\/wp-json\/wp\/v2\/pages\/23502","targetHints":{"allow":["GET"]}}],"collection":[{"href":"https:\/\/open2europe.com\/es\/wp-json\/wp\/v2\/pages"}],"about":[{"href":"https:\/\/open2europe.com\/es\/wp-json\/wp\/v2\/types\/page"}],"author":[{"embeddable":true,"href":"https:\/\/open2europe.com\/es\/wp-json\/wp\/v2\/users\/1"}],"replies":[{"embeddable":true,"href":"https:\/\/open2europe.com\/es\/wp-json\/wp\/v2\/comments?post=23502"}],"version-history":[{"count":2,"href":"https:\/\/open2europe.com\/es\/wp-json\/wp\/v2\/pages\/23502\/revisions"}],"predecessor-version":[{"id":23504,"href":"https:\/\/open2europe.com\/es\/wp-json\/wp\/v2\/pages\/23502\/revisions\/23504"}],"wp:attachment":[{"href":"https:\/\/open2europe.com\/es\/wp-json\/wp\/v2\/media?parent=23502"}],"curies":[{"name":"wp","href":"https:\/\/api.w.org\/{rel}","templated":true}]}}