{"id":23512,"date":"2021-12-16T10:21:07","date_gmt":"2021-12-16T09:21:07","guid":{"rendered":"https:\/\/open2europe.com\/plataforma-de-mensajes\/"},"modified":"2021-12-16T10:21:09","modified_gmt":"2021-12-16T09:21:09","slug":"plataforma-de-mensajes","status":"publish","type":"page","link":"https:\/\/open2europe.com\/es\/plataforma-de-mensajes\/","title":{"rendered":"Plataforma de mensajes"},"content":{"rendered":"<div class=\"et_d4_element et_pb_section et_pb_section_0  et_pb_css_mix_blend_mode et_section_regular et_block_section\" >\n\t\t\t\t\n\t\t\t\t\n\t\t\t\t\n\t\t\t\t\n\t\t\t\t\n\t\t\t\t\n\t\t\t\t<div class=\"et_d4_element et_pb_row et_pb_row_0  et_pb_css_mix_blend_mode et_block_row\">\n\t\t\t\t<div class=\"et_d4_element et_pb_column_4_4 et_pb_column et_pb_column_0  et_pb_css_mix_blend_mode et-last-child et_block_column\">\n\t\t\t\t\n\t\t\t\t\n\t\t\t\t\n\t\t\t\t\n\t\t\t\t<div class=\"et_pb_module et_d4_element et_pb_text et_pb_text_0  et_pb_text_align_left et_pb_bg_layout_light\">\n\t\t\t\t\n\t\t\t\t\n\t\t\t\t\n\t\t\t\t\n\t\t\t\t<div class=\"et_pb_text_inner\">\u00a1Los mensajes que env\u00edan las empresas son importantes! Es esencial elegir las palabras correctas, una buena planificaci\u00f3n y un objetivo correcto. <\/p>\n<p>La agencia de relaciones con la prensa Open2Europe le asesorar\u00e1, guiar\u00e1 y ayudar\u00e1 a encontrar la redaccion ms pertinente en el momento adecuado para enviar sus mensajes. Nuestros equipos tambi\u00e9n pueden proponerle soluciones a medida para sus objetivos: ciertamente, no se env\u00edan los mismos mensajes a un periodista del \u00e1mbito de consumo que a uno de negocios o a un influencer. <\/div>\n\t\t\t<\/div>\n\t\t\t<\/div>\n\t\t\t\t\n\t\t\t\t\n\t\t\t\t\n\t\t\t\t\n\t\t\t<\/div>\n\t\t\t\t\n\t\t\t\t\n\t\t\t<\/div>\n","protected":false},"excerpt":{"rendered":"<p>La agencia de relaciones con la prensa Open2Europe le ayuda a crear una plataforma de mensajes relevantes y espec\u00edficos<\/p>\n","protected":false},"author":1,"featured_media":0,"parent":0,"menu_order":0,"comment_status":"closed","ping_status":"closed","template":"","meta":{"_acf_changed":false,"content-type":"","_et_pb_use_builder":"off","_et_pb_old_content":"","_et_gb_content_width":"","footnotes":""},"class_list":["post-23512","page","type-page","status-publish","hentry"],"acf":[],"aioseo_notices":[],"_links":{"self":[{"href":"https:\/\/open2europe.com\/es\/wp-json\/wp\/v2\/pages\/23512","targetHints":{"allow":["GET"]}}],"collection":[{"href":"https:\/\/open2europe.com\/es\/wp-json\/wp\/v2\/pages"}],"about":[{"href":"https:\/\/open2europe.com\/es\/wp-json\/wp\/v2\/types\/page"}],"author":[{"embeddable":true,"href":"https:\/\/open2europe.com\/es\/wp-json\/wp\/v2\/users\/1"}],"replies":[{"embeddable":true,"href":"https:\/\/open2europe.com\/es\/wp-json\/wp\/v2\/comments?post=23512"}],"version-history":[{"count":4,"href":"https:\/\/open2europe.com\/es\/wp-json\/wp\/v2\/pages\/23512\/revisions"}],"predecessor-version":[{"id":23516,"href":"https:\/\/open2europe.com\/es\/wp-json\/wp\/v2\/pages\/23512\/revisions\/23516"}],"wp:attachment":[{"href":"https:\/\/open2europe.com\/es\/wp-json\/wp\/v2\/media?parent=23512"}],"curies":[{"name":"wp","href":"https:\/\/api.w.org\/{rel}","templated":true}]}}