{"id":23520,"date":"2021-12-16T10:29:29","date_gmt":"2021-12-16T09:29:29","guid":{"rendered":"https:\/\/open2europe.com\/agencia-de-traduccion-de-contenidos-de-prensa\/"},"modified":"2021-12-16T10:29:30","modified_gmt":"2021-12-16T09:29:30","slug":"agencia-de-traduccion-de-contenidos-de-prensa","status":"publish","type":"page","link":"https:\/\/open2europe.com\/es\/agencia-de-traduccion-de-contenidos-de-prensa\/","title":{"rendered":"Agencia de Traducci\u00f3n de Contenidos de Prensa"},"content":{"rendered":"<div class=\"et_d4_element et_pb_section et_pb_section_0  et_pb_css_mix_blend_mode et_section_regular et_block_section\" >\n\t\t\t\t\n\t\t\t\t\n\t\t\t\t\n\t\t\t\t\n\t\t\t\t\n\t\t\t\t\n\t\t\t\t<div class=\"et_d4_element et_pb_row et_pb_row_0  et_pb_css_mix_blend_mode et_block_row\">\n\t\t\t\t<div class=\"et_d4_element et_pb_column_4_4 et_pb_column et_pb_column_0  et_pb_css_mix_blend_mode et-last-child et_block_column\">\n\t\t\t\t\n\t\t\t\t\n\t\t\t\t\n\t\t\t\t\n\t\t\t\t<div class=\"et_pb_module et_d4_element et_pb_text et_pb_text_0  et_pb_text_align_left et_pb_bg_layout_light\">\n\t\t\t\t\n\t\t\t\t\n\t\t\t\t\n\t\t\t\t\n\t\t\t\t<div class=\"et_pb_text_inner\">Nuestros equipos dentro de Open2Europe (m\u00e1s de 20 nacionalidades representadas) y nuestras filiales (Am\u00e9rica del Norte, Asia y \u00c1frica Occidental) nos permiten cubrir la gran mayor\u00eda de los idiomas y campos de traducci\u00f3n. Para completar nuestra oferta y ser receptivos, tambi\u00e9n contamos con una red de traductores externos especializados, evaluados y supervisados por nuestros equipos, que nos permite responder a todas las necesidades con la mayor eficacia posible.<\/p>\n<p>Open2Europe le garantiza un servicio de traducci\u00f3n profesional y de calidad, sea cual sea su sector y la naturaleza t\u00e9cnica del tema. Todas las traducciones que realizamos son revisadas sistem\u00e1ticamente en nuestra empresa por un consultor de medios de comunicaci\u00f3n que es nativo del mismo idioma que el traductor. Nuestros equipos se aseguran de que las traducciones sean pertinentes y coherentes con el tono y el estilo de los documentos originales.<\/p>\n<p>Trabajamos con empresas de todos los tama\u00f1os: desde empresas emergentes con peque\u00f1os presupuestos hasta multinacionales con m\u00faltiples y variadas necesidades de traducci\u00f3n.<\/div>\n\t\t\t<\/div>\n\t\t\t<\/div>\n\t\t\t\t\n\t\t\t\t\n\t\t\t\t\n\t\t\t\t\n\t\t\t<\/div>\n\t\t\t\t\n\t\t\t\t\n\t\t\t<\/div>\n","protected":false},"excerpt":{"rendered":"<p>Open2Europe tambi\u00e9n ofrece un servicio de traducci\u00f3n \u00fanico para sus contenidos de prensa, marketing o web<\/p>\n","protected":false},"author":1,"featured_media":0,"parent":0,"menu_order":0,"comment_status":"closed","ping_status":"closed","template":"","meta":{"_acf_changed":false,"content-type":"","_et_pb_use_builder":"off","_et_pb_old_content":"","_et_gb_content_width":"","footnotes":""},"class_list":["post-23520","page","type-page","status-publish","hentry"],"acf":[],"aioseo_notices":[],"_links":{"self":[{"href":"https:\/\/open2europe.com\/es\/wp-json\/wp\/v2\/pages\/23520","targetHints":{"allow":["GET"]}}],"collection":[{"href":"https:\/\/open2europe.com\/es\/wp-json\/wp\/v2\/pages"}],"about":[{"href":"https:\/\/open2europe.com\/es\/wp-json\/wp\/v2\/types\/page"}],"author":[{"embeddable":true,"href":"https:\/\/open2europe.com\/es\/wp-json\/wp\/v2\/users\/1"}],"replies":[{"embeddable":true,"href":"https:\/\/open2europe.com\/es\/wp-json\/wp\/v2\/comments?post=23520"}],"version-history":[{"count":2,"href":"https:\/\/open2europe.com\/es\/wp-json\/wp\/v2\/pages\/23520\/revisions"}],"predecessor-version":[{"id":23522,"href":"https:\/\/open2europe.com\/es\/wp-json\/wp\/v2\/pages\/23520\/revisions\/23522"}],"wp:attachment":[{"href":"https:\/\/open2europe.com\/es\/wp-json\/wp\/v2\/media?parent=23520"}],"curies":[{"name":"wp","href":"https:\/\/api.w.org\/{rel}","templated":true}]}}