{"id":23529,"date":"2021-12-16T10:43:56","date_gmt":"2021-12-16T09:43:56","guid":{"rendered":"https:\/\/open2europe.com\/agencia-de-e-reputation-en-paris\/"},"modified":"2026-02-04T13:52:01","modified_gmt":"2026-02-04T12:52:01","slug":"agencia-de-e-reputation-en-paris","status":"publish","type":"page","link":"https:\/\/open2europe.com\/es\/agencia-de-relaciones-con-la-prensa-en-francia\/agencia-de-e-reputation-en-paris\/","title":{"rendered":"Agencia de E-reputation en Par\u00eds"},"content":{"rendered":"<div class=\"et_pb_section_0 et_pb_section et_section_regular et_block_section\"><div class=\"et_pb_row_0 et_pb_row et_block_row\"><div class=\"et_pb_column_0 et_pb_column et_pb_column_4_4 et-last-child et_block_column et_pb_css_mix_blend_mode_passthrough\"><div class=\"et_pb_text_0 et_pb_text et_pb_bg_layout_light et_pb_module et_block_module\"><div class=\"et_pb_text_inner\"><p><strong>Controlar su reputaci\u00f3n electr\u00f3nica con una presencia en l\u00ednea<\/strong><\/p>\n<p>El savoir-faire operativo y de marketing web de Open2Digital implica una animaci\u00f3n perfectamente medida y de un seguimiento perfecto de contenidos. Esto nos permite moderar din\u00e1micamente las reacciones de los seguidores y basarse en los temas recientes para asegurar una presencia de valor a\u00f1adido al tiempo que se controla nuestra propia reputaci\u00f3n electr\u00f3nica.<\/p>\n<p><strong>Nuestro oficio: seguir su campa\u00f1a digital<\/strong><\/p>\n<p>Todas las campa\u00f1as son gestionadas por un equipo de dos, un Community Manager y un especialista en estrategia de medios de comunicaci\u00f3n, y le proporcionamos un informe de actividad semanal y mensual (S.M.A.R.T: Social Media Activity Report Tracking).<\/p>\n<p><strong>Un servicio internacional<\/strong><\/p>\n<p>Como agencia de marketing web de Open2Europe, <a href=\"https:\/\/open2digital.com\/\" target=\"_blank\" rel=\"noopener noreferrer\">Open2Digital<\/a>se beneficia de la pr\u00e1ctica de los consultores de comunicaci\u00f3n con una amplia experiencia en el \u00e1mbito europeo. La gesti\u00f3n de campa\u00f1as de comunicaci\u00f3n en varios pa\u00edses siendo LA especialidad espec\u00edfica de la agencia Open2Europe y de sus filiales. El grupo tambi\u00e9n est\u00e1 presente en Asia, Am\u00e9rica y \u00c1frica.<\/p>\n<\/div><\/div><\/div><\/div><\/div>","protected":false},"excerpt":{"rendered":"<p>Una estrategia de contenidos y de focalizaci\u00f3n permite asegurar una presencia e influencia en l\u00ednea e intercambiar con una comunidad sobre temas de nicho para posicionarse como experto.<\/p>\n","protected":false},"author":1,"featured_media":0,"parent":22770,"menu_order":0,"comment_status":"closed","ping_status":"closed","template":"","meta":{"_acf_changed":false,"content-type":"","footnotes":""},"class_list":["post-23529","page","type-page","status-publish","hentry"],"acf":[],"aioseo_notices":[],"_links":{"self":[{"href":"https:\/\/open2europe.com\/es\/wp-json\/wp\/v2\/pages\/23529","targetHints":{"allow":["GET"]}}],"collection":[{"href":"https:\/\/open2europe.com\/es\/wp-json\/wp\/v2\/pages"}],"about":[{"href":"https:\/\/open2europe.com\/es\/wp-json\/wp\/v2\/types\/page"}],"author":[{"embeddable":true,"href":"https:\/\/open2europe.com\/es\/wp-json\/wp\/v2\/users\/1"}],"replies":[{"embeddable":true,"href":"https:\/\/open2europe.com\/es\/wp-json\/wp\/v2\/comments?post=23529"}],"version-history":[{"count":5,"href":"https:\/\/open2europe.com\/es\/wp-json\/wp\/v2\/pages\/23529\/revisions"}],"predecessor-version":[{"id":31626,"href":"https:\/\/open2europe.com\/es\/wp-json\/wp\/v2\/pages\/23529\/revisions\/31626"}],"up":[{"embeddable":true,"href":"https:\/\/open2europe.com\/es\/wp-json\/wp\/v2\/pages\/22770"}],"wp:attachment":[{"href":"https:\/\/open2europe.com\/es\/wp-json\/wp\/v2\/media?parent=23529"}],"curies":[{"name":"wp","href":"https:\/\/api.w.org\/{rel}","templated":true}]}}