{"id":23541,"date":"2021-12-16T10:52:23","date_gmt":"2021-12-16T09:52:23","guid":{"rendered":"https:\/\/open2europe.com\/agencia-seo-search-engine-optimization\/"},"modified":"2021-12-16T14:40:02","modified_gmt":"2021-12-16T13:40:02","slug":"agencia-seo-search-engine-optimization","status":"publish","type":"page","link":"https:\/\/open2europe.com\/es\/agencia-sem-search-engine-marketing\/agencia-seo-search-engine-optimization\/","title":{"rendered":"Agencia SEO: Search Engine Optimization"},"content":{"rendered":"<div class=\"et_d4_element et_pb_section et_pb_section_0  et_pb_css_mix_blend_mode et_section_regular et_block_section\" >\n\t\t\t\t\n\t\t\t\t\n\t\t\t\t\n\t\t\t\t\n\t\t\t\t\n\t\t\t\t\n\t\t\t\t<div class=\"et_d4_element et_pb_row et_pb_row_0  et_pb_css_mix_blend_mode et_block_row\">\n\t\t\t\t<div class=\"et_d4_element et_pb_column_4_4 et_pb_column et_pb_column_0  et_pb_css_mix_blend_mode et-last-child et_block_column\">\n\t\t\t\t\n\t\t\t\t\n\t\t\t\t\n\t\t\t\t\n\t\t\t\t<div class=\"et_pb_module et_d4_element et_pb_text et_pb_text_0  et_pb_text_align_left et_pb_bg_layout_light\">\n\t\t\t\t\n\t\t\t\t\n\t\t\t\t\n\t\t\t\t\n\t\t\t\t<div class=\"et_pb_text_inner\"><p>La puesta en marcha de una estrategia como esta implica:<\/p>\n<ul>\n<li>Definici\u00f3n de las principales expresiones clave relacionadas con su sector o sus necesitades (bajo forma de palabras clave de alta competencia o de cola larga).<\/li>\n<li>Optimizaci\u00f3n \u201con page\u201d de su p\u00e1gina web, que se consigue optimizando las distintas etiquetas del c\u00f3digo fuente (HTML), pero tambi\u00e9n la jerarqu\u00eda de sus p\u00e1ginas y su contenido (estructura de \u00e1rbol y organizaci\u00f3n de contenido)<\/li>\n<li>El lanzamiento de una campa\u00f1a de enlaces externos (netlinking) que aporte \u201clink juice\u201d a su sitio web y mejore su reputaci\u00f3n en los motores de b\u00fasqueda.<\/li>\n<\/ul><\/div>\n\t\t\t<\/div>\n\t\t\t<\/div>\n\t\t\t\t\n\t\t\t\t\n\t\t\t\t\n\t\t\t\t\n\t\t\t<\/div>\n\t\t\t\t\n\t\t\t\t\n\t\t\t<\/div>\n","protected":false},"excerpt":{"rendered":"<p>Para ayudarle a aumentar el tr\u00e1fico de su p\u00e1gina web de forma natural y sin utilizar la palanca de la publicidad online, nuestros expertos en SEO le aconsejar\u00e1n y le ayudar\u00e1n en la definici\u00f3n de una estrategia de referenciaci\u00f3n natural adaptada a sus necesidades<\/p>\n","protected":false},"author":1,"featured_media":0,"parent":23547,"menu_order":0,"comment_status":"closed","ping_status":"closed","template":"","meta":{"_acf_changed":false,"content-type":"","_et_pb_use_builder":"off","_et_pb_old_content":"","_et_gb_content_width":"","footnotes":""},"class_list":["post-23541","page","type-page","status-publish","hentry"],"acf":[],"aioseo_notices":[],"_links":{"self":[{"href":"https:\/\/open2europe.com\/es\/wp-json\/wp\/v2\/pages\/23541","targetHints":{"allow":["GET"]}}],"collection":[{"href":"https:\/\/open2europe.com\/es\/wp-json\/wp\/v2\/pages"}],"about":[{"href":"https:\/\/open2europe.com\/es\/wp-json\/wp\/v2\/types\/page"}],"author":[{"embeddable":true,"href":"https:\/\/open2europe.com\/es\/wp-json\/wp\/v2\/users\/1"}],"replies":[{"embeddable":true,"href":"https:\/\/open2europe.com\/es\/wp-json\/wp\/v2\/comments?post=23541"}],"version-history":[{"count":5,"href":"https:\/\/open2europe.com\/es\/wp-json\/wp\/v2\/pages\/23541\/revisions"}],"predecessor-version":[{"id":23585,"href":"https:\/\/open2europe.com\/es\/wp-json\/wp\/v2\/pages\/23541\/revisions\/23585"}],"up":[{"embeddable":true,"href":"https:\/\/open2europe.com\/es\/wp-json\/wp\/v2\/pages\/23547"}],"wp:attachment":[{"href":"https:\/\/open2europe.com\/es\/wp-json\/wp\/v2\/media?parent=23541"}],"curies":[{"name":"wp","href":"https:\/\/api.w.org\/{rel}","templated":true}]}}