{"id":23547,"date":"2021-12-16T11:03:30","date_gmt":"2021-12-16T10:03:30","guid":{"rendered":"https:\/\/open2europe.com\/agencia-sem-search-engine-marketing\/"},"modified":"2026-02-04T13:52:02","modified_gmt":"2026-02-04T12:52:02","slug":"agencia-sem-search-engine-marketing","status":"publish","type":"page","link":"https:\/\/open2europe.com\/es\/agencia-sem-search-engine-marketing\/","title":{"rendered":"Agencia SEM: Search Engine Marketing"},"content":{"rendered":"<div class=\"et_pb_section_0 et_pb_section et_section_regular et_block_section\"><div class=\"et_pb_row_0 et_pb_row et_block_row\"><div class=\"et_pb_column_0 et_pb_column et_pb_column_4_4 et-last-child et_block_column et_pb_css_mix_blend_mode_passthrough\"><div class=\"et_pb_text_0 et_pb_text et_pb_bg_layout_light et_pb_module et_block_module\"><div class=\"et_pb_text_inner\"><p>El acr\u00f3nimo SEM (Search Engine Marketing) designa el conjunto de t\u00e9cnicas que permiten optimizar una marca o una empresa en los motores de b\u00fasqueda (Google, Bing, Yahoo, etc.)<\/p>\n<p>La f\u00f3rmula a retener de una buena estrategia de SEM es la siguiente: <strong>SEM= SEA+ SEO+SMO<\/strong><\/p>\n<h4>Agencia SEA (Search Engine Advertising)<\/h4>\n<p>El posicionamiento web de pago sigue siendo una parte esencial de su estrategia de marketing web. A trav\u00e9s de Google AdWords, Bing Ads, Yahoo Ads u otras redes de publicidad en buscadores, nuestro equipo digital le guiar\u00e1 y apoyar\u00e1 en la b\u00fasqueda de palabras clave relevantes, y luego en la configuraci\u00f3n de sus anuncios patrocinadores, con el fin de ayudarle a optimizar su reputaci\u00f3n y aumentar su negocio.<\/p>\n<h4>Agencia SEO (Search Engine Optimisation)<\/h4>\n<p>Tambi\u00e9n conocido como posicionamiento natural en buscadores, la estrategia de SEO consiste en atraer un tr\u00e1fico org\u00e1nico a su p\u00e1gina web. Esta parte del SEM no le cuesta dinero, pero si lleva algo de tiempo. Nuestro equipo digital se encargar\u00e1 de esta misi\u00f3n utilizando distintas t\u00e9cnicas que permitir\u00e1n que su sitio web aparezca entre los primeros resultados o p\u00e1ginas en los buscadores por palabras clave.<\/p>\n<h4>Agencia SMO (Social Media Optimization)<\/h4>\n<p>El SMO representa la optimizaci\u00f3n de la utilizaci\u00f3n de las redes sociales, dentro de una l\u00f3gica SEM. Consiste a desarrollar su visibilidad y e-reputaci\u00f3n en las redes sociales (Facebook, Instagram, Twitter, etc.) con la puesta en marcha de campa\u00f1as de publicidad que le permitir\u00e1n generar mayor tr\u00e1fico en su sitio web.<br \/>\nNuestra agencia <a href=\"https:\/\/open2digital.com\/\" target=\"_blank\" rel=\"noopener\">Open2Digital<\/a>le aconsejar\u00e1 a desarrollar una estrategia de referenciaci\u00f3n social (creaci\u00f3n de un blog y de perfiles en las redes sociales, con el fin de generar blacklinks de calidad y diversificados hacia su sitio web).<\/p>\n<\/div><\/div><\/div><\/div><\/div>","protected":false},"excerpt":{"rendered":"<p>Nuestro equipo digital le permite optimizar el posicionamiento en buscadores de su marca con una estrategia SEM eficaz <\/p>\n","protected":false},"author":1,"featured_media":0,"parent":0,"menu_order":0,"comment_status":"closed","ping_status":"closed","template":"","meta":{"_acf_changed":false,"content-type":"","footnotes":""},"class_list":["post-23547","page","type-page","status-publish","hentry"],"acf":[],"aioseo_notices":[],"_links":{"self":[{"href":"https:\/\/open2europe.com\/es\/wp-json\/wp\/v2\/pages\/23547","targetHints":{"allow":["GET"]}}],"collection":[{"href":"https:\/\/open2europe.com\/es\/wp-json\/wp\/v2\/pages"}],"about":[{"href":"https:\/\/open2europe.com\/es\/wp-json\/wp\/v2\/types\/page"}],"author":[{"embeddable":true,"href":"https:\/\/open2europe.com\/es\/wp-json\/wp\/v2\/users\/1"}],"replies":[{"embeddable":true,"href":"https:\/\/open2europe.com\/es\/wp-json\/wp\/v2\/comments?post=23547"}],"version-history":[{"count":3,"href":"https:\/\/open2europe.com\/es\/wp-json\/wp\/v2\/pages\/23547\/revisions"}],"predecessor-version":[{"id":31629,"href":"https:\/\/open2europe.com\/es\/wp-json\/wp\/v2\/pages\/23547\/revisions\/31629"}],"wp:attachment":[{"href":"https:\/\/open2europe.com\/es\/wp-json\/wp\/v2\/media?parent=23547"}],"curies":[{"name":"wp","href":"https:\/\/api.w.org\/{rel}","templated":true}]}}