{"id":31921,"date":"2026-03-04T16:10:27","date_gmt":"2026-03-04T15:10:27","guid":{"rendered":"https:\/\/open2europe.com\/nuestras-ubicaciones\/"},"modified":"2026-03-04T16:10:28","modified_gmt":"2026-03-04T15:10:28","slug":"nuestras-ubicaciones","status":"publish","type":"page","link":"https:\/\/open2europe.com\/es\/nuestras-ubicaciones\/","title":{"rendered":"Nuestras ubicaciones"},"content":{"rendered":"\n<h3 class=\"wp-block-heading\">Open2Europe acompa\u00f1a a las organizaciones en su estrategia de relaciones con la prensa y los influencers para reforzar su visibilidad en Francia, Europa e internacionalmente.<\/h3>\n\n<p><a href=\"https:\/\/open2europe.com\/es\/\" title=\"Open2Europe\">Open2Europe<\/a> es una agencia europea de relaciones con la prensa que ofrece servicios de consultor\u00eda de comunicaci\u00f3n global y utiliza su experiencia con el fin de ayudar a las marcas a crear preferencia.<\/p>\n\n<h3 class=\"wp-block-heading\">Relaciones con la prensa en Francia y Europa<\/h3>\n\n<p>La agencia de relaciones con la prensa Open2Europe, con sede en Par\u00eds, le ayuda a definir sus mensajes y a implementar una estrategia de comunicaci\u00f3n y relaciones con la prensa adecuada y relevante para desarrollar su notoriedad, imponer su liderazgo y aumentar su visibilidad en los medios y ante sus p\u00fablicos objetivos. en Francia pero tambi\u00e9n en Europa. Nuestros consultores de relaciones p\u00fablicas aplican su experiencia a su marca de forma creativa, receptiva y proactiva para crear confianza y responder a sus retos y objetivos. <\/p>\n\n<h3 class=\"wp-block-heading\">Comunicaci\u00f3n digital<\/h3>\n\n<p>Las redes sociales (LinkedIn, Facebook, Instagram, Twitter, TikTok, etc.) son ahora cruciales para la imagen de su marca y deben ocupar un lugar central en su estrategia de comunicaci\u00f3n. A trav\u00e9s de nuestra filial <a href=\"https:\/\/open2digital.com\/es\/\" title=\"Open2Digital\">Open2Digital<\/a>, ubicada en Par\u00eds, nuestros consultores en redes sociales le acompa\u00f1an en la implementaci\u00f3n de una estrategia impactante en redes sociales para generar engagement con sus comunidades a trav\u00e9s de las redes sociales de su marca y de sus l\u00edderes.<\/p>\n\n<h3 class=\"wp-block-heading\">Influencia de las redes sociales<\/h3>\n\n<p>Los influencers se benefician de una gran visibilidad y de una red amplia y espec\u00edfica, y marcan tendencias. Por lo tanto, deben incluirse en cualquier estrategia de comunicaci\u00f3n para impulsar la visibilidad de la marca y generar clientes potenciales. A trav\u00e9s de nuestra filial Open2influence, nuestros consultores pueden ayudarte a implementar una potente estrategia de marketing de influencers -propios, pagados y ganados- para que impulsen la notoriedad de marca y el negocio.<\/p>\n\n<h3 class=\"wp-block-heading\">Creaci\u00f3n de contenidos<\/h3>\n\n<p>Para ser plenamente comprensibles, el ADN y la narrativa de su marca deben basarse en contenidos de alto valor a\u00f1adido. El contenido es el punto de partida de cualquier estrategia de comunicaci\u00f3n y relaciones con la prensa, en todos los canales, a fin de garantizar el env\u00edo de los mensajes adecuados a las personas adecuadas en el momento oportuno. Nuestros consultores de relaciones p\u00fablicas y contenidos le ayudar\u00e1n a identificar sus objetivos, analizar las tendencias de su mercado y construir su discurso, en los formatos m\u00e1s adecuados.  <\/p>\n\n<h3 class=\"wp-block-heading\">Comunicaci\u00f3n de crisis<\/h3>\n\n<p>En ocasiones podemos predecir una crisis, pero desgraciadamente no siempre es posible. Por eso es esencial ser capaz de reaccionar con rapidez y decisi\u00f3n en caso de tormenta medi\u00e1tica: las primeras horas son cruciales para dar a conocer su versi\u00f3n de la historia. Nuestro equipo de expertos en relaciones con la prensa, comunicaci\u00f3n digital y comunicaci\u00f3n de crisis le preparar\u00e1 y apoyar\u00e1 antes, durante y despu\u00e9s para ayudarle a adoptar la postura adecuada y transmitir el mensaje correcto.  <\/p>\n\n<h3 class=\"wp-block-heading\">La escucha social<\/h3>\n\n<p>Cada vez es m\u00e1s probable que los clientes expresen su opini\u00f3n sobre una empresa a trav\u00e9s de Internet y las redes sociales. El impacto de estos intercambios en la imagen y la reputaci\u00f3n de una marca es bien conocido. Aplicando una estrategia de escucha social, podr\u00e1 estar al tanto de todo lo que se dice de usted. Nuestros consultores expertos en escucha social le ayudar\u00e1n a desplegar las soluciones adecuadas para mejorar la reputaci\u00f3n electr\u00f3nica de su marca y responder al mismo tiempo a las expectativas de sus clientes y objetivos.   <\/p>\n\n<h3 class=\"wp-block-heading\">Comunicaci\u00f3n ESG<\/h3>\n\n<p>La transici\u00f3n hacia el Net Zero es un reto clave para todas las empresas. Comunicar acerca de sus iniciativas es una gran oportunidad para mejorar su imagen y aumentar su atractivo. Pero \u00a1cuidado con el Greenwashing! Las relaciones con la prensa o la comunicaci\u00f3n digital mal pensadas pueden resultar contraproducentes y da\u00f1ar su reputaci\u00f3n. A trav\u00e9s de nuestra filial Open2transition, nuestros consultores y expertos asociados pueden ayudarle a aportar pruebas y apoyarle a la hora de compartir sus compromisos.<\/p>\n\n<h3 class=\"wp-block-heading\">Agencia de Traducci\u00f3n<\/h3>\n\n<p>Open2Europe es una agencia europea de relaciones con la prensa ubicada en Par\u00eds. Sus equipos est\u00e1n formados por asesores de relaciones p\u00fablicas nativos -que cubren m\u00e1s de 30 pa\u00edses- para ofrecer el mejor apoyo posible a las marcas en Europa y en todo el mundo. Perfectamente triling\u00fces (franc\u00e9s, ingl\u00e9s y lengua materna), son capaces de traducir sus contenidos y adaptarlos a su cultura, mercado objetivo y expectativas locales.  <\/p>\n\n<h3 class=\"wp-block-heading\">Hub de coordinaci\u00f3n<\/h3>\n\n<p>Gracias a su ADN multicultural y a su presencia en Europa y a escala internacional, Open2Europe puede servir de enlace y gestionar sus relaciones p\u00fablicas y su comunicaci\u00f3n digital y global all\u00ed donde est\u00e9 presente su marca. En contacto permanente con sus interlocutores de todo el mundo, los consultores de nuestro centro de coordinaci\u00f3n multiling\u00fce le ayudan a desarrollar su estrategia global y supervisan diariamente su aplicaci\u00f3n. <\/p>\n\n<h3 class=\"wp-block-heading\">Formaci\u00f3n y capacitaci\u00f3n medi\u00e1tica<\/h3>\n\n<p>Open2Europe es una organizaci\u00f3n de formaci\u00f3n aprobada \u2013 Declaraci\u00f3n de aprobaci\u00f3n n\u00famero 11 92 17623 92. Nuestros talleres educativos, hechos a medida para afrontar los desaf\u00edos de su marca y sus directivos, combinan el aprendizaje te\u00f3rico y la aplicaci\u00f3n pr\u00e1ctica. Nuestros expertos en relaciones con la prensa le ayudar\u00e1n a entender c\u00f3mo funcionan los medios de comunicaci\u00f3n, a transmitir sus mensajes clave cumpliendo las expectativas de los periodistas, a gestionar los altibajos de las entrevistas en directo y a compartir sus mejores consejos para hablar en p\u00fablico con \u00e9xito.  <\/p>\n","protected":false},"excerpt":{"rendered":"<p>Open2Europe acompa\u00f1a a las organizaciones en su estrategia de relaciones con la prensa y los influencers para reforzar su visibilidad en Francia, Europa e internacionalmente. <\/p>\n","protected":false},"author":23,"featured_media":0,"parent":0,"menu_order":0,"comment_status":"closed","ping_status":"closed","template":"","meta":{"_acf_changed":false,"content-type":"","footnotes":""},"class_list":["post-31921","page","type-page","status-publish","hentry"],"acf":[],"aioseo_notices":[],"_links":{"self":[{"href":"https:\/\/open2europe.com\/es\/wp-json\/wp\/v2\/pages\/31921","targetHints":{"allow":["GET"]}}],"collection":[{"href":"https:\/\/open2europe.com\/es\/wp-json\/wp\/v2\/pages"}],"about":[{"href":"https:\/\/open2europe.com\/es\/wp-json\/wp\/v2\/types\/page"}],"author":[{"embeddable":true,"href":"https:\/\/open2europe.com\/es\/wp-json\/wp\/v2\/users\/23"}],"replies":[{"embeddable":true,"href":"https:\/\/open2europe.com\/es\/wp-json\/wp\/v2\/comments?post=31921"}],"version-history":[{"count":1,"href":"https:\/\/open2europe.com\/es\/wp-json\/wp\/v2\/pages\/31921\/revisions"}],"predecessor-version":[{"id":31922,"href":"https:\/\/open2europe.com\/es\/wp-json\/wp\/v2\/pages\/31921\/revisions\/31922"}],"wp:attachment":[{"href":"https:\/\/open2europe.com\/es\/wp-json\/wp\/v2\/media?parent=31921"}],"curies":[{"name":"wp","href":"https:\/\/api.w.org\/{rel}","templated":true}]}}